{"id":769,"date":"2015-10-22T11:35:28","date_gmt":"2015-10-22T11:35:28","guid":{"rendered":"http:\/\/www.valicon.net\/sl\/o-nas\/about-valicon\/"},"modified":"2017-08-23T07:32:39","modified_gmt":"2017-08-23T07:32:39","slug":"o-valiconu","status":"publish","type":"page","link":"https:\/\/oldwww.valicon.net\/sl\/o-nas\/o-valiconu\/","title":{"rendered":"O Valiconu"},"content":{"rendered":"<p><span style=\"font-weight: 400;\">Potro\u0161nike preu\u010dujemo \u017ee ve\u010d kot dvajset let. O potro\u0161nikih vemo vse kar je mo\u017eno vedeti: poznamo njihove profile, vedenje, vrednote, refleksije, na\u010din \u017eivljenja in razmi\u0161ljanja. Potro\u0161nika poznamo v njihovem bistvu. <\/span><\/p>\n<p><span style=\"font-weight: 400;\">Potro\u0161niki nam zaupajo celo najbolj osebne podatke, saj spo\u0161tujemo njihove pravice in zasebnost. Smo \u010dlani ESOMAR zdru\u017eenja in se ravnamo po njihovem kodeksu \u017ee od na\u0161ih za\u010detkov. <\/span><\/p>\n<p><span style=\"font-weight: 400;\">Naro\u010dniki nam zaupajo zaradi na\u0161ega \u0161irokega poznavanja potro\u0161nika, neprestanih inovacij in tehnolo\u0161kega napredka.<\/span><\/p>\n<p><span style=\"font-weight: 400;\">Na\u0161a znanje in ve\u0161\u010dine segajo v razli\u010dne panoge: upravljanje z znamkami, poslovno svetovanje, razvoj in inovacije, mediji, napovedovanje trendov, spletne strategije, CRM in podatkovno rudarjenje. <\/span><\/p>\n","protected":false},"excerpt":{"rendered":"<p>Potro\u0161nike preu\u010dujemo \u017ee ve\u010d kot dvajset let. O potro\u0161nikih vemo vse kar je mo\u017eno vedeti: poznamo njihove profile, vedenje, vrednote, refleksije, na\u010din \u017eivljenja in razmi\u0161ljanja. Potro\u0161nika poznamo v njihovem bistvu. Potro\u0161niki nam zaupajo celo najbolj osebne podatke, saj spo\u0161tujemo njihove pravice in zasebnost. Smo \u010dlani ESOMAR zdru\u017eenja in se ravnamo po njihovem kodeksu \u017ee od [&hellip;]<\/p>\n","protected":false},"author":1,"featured_media":0,"parent":403,"menu_order":2,"comment_status":"closed","ping_status":"closed","template":"","meta":[],"acf":[],"aioseo_notices":[],"_links":{"self":[{"href":"https:\/\/oldwww.valicon.net\/sl\/wp-json\/wp\/v2\/pages\/769\/"}],"collection":[{"href":"https:\/\/oldwww.valicon.net\/sl\/wp-json\/wp\/v2\/pages\/"}],"about":[{"href":"https:\/\/oldwww.valicon.net\/sl\/wp-json\/wp\/v2\/types\/page\/"}],"author":[{"embeddable":true,"href":"https:\/\/oldwww.valicon.net\/sl\/wp-json\/wp\/v2\/users\/1\/"}],"replies":[{"embeddable":true,"href":"https:\/\/oldwww.valicon.net\/sl\/wp-json\/wp\/v2\/comments\/?post=769"}],"version-history":[{"count":6,"href":"https:\/\/oldwww.valicon.net\/sl\/wp-json\/wp\/v2\/pages\/769\/revisions\/"}],"predecessor-version":[{"id":6433,"href":"https:\/\/oldwww.valicon.net\/sl\/wp-json\/wp\/v2\/pages\/769\/revisions\/6433\/"}],"up":[{"embeddable":true,"href":"https:\/\/oldwww.valicon.net\/sl\/wp-json\/wp\/v2\/pages\/403\/"}],"wp:attachment":[{"href":"https:\/\/oldwww.valicon.net\/sl\/wp-json\/wp\/v2\/media\/?parent=769"}],"curies":[{"name":"wp","href":"https:\/\/api.w.org\/{rel}","templated":true}]}}