{"id":753,"date":"2015-10-22T11:36:57","date_gmt":"2015-10-22T11:36:57","guid":{"rendered":"http:\/\/www.valicon.net\/sl\/o-nas\/valicon-way\/"},"modified":"2016-11-17T23:51:30","modified_gmt":"2016-11-17T23:51:30","slug":"valiconov-nacin","status":"publish","type":"page","link":"https:\/\/oldwww.valicon.net\/sl\/o-nas\/valiconov-nacin\/","title":{"rendered":"Valiconov na\u010din"},"content":{"rendered":"<p>Valicon je tr\u017eenjskosvetovalna agencija z ve\u010dletnimi izku\u0161njami na podro\u010dju marketin\u0161kih raziskav. Regionalno strategijo prilagajamo lokalnemu trgu in verjamemo v dolgotrajna partnerstva z na\u0161imi strankami. Na\u0161e napredne tehnologije nas lo\u010dijo od ostalih, na\u0161e storitve pa dodajajo vrednost poslovanju in znamkam na\u0161ih naro\u010dnikov. Kombiniramo razli\u010dne pristope, kot so tr\u017eenjske raziskave, analitika in avtomatizacija, tr\u017eenjsko svetovanje in zbiranje podatkov, z namenom, da vam priskrbimo kvalitetne in zanesljive podatke.<\/p>\n<p>Zana\u0161amo se na preverjeno strukturo, v kateri vse na\u0161e re\u0161itve sledijo ciklu dejavnosti va\u0161e znamke, produkta ali podjetja.<\/p>\n<p><strong>Preverjena struktura:<\/strong><\/p>\n<p><a href=\"http:\/\/www.valicon.net\/wp-content\/uploads\/2015\/10\/Valicon_WAY_sept2016_SLO-1.png\" data-rel=\"lightbox-image-0\" data-rl_title=\"\" data-rl_caption=\"\" title=\"\"><img loading=\"lazy\" class=\"aligncenter wp-image-3303\" src=\"http:\/\/www.valicon.net\/wp-content\/uploads\/2015\/10\/Valicon_WAY_sept2016_SLO-1.png\" alt=\"valicon_way_sept2016_slo-1\" width=\"600\" height=\"338\" srcset=\"https:\/\/oldwww.valicon.net\/wp-content\/uploads\/2015\/10\/Valicon_WAY_sept2016_SLO-1.png 3000w, https:\/\/oldwww.valicon.net\/wp-content\/uploads\/2015\/10\/Valicon_WAY_sept2016_SLO-1-300x169.png 300w, https:\/\/oldwww.valicon.net\/wp-content\/uploads\/2015\/10\/Valicon_WAY_sept2016_SLO-1-768x432.png 768w, https:\/\/oldwww.valicon.net\/wp-content\/uploads\/2015\/10\/Valicon_WAY_sept2016_SLO-1-1024x577.png 1024w\" sizes=\"(max-width: 600px) 100vw, 600px\" \/><\/a><\/p>\n<p>&nbsp;<\/p>\n<h2>Vpogled (trg, kategorija in potro\u0161nik)<\/h2>\n<p>Bolj\u0161e razumevanje trga prina\u0161a konkuren\u010dno prednost v katerokoli panogo.<br \/>\nZa\u010dnemo s spoznavanjem trga s pomo\u010djo razpolo\u017eljivih podatkov in virov informacij, razumevanjem vedenja potro\u0161nika in dolo\u010danja pozicije konkurence.<br \/>\nVsak vpogled nam da unikaten pregled, ki je najve\u010dkrat prilagojen in ni direktno uporaben pri drugih trgih, industrijah, kategorijah in skupinah potro\u0161nikov.<\/p>\n<h2>Poslovni model<\/h2>\n<p>Kanvas poslovnega modela uporabljamo kot strate\u0161ko predlogo za razvijanje novih ali dokumentiranje obstoje\u010dih poslovnih modelov. Gre za vizualno tabelo, ki opisuje ponujeno vrednost produkta ali podjetja, infrastrukturo, kupce in finance. Podjetjem pomaga pri usklajevanju njihovih aktivnosti z ilustracijo potencialnih oportunitetnih stro\u0161kov.<\/p>\n<h2>Strate\u0161ka segmentacija<\/h2>\n<p>Vedeti moramo, kateri segmenti ciljnih uporabnikov so pomembni in katere moramo izklju\u010diti. Oceniti moramo potencialno vrednost in mo\u010d tekmecev. \u0160ir\u0161i trg razdelimo na ve\u010d podskupin potro\u0161nikov, podjetij ali dr\u017eav in nato implementiramo strategijo, da jih lahko u\u010dinkovito ciljamo.<\/p>\n<h2>Razvijanje konceptov in pozicioniranje<\/h2>\n<p>Za razvoj znamke\/produkta\/storitev je potrebno razumevanje segmentov in njihovih vrednosti. S specializiranimi pristopi in tehnikami lahko natan\u010dno oblikujemo na\u0161e znamke ali produkte in jih pribli\u017eamo ciljnim potro\u0161nikom ter dose\u017eemo premo\u010d na trgu. Za optimizacijo razvojnega cikla uporabljamo razli\u010dne vrste raziskav, povezane z razvojem, testiranjem konceptov in znam\u010denjem.<\/p>\n<h2>Optimizacija tr\u017eenjskega spleta<\/h2>\n<p>Tr\u017eenjski splet je klju\u010den za dolo\u010danje produktov ali ponudbo znamke in je pogosto povezan z delitvijo na 4 P-je: produkt, cena, promocija in prostor. Vendar je trenutni proces odlo\u010danja ciljnih kupcev (in\/ali podjetij) postal veliko bolj kompleksen. Opredelimo dolo\u010dene to\u010dke izku\u0161enj v nakupni poti potro\u0161nika za optimizacijo potro\u0161nikove izku\u0161nje v nakupnem procesu in\/ali v upravljanju odnosov. Cilj je seveda maksimiranje ROI.<\/p>\n<h2>Real-time marketing<\/h2>\n<p>Dana\u0161nji svet je postal digitaliziran. Dostop do potro\u0161nika ni bil \u0161e nikoli bolj neposreden. Ampak hitrost je postala prednost in \u010das potro\u0161nikove pozornosti je omejen. Ponujamo na\u010din za sprotne povratne informacije in relevantne profile strank z uporabo na\u0161ih izku\u0161enj na podro\u010dju zbiranja podatkov in analitike. To omogo\u010da na\u0161im klientom, da maksimirajo prodajne prilo\u017enosti s personaliziranimi in za uporabnike zanimivimi ponudbami.<\/p>\n<h2>Upravljanje izku\u0161enj<\/h2>\n<p>Definirali smo segmente, identitete znamk, pozicioniranje znamk in postavili standarde upravljanja z izku\u0161njo. Uporabljamo klju\u010dne kazalnike uspe\u0161nosti (KPI) za merjenje in ocenjevanje u\u010dinkov relevantnih aspektov na\u0161e izvedbe.<\/p>\n<p>&nbsp;<\/p>\n","protected":false},"excerpt":{"rendered":"<p>Valicon je tr\u017eenjskosvetovalna agencija z ve\u010dletnimi izku\u0161njami na podro\u010dju marketin\u0161kih raziskav. Regionalno strategijo prilagajamo lokalnemu trgu in verjamemo v dolgotrajna partnerstva z na\u0161imi strankami. Na\u0161e napredne tehnologije nas lo\u010dijo od ostalih, na\u0161e storitve pa dodajajo vrednost poslovanju in znamkam na\u0161ih naro\u010dnikov. Kombiniramo razli\u010dne pristope, kot so tr\u017eenjske raziskave, analitika in avtomatizacija, tr\u017eenjsko svetovanje in zbiranje [&hellip;]<\/p>\n","protected":false},"author":1,"featured_media":0,"parent":403,"menu_order":25,"comment_status":"closed","ping_status":"closed","template":"","meta":[],"acf":[],"aioseo_notices":[],"_links":{"self":[{"href":"https:\/\/oldwww.valicon.net\/sl\/wp-json\/wp\/v2\/pages\/753\/"}],"collection":[{"href":"https:\/\/oldwww.valicon.net\/sl\/wp-json\/wp\/v2\/pages\/"}],"about":[{"href":"https:\/\/oldwww.valicon.net\/sl\/wp-json\/wp\/v2\/types\/page\/"}],"author":[{"embeddable":true,"href":"https:\/\/oldwww.valicon.net\/sl\/wp-json\/wp\/v2\/users\/1\/"}],"replies":[{"embeddable":true,"href":"https:\/\/oldwww.valicon.net\/sl\/wp-json\/wp\/v2\/comments\/?post=753"}],"version-history":[{"count":16,"href":"https:\/\/oldwww.valicon.net\/sl\/wp-json\/wp\/v2\/pages\/753\/revisions\/"}],"predecessor-version":[{"id":4104,"href":"https:\/\/oldwww.valicon.net\/sl\/wp-json\/wp\/v2\/pages\/753\/revisions\/4104\/"}],"up":[{"embeddable":true,"href":"https:\/\/oldwww.valicon.net\/sl\/wp-json\/wp\/v2\/pages\/403\/"}],"wp:attachment":[{"href":"https:\/\/oldwww.valicon.net\/sl\/wp-json\/wp\/v2\/media\/?parent=753"}],"curies":[{"name":"wp","href":"https:\/\/api.w.org\/{rel}","templated":true}]}}