{"id":7425,"date":"2018-09-24T15:01:59","date_gmt":"2018-09-24T15:01:59","guid":{"rendered":"http:\/\/www.valicon.net\/?page_id=7425"},"modified":"2024-09-10T08:25:46","modified_gmt":"2024-09-10T08:25:46","slug":"politika-zasebnosti","status":"publish","type":"page","link":"https:\/\/oldwww.valicon.net\/sl\/politika-zasebnosti\/","title":{"rendered":"Politika zasebnosti"},"content":{"rendered":"<p>Ta pravila o zasebnosti dolo\u010dajo, kako VALICON d.o.o. obdeluje osebne podatke. Datum uveljavitve teh pravil o zasebnosti je 26. 4. 2018.<\/p>\n<p>Pravila o zasebnosti so bila dopolnjena dne 15.10.2021.<\/p>\n<p>Ta pravila o\u00a0zasebnosti\u00a0veljajo za (i) na\u0161o spletno stran \u00a0<a href=\"https:\/\/www.valicon.net\/\">https:\/\/www.valicon.net\/<\/a>, (ii) izvedbo \u00a0organizacije VALICON dogodkov in prijave na tak\u0161ne dogodke, (iii) obve\u0161\u010danje o novostih in na\u0161i ponudbi storitev, (iv) za povpra\u0161evanja po na\u0161ih storitvah preko e-po\u0161te, telefona in obrazcev na na\u0161ih spletnih straneh, (v) preko na\u0161ih socialnih kanalov in aplikacij, (vi) za prenose dokumentov, ki so na voljo na na\u0161ih spletnih straneh in (vii) z va\u0161o uporabo katere koli druge, sedanje ali prihodnje, spletne ali nespletne \u00a0storitve, tehni\u010dne podpore ali ponudbe VALICON (v nadaljevanju vse skupaj od (i) \u2013 (vii): \u00a0Storitve).<\/p>\n<p>Ta politika zasebnosti ne velja za osebne podatke pridobljene v okviru raziskav ki jih izvaja Valicon kot del svoje dejavnosti in\u00a0 v okviru spletnega panela Jazvem. Za pogoje obdelovanja osebnih podatkov v okviru raziskav veljajo <a href=\"https:\/\/www.valicon.net\/sl\/varovanje-zasebnosti-respondentov\/\">tu<\/a> objavljeni pogoji in za sodelovanje v okviru panela JAZVEM <a href=\"https:\/\/www.jazvem.si\/\">ti<\/a> pogoji.<\/p>\n<p>Prosimo vas, da natan\u010dno preberete na\u0161a pravila o\u00a0zasebnosti. Priporo\u010damo vam, da si natisnete oziroma primerno shranite kopijo teh pravil o\u00a0zasebnosti\u00a0in vseh prihodnjih razli\u010dic, ki veljajo za va\u0161e evidence soglasij, ki ste nam jih podelili.<\/p>\n<p>Upravljavec osebnih podatkov je dru\u017eba VALICON d.o.o., \u00a0katere sede\u017e je na Kopitarjevi 2, 1000 Ljubljana.<\/p>\n<p>V primeru vpra\u0161anj se prosim obrnete na nas tako, da po\u0161ljete e-po\u0161tno sporo\u010dilo na\u00a0<a href=\"mailto:varstvo.podatkov@valicon.net\">varstvo.podatkov@valicon.net<\/a>\u00a0ali pokli\u010dete +386 1 420 49 08<\/p>\n<p>Va\u0161e osebne podatke pridobivamo, ko nam jih posredujete, na primer prek va\u0161e uporabe spletne strani in njenih funkcij, ko nas kontaktirate neposredno po elektronski po\u0161ti, telefonu, v pisni obliki ali prek dru\u017ebenih medijev, ko naro\u010date na\u0161e storitve, ali na kakr\u0161en koli drug na\u010din, s katerim nam posredujete osebne podatke.<\/p>\n<p>Na dogodkih, ki jih prireja Valicon, se lahko fotografira in snema ter vsebino prena\u0161a na splet, fotografije in posnetki pa so lahko javno objavljeni.\u00a0S prijavo na dogodek potrjujete seznanjenost o mo\u017enosti fotografiranja in snemanja vsebine, prena\u0161anja na splet in javne objave fotografij in posnetkov za namene promocije dogodka.<\/p>\n<p style=\"font-weight: 400;\">\n<p>Obdelava osebnih podatkov poteka na temelju na\u0161ega legitimnega interesa.<\/p>\n<p>Fotografiranje se bo izvajalo na profesionalen na\u010din in nana\u010din, ki ne bo invaziven z vidika posega v zasebnost posameznika.<\/p>\n<p>Prav tako zbiramo podatke o va\u0161i uporabi na\u0161e spletne strani s pi\u0161kotki in podobnimi tehnologijami. Na\u0161a\u00a0politika\u00a0pi\u0161kotkov, ki je opisana spodaj dolo\u010da ve\u010d informacij o tem, kako uporabljamo pi\u0161kotke in podobne tehnologije za zbiranje informacij o vas.<\/p>\n<p>Vrste informacij, ki jih zbiramo o vas, lahko vklju\u010dujejo informacije, kot so:<\/p>\n<ul>\n<li>va\u0161e ime in priimek;<\/li>\n<li>va\u0161 poslovni e-po\u0161tni naslov oz. drug e-po\u0161tni naslov, ki ste nam ga posredovali;<\/li>\n<li>podjetje, za katerega delate oziroma ste delali;<\/li>\n<li>va\u0161 poslovni polo\u017eaj v podjetju;<\/li>\n<li>va\u0161a telefonska \u0161tevilka;<\/li>\n<li>informacije o va\u0161em ra\u010dunalniku oz. mobilni napravi (npr. va\u0161 naslov IP in vrsta brskalnika, vrsta naprave);<\/li>\n<li>informacije o tem, kako uporabljate na\u0161o spletno stran (npr. katere strani ste si ogledali, \u010das, ko ste si jih ogledali, in kaj ste kliknili).<\/li>\n<\/ul>\n<p>Pri po\u0161iljanju e-po\u0161tnih sporo\u010dil, s pomo\u010djo orodja za avtomatizirane tr\u017eenjske kampanje, se uporablja tudi tehnologija Pixel, ki orodju omogo\u010da sledenje kdaj je bilo e-po\u0161tno sporo\u010dilo odprto. Gre za del kode, vklju\u010dene v e-po\u0161tno sporo\u010dilo, ki omogo\u010da sledenje uporabnikom, oziroma nam poda informacijo o tem, ali je posameznik po\u0161tno sporo\u010dilo odprl ali ne. Tehnologija je omejena z mo\u017enostmi posameznih e-po\u0161tnih odjemalcev in njihovo podporo HTML programskemu jeziku, oziroma mo\u017enostjo samodejnega nalaganja slik. V orodje za avtomatizirano tr\u017eenje se, v kolikor nam jih posredujete, prena\u0161ajo tudi osebni podatki iz raznih kontaktnih obrazcev na spletnih straneh, kjer se obdelujejo za izvajanje neposrednega tr\u017eenja prek e-mail sporo\u010dil. Orodje uporablja tudi lastne pi\u0161kotke, podrobneje opisane v Pravilniku o pi\u0161kotih.<\/p>\n<p>Pridobivamo lahko tudi va\u0161e osebne podatke iz dolo\u010denih javno dostopnih virov, vklju\u010dno z (a ne omejeno na) javnih spletnih podatkovnih baz, poslovnih imenikov, medijskih publikacij, socialnih medijev, spletnih strani in drugih javno dostopnih virov.<\/p>\n<p>VALICON ne obdeluje posebne vrste osebnih podatkov.<\/p>\n<p>Valicon ne uporablja avtomatiziranega sprejemanja odlo\u010ditev, vklju\u010dno z oblikovanjem profilov.<\/p>\n<p>Va\u0161e osebne podatke lahko uporabimo za enega ali ve\u010d naslednjih namenov:<\/p>\n<ul>\n<li>V povezavi z va\u0161o uporabo Storitev in s prilagajanjem uporabni\u0161ke izku\u0161nje va\u0161im potrebam in ciljem:<\/li>\n<\/ul>\n<ul>\n<li>\u00a0Upravljanje in izbolj\u0161evanje na\u0161ih spletnih mest, vklju\u010dno s prilagajanjem uporabni\u0161ke izku\u0161nje na\u0161e spletne strani. To je potrebno za na\u0161 zakoniti interes, da bolje razumemo \u017eelje na\u0161ih strank in potencialnih kupcev ter prilagajamo na\u0161e spletne strani, izdelke in storitve glede na va\u0161e potrebe in \u017eelje.<\/li>\n<li>Upravljanje odnosov dru\u017ebe VALICON s sedanjimi in potencialnimi strankami. To delamo z analizo podatkov o zgodovini odnosa na\u0161ih kupcev z namenom\u00a0 izbolj\u0161anja poslovnih odnosov s strankami, s poudarkom na ohranjanju strank in kon\u010dni rasti prodaje. To je potrebno za na\u0161 zakoniti interes, da bolje razumemo \u017eelje na\u0161ih strank in za u\u010dinkovito vodenje in upravljanje na\u0161ega poslovanja.<\/li>\n<li>Splo\u0161no segmentiranje podatkov o vas (iz katere industrije prihajate, iz katere dr\u017eave), ki nam omogo\u010da vam prilagojeno ponudbo na\u0161ih storitev in za namene internih statisti\u010dnih poro\u010dil o uporabi na\u0161ih Storitev<\/li>\n<li>Komuniciranje neposredno z vami v zvezi s posodobitvami na na\u0161ih spletni strani, nakupi na\u0161ih storitev in odgovorom na povpra\u0161evanja, ki jih prejmemo od vas. To bo potrebno bodisi, da vas ob\u010dasno obve\u0161\u010damo o spremembah na na\u0161ih spletni strani, da izvedemo pogodbo, ki smo jo sklenili z vami, pripravimo ponudbo, ali za na\u0161 zakoniti interes izpolnjevanja in potrditve va\u0161ih zahtev, da vam zagotovimo na\u0161e storitve in odgovorimo na vpra\u0161anja, ki jih prejmemo od vas.<\/li>\n<li>Sklenitev pogodbe in priprava ponudbe. \u010ce nam ne posredujete va\u0161ih osebnih podatkov, \u010de je to potrebno za tak namen, ne bomo mogli skleniti ali izvajati pogodbe z vami ali vam ponuditi izdelkov ali storitev, ki ste jih zahtevali. Lahko tudi odlo\u017eimo ali prekli\u010demo vsa naro\u010dila, ki jih postavite, in uveljavimo na\u0161e zakonske pravice zoper vas (na primer, \u010de smo imeli stro\u0161ke ali izdatke pri pripravi ali izpolnjevanju kakr\u0161nih koli naro\u010dil, ki ste jih dali).<\/li>\n<li>Za\u0161\u010dita na\u0161ega poslovanja in na\u0161ih poslovnih interesov, vklju\u010dno z namenom preverjanja kreditnih in preteklih izku\u0161enj, prepre\u010devanja goljufij in izterjave dolgov. To je potrebno za za\u0161\u010dito na\u0161ih zakonitih interesov prepre\u010devanja kriminalnih dejavnosti, kot so goljufije ali pranje denarja, za zagotovitev, da se na\u0161a spletna stran in Storitve ne zlorabljajo in da se za\u0161\u010diti na\u0161e poslovanje. Tak\u0161na preverjanja bomo izvajali le, \u010de nam to dovoljuje zakonodaja.<\/li>\n<li>Komuniciranje z na\u0161imi poslovnimi svetovalci in pravnimi zastopniki. To je potrebno za na\u0161e zakonite interese pridobitve pravnega ali strokovnega poslovnega nasveta, mi pa bomo posredovali le va\u0161e osebne podatke, \u010de je to potrebno, v najmanj\u0161em obsegu, ki je potreben in anonimizirane, kadar koli je to mogo\u010de ter ob pogoju sklenitve pogodb o nerazkrivanju.<\/li>\n<li>Deljenje osebnih podatkov s tretjimi strankami (v nadaljevanju: na\u0161i podobdelovalci), ki so povezani z nami v zvezi z na\u0161im zagotavljanjem storitev, kot so na\u0161i poslovni partnerji, ponudniki e-po\u0161te, ponudniki spletnega gostovanja in ponudniki razli\u010dnih storitev informacijskih in komunikacijskih tehnologij. To bo potrebno bodisi za izvedbo pogodbe, ki smo jo sklenili z vami (ali za pripravo ponudbe), za na\u0161 zakoniti interes u\u010dinkovitega vodenja in upravljanja na\u0161ega poslovanja, za skladnost s pravnimi obveznostmi, ki nas zavezujejo. Kadar delimo va\u0161e osebne podatke, bomo to storili dosledno na podlagi potrebe po seznanitvi, v skladu z ustreznimi omejitvami zaupnosti, na anonimizirani osnovi, kolikor je le mogo\u010de, in le toliko, kolikor je to nujno potrebno za katerega koli od teh namenov.<\/li>\n<li>Uveljavljanje na\u0161ih zakonskih pravic in upo\u0161tevanje zakonov, predpisov in drugih zakonskih zahtev. To je potrebno za na\u0161 zakoniti interes varovanja na\u0161ega poslovanja in uveljavljanja na\u0161ih pogodbenih in drugih zakonskih pravic. Za zagotavljanje fizi\u010dne, omre\u017ene in informacijske varnosti ter celovitosti. To je potrebno za na\u0161 zakoniti interes, da zagotovimo varen in brezkompromisen IT sistem in omre\u017eja, vklju\u010dno z varnostnim kopiranjem in arhiviranjem, prepre\u010devanjem zlonamerne programske opreme, virusov, napakami ali drugimi \u0161kodljivimi kodami, prepre\u010devanju nepoobla\u0161\u010denega dostopa do na\u0161ih sistemov in vseh oblik napadov ali po\u0161kodb na\u0161ih IT sistemov in omre\u017eij. Morda bomo morali uporabljati in obdelati va\u0161e osebne podatke, da bi bili v skladu s pravnimi obveznostmi, ki jih moramo spo\u0161tovati. Na primer, lahko zahtevamo, da predlo\u017eite dolo\u010dene va\u0161e osebne podatke za namene izvr\u0161evanja zakonske obveznosti prepre\u010devanja pranja denarja ali da svoje podatke razkrijete sodi\u0161\u010du po prejemu sodnega naloga. Va\u0161e osebne podatke morda potrebujemo tudi za izpolnjevanje veljavnih zakonskih obveznosti, kot so dav\u010dna zakonodaja in ostali predpisi, ki nas zavezujejo.<\/li>\n<li>V zvezi z zahtevami za razkritje in v primeru prodaje ali nakupa podjetja in \/ ali sredstev, bodisi dejanskih ali potencialnih. To je potrebno za na\u0161e zakonite interese prodaje in \/ ali zagotavljanja in spodbujanja uspeha na\u0161ega poslovanja.<\/li>\n<li>Za statisti\u010dne in raziskovalne namene. Podatke bomo anonimizirali in jih uporabili za zakonite interese obdelave osebnih podatkov v raziskovalne namene, vklju\u010dno s tr\u017enimi raziskavami, bolj\u0161im razumevanjem na\u0161ih strank in prilagajanjem na\u0161ih izdelkov in storitev va\u0161im potrebam.<\/li>\n<li>Identificiranja morebitnih kaznivih dejanj ali gro\u017eenj za javno varnost pristojnemu organu. To je potrebno za na\u0161 zakoniti interes spodbujanja uspeha na\u0161ega poslovanja, prepre\u010devanje kriminala, za izpolnjevanje zakonskih obveznosti, v splo\u0161nem javnem interesu ali za zakonite interese vladnih organov in pristojnih organov, ki prepre\u010dujejo kazniva dejanja.<\/li>\n<li>V zvezi s katerim koli pravnim ali morebitnim pravnim sporom ali postopkom. To je potrebno za na\u0161 zakoniti interes spodbujanja in zagotavljanja uspeha na\u0161ega poslovanja, re\u0161evanje sporov in dajanje tak\u0161nih razkritij, kot to zahtevajo zakoni ali za katere menimo, da ravnajo razumno, z zakonom.<\/li>\n<\/ul>\n<p>Va\u0161e osebne podatke lahko uporabimo tudi za namene tr\u017eenja in z va\u0161im izrecnim soglasjem za namene e-tr\u017eenja, razen \u010de so izpolnjeni pogoji kjer va\u0161e soglasje ni potrebno, kot naprimer v primerih, ko so va\u0161i podatki javno objavljeni ali imamo obstoje\u010d poslovni interes.<\/p>\n<p>Kadar obdelujemo va\u0161e osebne podatke na podlagi va\u0161ega soglasja, lahko kadarkoli prekli\u010dete dano soglasje, \u010de nam po\u0161ljete elektronski naslov na\u00a0<a href=\"mailto:varstvo.podatkov@valicon.net\">varstvo.podatkov@valicon.net<\/a>. Datum uveljavitve takega preklica je 30 delovnih dni od dne, ko smo prejeli va\u0161o zahtevo.<\/p>\n<p>Va\u0161e osebne podatke shranjuje VALICON na svojih lastnih stre\u017enikih.<\/p>\n<p>VALICON bo obdeloval va\u0161e osebne podatke v obsegu, ki je relevanten in omejen na to, kar je potrebno za namene, za katere se obdelujejo in sicer namen (-e), za katere obdelujemo va\u0161e osebne podatke, na primer, ali je treba \u0161e naprej hraniti te podatke, da bi lahko \u0161e naprej izpolnjevali na\u0161e obveznosti po pogodbi z vami ali za na\u0161e zakonite interese; ali imamo kak\u0161no zakonsko obveznost, da nadaljujemo z obdelavo va\u0161ih podatkov, kot so kakr\u0161ne koli obveznosti vodenja evidenc, ki jih dolo\u010da veljavna zakonodaja; in ali imamo pravno podlago, da \u0161e naprej obdelujemo va\u0161e osebne podatke, kot je va\u0161e soglasje.<\/p>\n<p>\u010ce \u017eelite ve\u010d informacij o tem, kje in kako dolgo so shranjeni va\u0161i osebni podatki, in za ve\u010d informacij o va\u0161i pravico do izbrisa in prenosljivosti osebnih podatkov, se obrnite na nas\u00a0<a href=\"mailto:varstvo.podatkov@valicon.net\">varstvo.podatkov@valicon.net<\/a>.<\/p>\n<p>Sprejeli smo ustrezne tehni\u010dne in organizacijske ukrepe za zavarovanje va\u0161ih osebnih podatkov in njihovo za\u0161\u010dito pred nepoobla\u0161\u010deno ali nezakonito uporabo ali obdelavo ter proti naklju\u010dni izgubi ali uni\u010denju ali po\u0161kodovanju va\u0161ih osebnih podatkov, vklju\u010dno z:<\/p>\n<ul>\n<li>na\u010delom najmanj\u0161ega obsega podatkov in obdelave na anonimizirani osnovi, kadar koli je to mogo\u010de;<\/li>\n<li>usposabljanje na\u0161ih zaposlenih o pomembnosti zaupnosti in ohranjanju\u00a0zasebnosti\u00a0in varnosti va\u0161ih podatkov;<\/li>\n<li>zavezanost k sprejetju ustreznih disciplinskih ukrepov za uveljavljanje odgovornosti zaposlenih pri\u00a0zasebnosti;<\/li>\n<li>stalnem in celovitem posodabljanju in preizku\u0161anje na\u0161e varnostne tehnologije;<\/li>\n<li>skrbno in odgovorno izbiro na\u0161ih podobdelovalcev;<\/li>\n<li>z uporabo varnih stre\u017enikov za shranjevanje va\u0161ih osebnih podatkov;<\/li>\n<li>imenovanjem neodvisne poobla\u0161\u010dene osebe za varstvo osebnih podatkov;<\/li>\n<li>z zahtevo po dokazu o identiteti od vsakega posameznika, ki zahteva dostop do osebnih podatkov.<\/li>\n<\/ul>\n<p>\u017delimo vas opozoriti, da prenos informacij (vklju\u010dno z osebnimi podatki) preko interneta ni vedno povsem varen, in \u010de nam posredujete kakr\u0161ne koli informacije preko interneta (bodisi po elektronski po\u0161ti, prek na\u0161e spletne strani ali na kakr\u0161enkoli drug na\u010din), to storite popolnoma na lastno odgovornost. Ne moremo biti odgovorni za kakr\u0161nekoli stro\u0161ke, izdatke, izgubo dobi\u010dka, \u0161kodo ugledu, odgovornosti ali kakr\u0161no koli drugo obliko izgube ali \u0161kode, ki ste jo utrpeli zaradi va\u0161ega posredovanja podatkov preko interneta.<\/p>\n<p>\u010ce prenesemo va\u0161e osebne podatke zunaj Evropskega gospodarskega prostora, bomo to storili po skrbnem pregledu primernih pravnih podlagov in za\u0161\u010ditnih ukrepov, kot so:<\/p>\n<ul>\n<li>politike\u00a0varovanja podatkov znani kot \u201cZavezujo\u010da poslovna pravila\u201d ali \u201cBCR-ji\u201d;<\/li>\n<li>Standardne pogodbene klavzule , ki jih je sprejela Evropska komisija ali jih je sprejel Informacijski poobla\u0161\u010denec in jih je Evropska komisija potrdila v skladu z ustreznim zakonom;<\/li>\n<li>kodeks ali kodeksi ravnanja, ki jih pripravi zdru\u017eenje ali drug organ, ki ga odobri Informacijski poobla\u0161\u010denec;<\/li>\n<li>odobreni certifikacijski mehanizmi;<\/li>\n<li>drugi pravni temelji kot jih dolo\u010da Splo\u0161na uredba o varstvu osebnih podatkov.<\/li>\n<\/ul>\n<p>Opozarjamo vas na naslednje pravice v zvezi z va\u0161imi osebnimi podatki, ki jih lahko izvajate tako, da po\u0161ljete e-po\u0161tno sporo\u010dilo na\u00a0<a href=\"mailto:varstvo.podatkov@valicon.net\">varstvo.podatkov@valicon.net<\/a>\u00a0in:<\/p>\n<ul>\n<li>zahtevate dostop do va\u0161ih osebnih podatkov in informacij v zvezi z na\u0161o uporabo in obdelavo va\u0161ih osebnih podatkov;<\/li>\n<li>zahtevate popravek ali brisanje va\u0161ih osebnih podatkov;<\/li>\n<li>zahtevate, da omejimo uporabo va\u0161ih osebnih podatkov;<\/li>\n<li>zahtevate va\u0161e osebne podatke, ki ste nam jih posredovali in, ki vam jih bomo posredovali v strukturirani in strojno berljivi obliki (na primer preglednica Excel) in pravico, da se te osebne podatke prenesete drugemu upravljavcu osebnih podatkov;<\/li>\n<li>ugovarjate obdelavi va\u0161ih osebnih podatkov za dolo\u010dene namene (za nadaljnje informacije glejte spodnji razdelek z naslovom \u201cVa\u0161a pravica do ugovora z obdelavo va\u0161ih osebnih podatkov za dolo\u010dene namene\u201d); in<\/li>\n<li>zahtevate za umik soglasja k na\u0161i uporabi va\u0161ih osebnih podatkov, kjer se zana\u0161amo na va\u0161e soglasje. \u010ce umaknete svoje soglasje, to ne bo vplivalo na zakonitost na\u0161e uporabe in obdelave va\u0161ih osebnih podatkov na podlagi va\u0161ega soglasja pred dnem, ko boste umaknili va\u0161e soglasje. Zaradi tehni\u010dnih omejitev se bo umik soglasja reflektiral v na\u0161ih sistemuh najkasneje v roku 5 delovnih dni od prejema zahteve.<\/li>\n<\/ul>\n<p>Imate tudi pravico vlo\u017eiti prito\u017ebo pri nadzornem organu, ki je za namene Republike Slovenije Informacijski poobla\u0161\u010denec, katerega kontaktni podatke so na voljo\u00a0<a href=\"https:\/\/www.ip-rs.si\/kazalo-kontakt-iskalnik\/kontakt\/\">tukaj<\/a>.<\/p>\n<p>Za dodatne informacije o va\u0161ih pravicah v zvezi z va\u0161imi osebnimi podatki, vklju\u010dno z dolo\u010denimi omejitvami, ki veljajo za nekatere od teh pravic, glejte \u010dlene 12 do 23 GDPR.<\/p>\n<p>Imate naslednje pravice v zvezi z va\u0161imi osebnimi podatki, ki jih lahko izvajate na enak na\u010din, kot jih uveljavljate v prej\u0161njem poglavju (va\u0161e pravice v zvezi z va\u0161imi osebnimi podatki):<\/p>\n<ul>\n<li>nasprotuje uporabi ali obdelovanju va\u0161ih osebnih podatkov, kadar jih uporabljamo ali obdelujemo, da bi lahko opravljali nalogo v javnem interesu, \u010de obdelujemo va\u0161e osebne podatke za na\u0161e zakonite interese, vklju\u010dno s \u201cprofiliranjem\u201d (npr. napovedovanje va\u0161ega vedenja na podlagi va\u0161ih osebnih podatkov) na podlagi katerega koli od teh namenov; in<\/li>\n<li>da ugovarjate obdelavi va\u0161ih osebnih podatkov za namene neposrednega tr\u017eenja.<\/li>\n<\/ul>\n<p>Prav tako lahko uveljavljate svojo pravico, da nasprotujete uporabi ali obdelavi va\u0161ih osebnih podatkov za namene neposrednega tr\u017eenja, tako da: kliknete povezavo za odjavo, ki je na dnu katerega koli na\u0161ega tr\u017enega e-po\u0161tnega sporo\u010dila, ki smo vam ga poslali, in sledite navodilom, ki se pojavijo v brskalniku po kliku na to povezavo; ali po\u0161ljete e-po\u0161tno sporo\u010dilo na\u00a0<a href=\"mailto:varstvo.podatkov@valicon.net\">varstvo.podatkov@valicon.net<\/a>, kjer zahtevate, da vam prenehamo po\u0161iljati tr\u017ena sporo\u010dila ali z besedami \u00bbODJAVA\u00ab.<\/p>\n<p>Vsaki\u010d, ko nasprotujete neposrednemu tr\u017eenju od nas z druga\u010dno komunikacijsko metodo kot pri tr\u017enih sporo\u010dilih, ki ste jih prejeli od nas, nam morate posredovati va\u0161e ime in zadostne podatke, ki nam omogo\u010dajo, da vas prepoznavamo v zvezi s sporo\u010dili, ki ste jih prejeli (na primer, \u010de ste od nas prejeli SMS in se \u017eelite odjaviti po e-po\u0161ti, nam boste morda morali posredovati svojo telefonsko \u0161tevilko v tem e-po\u0161tnem sporo\u010dilu).<\/p>\n<p>Od \u010dasa do \u010dasa lahko spreminjamo na\u0161a pravila o\u00a0zasebnosti. O tem vas bomo obvestili. \u010ce nadaljujete z dostopom do na\u0161e spletne strani na ta datum ali po tem datumu, se strinjate, da vas zavezuje nova razli\u010dica na\u0161ih pravil o\u00a0zasebnosti.<\/p>\n<p>Kjer nameravamo uporabiti va\u0161e osebne podatke za nov namen vam bomo posredovali informacije o tem namenu in katere koli druge pomembne informacije, preden uporabimo va\u0161e osebne podatke za ta novi namen.<\/p>\n<p>Prosimo vas, da nas obvestite o kakr\u0161nih koli spremembah va\u0161ih osebnih podatkov, ki jih imamo o vas, da so lahko podatki, ki jih imamo o vas to\u010dni in a\u017eurni.<\/p>\n<p>Poobla\u0161\u010dena oseba za varstvo osebnih podatkov za VALICON d.o.o Ljubljana je &#8220;Info hi\u0161a&#8221;, Likozarjeva ul.14, 1000 Ljubljana, ki se jo lahko kontaktira na <a href=\"mailto:varstvo.podatkov@valicon.net\">varstvo.podatkov@valicon.net<\/a> ali na telefon +386 420 49 00.<\/p>\n","protected":false},"excerpt":{"rendered":"<p>Ta pravila o zasebnosti dolo\u010dajo, kako VALICON d.o.o. obdeluje osebne podatke. Datum uveljavitve teh pravil o zasebnosti je 26. 4. 2018. Pravila o zasebnosti so bila dopolnjena dne 15.10.2021. Ta pravila o\u00a0zasebnosti\u00a0veljajo za (i) na\u0161o spletno stran \u00a0https:\/\/www.valicon.net\/, (ii) izvedbo \u00a0organizacije VALICON dogodkov in prijave na tak\u0161ne dogodke, (iii) obve\u0161\u010danje o novostih in na\u0161i ponudbi [&hellip;]<\/p>\n","protected":false},"author":9,"featured_media":0,"parent":0,"menu_order":0,"comment_status":"closed","ping_status":"closed","template":"","meta":[],"acf":[],"aioseo_notices":[],"_links":{"self":[{"href":"https:\/\/oldwww.valicon.net\/sl\/wp-json\/wp\/v2\/pages\/7425\/"}],"collection":[{"href":"https:\/\/oldwww.valicon.net\/sl\/wp-json\/wp\/v2\/pages\/"}],"about":[{"href":"https:\/\/oldwww.valicon.net\/sl\/wp-json\/wp\/v2\/types\/page\/"}],"author":[{"embeddable":true,"href":"https:\/\/oldwww.valicon.net\/sl\/wp-json\/wp\/v2\/users\/9\/"}],"replies":[{"embeddable":true,"href":"https:\/\/oldwww.valicon.net\/sl\/wp-json\/wp\/v2\/comments\/?post=7425"}],"version-history":[{"count":10,"href":"https:\/\/oldwww.valicon.net\/sl\/wp-json\/wp\/v2\/pages\/7425\/revisions\/"}],"predecessor-version":[{"id":28877,"href":"https:\/\/oldwww.valicon.net\/sl\/wp-json\/wp\/v2\/pages\/7425\/revisions\/28877\/"}],"wp:attachment":[{"href":"https:\/\/oldwww.valicon.net\/sl\/wp-json\/wp\/v2\/media\/?parent=7425"}],"curies":[{"name":"wp","href":"https:\/\/api.w.org\/{rel}","templated":true}]}}