{"id":708,"date":"2016-01-14T10:33:55","date_gmt":"2016-01-14T10:33:55","guid":{"rendered":"http:\/\/www.valicon.net\/sl\/?page_id=708"},"modified":"2017-08-28T11:41:00","modified_gmt":"2017-08-28T11:41:00","slug":"neuro-optimizer","status":"publish","type":"page","link":"https:\/\/oldwww.valicon.net\/sl\/vse-resitve\/raziskave-trga\/resitve\/developing-marketing-mix\/neuro-optimizer\/","title":{"rendered":"Neuro.Optimizer"},"content":{"rendered":"<p>Predstavniki podjetja za aplikativno nevroznanost in tr\u017eenjski\u00a0raziskovalci smo zdru\u017eili mo\u010di in razvili ultimativno orodje za razumevanje odzivov potro\u0161nikov na video oglase. Povezujemo\u00a0zavestni in nezavedni del z integracijo biometri\u010dnih podatkov in\u00a0klasi\u010dnega tr\u017enega raziskovanja.<\/p>\n<ul>\n<li>Nakupne odlo\u010ditve in vedenje potro\u0161nikov so mo\u010dno pogojeni z\u00a0nezavednimi \u010dustvenimi stanji in drugimi mo\u017eganskimi procesi,\u00a0ki jih ni mo\u017eno meriti izklju\u010dno s klasi\u010dnimi metodami\u00a0raziskovanja.<\/li>\n<li>\u010clovek sam v\u010dasih ne more ali ne zna dovolj natan\u010dno\u00a0pojasniti, kaj motivira njegovo delovanje in kako v resnici\u00a0do\u017eivlja produkte, oglase in znamke.<\/li>\n<li>S pomo\u010djo visokoresolucijske, ve\u010dkanalne EEG tehnologije, ki\u00a0se osredoto\u010da na merjenje leve-desne asimetrije \u010delnega\u00a0re\u017enja nove mo\u017eganske skorje, lahko dobite podatke o\u00a0\u010dustveni intenzivnosti in valenci (ugodje\/neugodje).<\/li>\n<li>S kombinacijo EEG in eye-tracking tehnologije lahko prav tako\u00a0objektivno merimo, analiziramo in optimiziramo potencial pozornosti.<\/li>\n<li>Ko te podatke pove\u017eete s klasi\u010dnimi kazalci merjenja\u00a0u\u010dinkovitosti komunikacije, dobite vseobsegajo\u010d vir informacij,\u00a0na osnovi katerega boste bolje razumeli svojega potro\u0161nika,\u00a0hkrati pa la\u017eje optimizirali svoje komunikacijske vsebine in\u00a0razumeli, ZAKAJ dolo\u010dena kampanja deluje ali zakaj ne.<\/li>\n<li>Revolucionarna prednost EEG in eye-tracking tehnologije\u00a0mapiranja mo\u017eganske aktivnosti omogo\u010da neposreden\u00a0vpogled v potro\u0161nikove nezavedne reakcije.<\/li>\n<li>Kdor ne govori, ne la\u017ee. Da bi zagotovili\u00a0poglobljeno razumevanje \u010dustvenih preferenc in\u00a0napovedovanje potro\u0161nikovega vedenja, merimo in\u00a0analiziramo dva klju\u010dna nezavedna procesa: pozornost in\u00a0\u010dustven odziv (ugodje\/neugodje).<\/li>\n<\/ul>\n","protected":false},"excerpt":{"rendered":"<p>Predstavniki podjetja za aplikativno nevroznanost in tr\u017eenjski\u00a0raziskovalci smo zdru\u017eili mo\u010di in razvili ultimativno orodje za razumevanje odzivov potro\u0161nikov na video oglase. Povezujemo\u00a0zavestni in nezavedni del z integracijo biometri\u010dnih podatkov in\u00a0klasi\u010dnega tr\u017enega raziskovanja. Nakupne odlo\u010ditve in vedenje potro\u0161nikov so mo\u010dno pogojeni z\u00a0nezavednimi \u010dustvenimi stanji in drugimi mo\u017eganskimi procesi,\u00a0ki jih ni mo\u017eno meriti izklju\u010dno s klasi\u010dnimi metodami\u00a0raziskovanja. [&hellip;]<\/p>\n","protected":false},"author":1,"featured_media":0,"parent":706,"menu_order":0,"comment_status":"closed","ping_status":"closed","template":"page-product.php","meta":[],"acf":[],"aioseo_notices":[],"_links":{"self":[{"href":"https:\/\/oldwww.valicon.net\/sl\/wp-json\/wp\/v2\/pages\/708\/"}],"collection":[{"href":"https:\/\/oldwww.valicon.net\/sl\/wp-json\/wp\/v2\/pages\/"}],"about":[{"href":"https:\/\/oldwww.valicon.net\/sl\/wp-json\/wp\/v2\/types\/page\/"}],"author":[{"embeddable":true,"href":"https:\/\/oldwww.valicon.net\/sl\/wp-json\/wp\/v2\/users\/1\/"}],"replies":[{"embeddable":true,"href":"https:\/\/oldwww.valicon.net\/sl\/wp-json\/wp\/v2\/comments\/?post=708"}],"version-history":[{"count":4,"href":"https:\/\/oldwww.valicon.net\/sl\/wp-json\/wp\/v2\/pages\/708\/revisions\/"}],"predecessor-version":[{"id":6459,"href":"https:\/\/oldwww.valicon.net\/sl\/wp-json\/wp\/v2\/pages\/708\/revisions\/6459\/"}],"up":[{"embeddable":true,"href":"https:\/\/oldwww.valicon.net\/sl\/wp-json\/wp\/v2\/pages\/706\/"}],"wp:attachment":[{"href":"https:\/\/oldwww.valicon.net\/sl\/wp-json\/wp\/v2\/media\/?parent=708"}],"curies":[{"name":"wp","href":"https:\/\/api.w.org\/{rel}","templated":true}]}}