{"id":668,"date":"2016-01-14T10:08:26","date_gmt":"2016-01-14T10:08:26","guid":{"rendered":"http:\/\/www.valicon.net\/sl\/?page_id=668"},"modified":"2017-08-28T11:18:45","modified_gmt":"2017-08-28T11:18:45","slug":"fokusne-skupine","status":"publish","type":"page","link":"https:\/\/oldwww.valicon.net\/sl\/vse-resitve\/podatki-stanje-trga\/resitve\/kvalitativno\/fokusne-skupine\/","title":{"rendered":"Fokusne skupine"},"content":{"rendered":"<p>\u010ce \u017eelite testirati ideje za nove izdelke ali storitve, razkriti odnos ali razumeti potrebe svojih potro\u0161nikov, boste to najla\u017eje dosegli s fokusnimi skupinami. Gre za raziskovalno tehniko, ki predstavlja idealen na\u010din, kako ljudi pritegniti k dolo\u010deni tematiki, ideji ali izdelku. Izsledki so vsebinsko bogati in zbrani na u\u010dinkovit na\u010din, saj se nekaj oseb hkrati pogovarja o dolo\u010deni tematiki in izmenjuje svoje osebne izku\u0161nje in zgodbe.<\/p>\n<p>Glavna prednost fokusnih skupin se skriva v zakonitostih skupinske dinamike, ki zagotavlja generiranje ve\u010djega \u0161tevila idej, saj se udele\u017eenci med seboj stimulirajo k bolj poglobljeni argumentaciji mnenj. Dodatne prednosti so:<\/p>\n<ul>\n<li>\u0161ir\u0161i nabor informacij,<\/li>\n<li>poglobljen vpogled v \u010dustva, percepcijo in mnenja,<\/li>\n<li>prilo\u017enost za dodatne pojasnitve,<\/li>\n<li>prihranek \u010dasa in sredstev v primerjavi s pristopom \u201cena na ena\u201d.<\/li>\n<\/ul>\n<p>Da bi zadovoljili potrebe potro\u0161nikov ali celo ustvarili nove z re\u0161itvami, ki jih ponujate na trgu, morate pridobiti poglobljen vpogled v njihove misli in \u010dustva.<\/p>\n","protected":false},"excerpt":{"rendered":"<p>\u010ce \u017eelite testirati ideje za nove izdelke ali storitve, razkriti odnos ali razumeti potrebe svojih potro\u0161nikov, boste to najla\u017eje dosegli s fokusnimi skupinami. Gre za raziskovalno tehniko, ki predstavlja idealen na\u010din, kako ljudi pritegniti k dolo\u010deni tematiki, ideji ali izdelku. Izsledki so vsebinsko bogati in zbrani na u\u010dinkovit na\u010din, saj se nekaj oseb hkrati pogovarja [&hellip;]<\/p>\n","protected":false},"author":1,"featured_media":0,"parent":616,"menu_order":15,"comment_status":"closed","ping_status":"closed","template":"page-product.php","meta":[],"acf":[],"aioseo_notices":[],"_links":{"self":[{"href":"https:\/\/oldwww.valicon.net\/sl\/wp-json\/wp\/v2\/pages\/668\/"}],"collection":[{"href":"https:\/\/oldwww.valicon.net\/sl\/wp-json\/wp\/v2\/pages\/"}],"about":[{"href":"https:\/\/oldwww.valicon.net\/sl\/wp-json\/wp\/v2\/types\/page\/"}],"author":[{"embeddable":true,"href":"https:\/\/oldwww.valicon.net\/sl\/wp-json\/wp\/v2\/users\/1\/"}],"replies":[{"embeddable":true,"href":"https:\/\/oldwww.valicon.net\/sl\/wp-json\/wp\/v2\/comments\/?post=668"}],"version-history":[{"count":4,"href":"https:\/\/oldwww.valicon.net\/sl\/wp-json\/wp\/v2\/pages\/668\/revisions\/"}],"predecessor-version":[{"id":6445,"href":"https:\/\/oldwww.valicon.net\/sl\/wp-json\/wp\/v2\/pages\/668\/revisions\/6445\/"}],"up":[{"embeddable":true,"href":"https:\/\/oldwww.valicon.net\/sl\/wp-json\/wp\/v2\/pages\/616\/"}],"wp:attachment":[{"href":"https:\/\/oldwww.valicon.net\/sl\/wp-json\/wp\/v2\/media\/?parent=668"}],"curies":[{"name":"wp","href":"https:\/\/api.w.org\/{rel}","templated":true}]}}