{"id":663,"date":"2016-01-14T09:44:07","date_gmt":"2016-01-14T09:44:07","guid":{"rendered":"http:\/\/www.valicon.net\/sl\/?page_id=663"},"modified":"2017-08-28T11:28:44","modified_gmt":"2017-08-28T11:28:44","slug":"ad-diagnosticon","status":"publish","type":"page","link":"https:\/\/oldwww.valicon.net\/sl\/vse-resitve\/raziskave-trga\/resitve\/sledenje-uspesnosti-kpi\/ad-diagnosticon\/","title":{"rendered":"Ad.Diagnosticon"},"content":{"rendered":"<p>Z Ad.Diagnosticonom boste ugotovili:<\/p>\n<ul>\n<li>ali je oglas dovolj u\u010dinkovit z vidika racionalne, emocionalne in vedenjske\u00a0komponente;<\/li>\n<li>ali je bolj u\u010dinkovit od konkurence;<\/li>\n<li>kak\u0161en je bil odziv potro\u0161nikov na ogla\u0161evalsko akcijo;<\/li>\n<li>kak\u0161na je\u00a0njihova izku\u0161nja na osnovi klju\u010dnih kazalcev u\u010dinkovitosti\u00a0komunikacije.<\/li>\n<\/ul>\n<p>Gre za standardizirano kvantitativno tr\u017eenjsko orodje s kvalitativnim\u00a0vpogledom v klju\u010dne kazalce u\u010dinkovitosti komunikacije, upo\u0161tevajo\u010d\u00a0racionalno, emocionalno in vedenjsko komponento, vidnost,\u00a0primernost za znamko in kategorijo, ter izvedbo z mo\u017enostjo\u00a0nadgradnje z vplivom komunikacije na podobo znamke.<\/p>\n<p>Diagnostika\u00a0temelji na psihologiji \u010dustev, psihologiji zaznavnih procesov ter novej\u0161ih spoznanjih nevromarketinga.<\/p>\n<p>Ad.Diagnosticon omogo\u010da primerjavo va\u0161ega oglasa po klju\u010dnih\u00a0kazalcih u\u010dinkovitosti komunikacije z drugimi oglasi v podatkovni bazi,\u00a0ki trenutno \u0161teje \u017ee ve\u010d kot 250 oglasov iz Slovenije in \u0161ir\u0161e regije.\u00a0Primerjave so definirane v sodelovanju z vami in so mogo\u010de na ve\u010d\u00a0nivojih, npr. geografska lokacija, kategorija, najbolj\u0161i konkuren\u010dni oglas, najbolj\u0161i oglas na splo\u0161no itd.<\/p>\n","protected":false},"excerpt":{"rendered":"<p>Z Ad.Diagnosticonom boste ugotovili: ali je oglas dovolj u\u010dinkovit z vidika racionalne, emocionalne in vedenjske\u00a0komponente; ali je bolj u\u010dinkovit od konkurence; kak\u0161en je bil odziv potro\u0161nikov na ogla\u0161evalsko akcijo; kak\u0161na je\u00a0njihova izku\u0161nja na osnovi klju\u010dnih kazalcev u\u010dinkovitosti\u00a0komunikacije. Gre za standardizirano kvantitativno tr\u017eenjsko orodje s kvalitativnim\u00a0vpogledom v klju\u010dne kazalce u\u010dinkovitosti komunikacije, upo\u0161tevajo\u010d\u00a0racionalno, emocionalno in vedenjsko komponento, [&hellip;]<\/p>\n","protected":false},"author":1,"featured_media":0,"parent":661,"menu_order":0,"comment_status":"closed","ping_status":"closed","template":"page-product.php","meta":[],"acf":[],"aioseo_notices":[],"_links":{"self":[{"href":"https:\/\/oldwww.valicon.net\/sl\/wp-json\/wp\/v2\/pages\/663\/"}],"collection":[{"href":"https:\/\/oldwww.valicon.net\/sl\/wp-json\/wp\/v2\/pages\/"}],"about":[{"href":"https:\/\/oldwww.valicon.net\/sl\/wp-json\/wp\/v2\/types\/page\/"}],"author":[{"embeddable":true,"href":"https:\/\/oldwww.valicon.net\/sl\/wp-json\/wp\/v2\/users\/1\/"}],"replies":[{"embeddable":true,"href":"https:\/\/oldwww.valicon.net\/sl\/wp-json\/wp\/v2\/comments\/?post=663"}],"version-history":[{"count":5,"href":"https:\/\/oldwww.valicon.net\/sl\/wp-json\/wp\/v2\/pages\/663\/revisions\/"}],"predecessor-version":[{"id":6452,"href":"https:\/\/oldwww.valicon.net\/sl\/wp-json\/wp\/v2\/pages\/663\/revisions\/6452\/"}],"up":[{"embeddable":true,"href":"https:\/\/oldwww.valicon.net\/sl\/wp-json\/wp\/v2\/pages\/661\/"}],"wp:attachment":[{"href":"https:\/\/oldwww.valicon.net\/sl\/wp-json\/wp\/v2\/media\/?parent=663"}],"curies":[{"name":"wp","href":"https:\/\/api.w.org\/{rel}","templated":true}]}}