{"id":6434,"date":"2017-08-14T09:46:16","date_gmt":"2017-08-14T09:46:16","guid":{"rendered":"http:\/\/www.valicon.net\/o-nas\/gdpr-compliance\/"},"modified":"2017-08-23T07:34:47","modified_gmt":"2017-08-23T07:34:47","slug":"gdpr-compliance","status":"publish","type":"page","link":"https:\/\/oldwww.valicon.net\/sl\/o-nas\/gdpr-compliance\/","title":{"rendered":"GDPR uredba"},"content":{"rendered":"<p><span style=\"font-weight: 400;\">Na podlagi ve\u010d kot dvajestletnih izku\u0161enj na podro\u010dju raziskav o potro\u0161nikih smo razvili re\u0161itev za zbiranje, shranjevanje in izmenjavo podatkov skladno z uredbo GDPR. Z zdru\u017eitvijo mednarodnih razvijalskih podjetij in uglednih partnerskih podjetij je nastal DATAFUND. Datafund je ve\u010dnamenska re\u0161itev skladna z GDPR uredbo, ki omogo\u010da shranjevanje, upravljanje in deljenje osebnih podatkov, \u00a0s sledenjem in mo\u017enostjo odjave z namenom odpravljanja neskladnosti z GDPR uredbo, ki stopi v veljavo maja 2018.\u00a0<\/span><\/p>\n<p><a href=\"http:\/\/datafund.net\/\">Ve\u010d<\/a><\/p>\n","protected":false},"excerpt":{"rendered":"<p>Na podlagi ve\u010d kot dvajestletnih izku\u0161enj na podro\u010dju raziskav o potro\u0161nikih smo razvili re\u0161itev za zbiranje, shranjevanje in izmenjavo podatkov skladno z uredbo GDPR. Z zdru\u017eitvijo mednarodnih razvijalskih podjetij in uglednih partnerskih podjetij je nastal DATAFUND. Datafund je ve\u010dnamenska re\u0161itev skladna z GDPR uredbo, ki omogo\u010da shranjevanje, upravljanje in deljenje osebnih podatkov, \u00a0s sledenjem in [&hellip;]<\/p>\n","protected":false},"author":9,"featured_media":0,"parent":403,"menu_order":7,"comment_status":"closed","ping_status":"closed","template":"","meta":[],"acf":[],"aioseo_notices":[],"_links":{"self":[{"href":"https:\/\/oldwww.valicon.net\/sl\/wp-json\/wp\/v2\/pages\/6434\/"}],"collection":[{"href":"https:\/\/oldwww.valicon.net\/sl\/wp-json\/wp\/v2\/pages\/"}],"about":[{"href":"https:\/\/oldwww.valicon.net\/sl\/wp-json\/wp\/v2\/types\/page\/"}],"author":[{"embeddable":true,"href":"https:\/\/oldwww.valicon.net\/sl\/wp-json\/wp\/v2\/users\/9\/"}],"replies":[{"embeddable":true,"href":"https:\/\/oldwww.valicon.net\/sl\/wp-json\/wp\/v2\/comments\/?post=6434"}],"version-history":[{"count":1,"href":"https:\/\/oldwww.valicon.net\/sl\/wp-json\/wp\/v2\/pages\/6434\/revisions\/"}],"predecessor-version":[{"id":6435,"href":"https:\/\/oldwww.valicon.net\/sl\/wp-json\/wp\/v2\/pages\/6434\/revisions\/6435\/"}],"up":[{"embeddable":true,"href":"https:\/\/oldwww.valicon.net\/sl\/wp-json\/wp\/v2\/pages\/403\/"}],"wp:attachment":[{"href":"https:\/\/oldwww.valicon.net\/sl\/wp-json\/wp\/v2\/media\/?parent=6434"}],"curies":[{"name":"wp","href":"https:\/\/api.w.org\/{rel}","templated":true}]}}