{"id":637,"date":"2016-01-14T09:24:15","date_gmt":"2016-01-14T09:24:15","guid":{"rendered":"http:\/\/www.valicon.net\/sl\/?page_id=637"},"modified":"2017-08-28T12:01:06","modified_gmt":"2017-08-28T12:01:06","slug":"brandicon","status":"publish","type":"page","link":"https:\/\/oldwww.valicon.net\/sl\/vse-resitve\/strategija-rast\/resitve\/naslov-skupine-resitev\/brandicon\/","title":{"rendered":"Brandicon"},"content":{"rendered":"<p>BrandICON je strate\u0161ko orodje za definiranje identitete znamk s pomo\u010djo znam\u010dnih arhetipov. Na\u0161a re\u0161itev omogo\u010da, da postavimo trdne temelje za znamko z namenom poenotenega sporo\u010danja klju\u010dne obljube na vsaki izkustveni to\u010dki. To je proces iskanja, definiranja in implementacije zgodbe znamke.<\/p>\n<p>Klju\u010dni koristi uporabe BrandICON za postavitev identitete znamk sta uporaba znam\u010dnih arhetipov in uporabna funkcija orodja.<\/p>\n<p>Inspiracijo za oblikovanje identitete znamk smo poiskali v arhetipih, ki jih vsi intuitivno razumemo, zato omogo\u010dajo, da krovno idejo znamke sporo\u010damo s preprostimi, a vsebinsko bogatimi podobami. Gre za prapodobe, ki so del na\u0161e kolektivne zavesti in so prisotne v posameznikovem psihi\u010dnem ustroju.<\/p>\n<p>Druga konkuren\u010dna prednost je uporabna vrednost BrandICONa. Proces definiranja identitete znamke se zaklju\u010di z natan\u010dno opredelitvijo implementacije na klju\u010dnih izkustvenih to\u010dkah.<\/p>\n<p>BrandICON ni le osnova za \u00bbstorytelling\u00ab ampak tudi \u00bbstorydoing\u00ab.<\/p>\n","protected":false},"excerpt":{"rendered":"<p>BrandICON je strate\u0161ko orodje za definiranje identitete znamk s pomo\u010djo znam\u010dnih arhetipov. Na\u0161a re\u0161itev omogo\u010da, da postavimo trdne temelje za znamko z namenom poenotenega sporo\u010danja klju\u010dne obljube na vsaki izkustveni to\u010dki. To je proces iskanja, definiranja in implementacije zgodbe znamke. Klju\u010dni koristi uporabe BrandICON za postavitev identitete znamk sta uporaba znam\u010dnih arhetipov in uporabna funkcija [&hellip;]<\/p>\n","protected":false},"author":1,"featured_media":0,"parent":990,"menu_order":4,"comment_status":"closed","ping_status":"closed","template":"page-product.php","meta":[],"acf":[],"aioseo_notices":[],"_links":{"self":[{"href":"https:\/\/oldwww.valicon.net\/sl\/wp-json\/wp\/v2\/pages\/637\/"}],"collection":[{"href":"https:\/\/oldwww.valicon.net\/sl\/wp-json\/wp\/v2\/pages\/"}],"about":[{"href":"https:\/\/oldwww.valicon.net\/sl\/wp-json\/wp\/v2\/types\/page\/"}],"author":[{"embeddable":true,"href":"https:\/\/oldwww.valicon.net\/sl\/wp-json\/wp\/v2\/users\/1\/"}],"replies":[{"embeddable":true,"href":"https:\/\/oldwww.valicon.net\/sl\/wp-json\/wp\/v2\/comments\/?post=637"}],"version-history":[{"count":7,"href":"https:\/\/oldwww.valicon.net\/sl\/wp-json\/wp\/v2\/pages\/637\/revisions\/"}],"predecessor-version":[{"id":7172,"href":"https:\/\/oldwww.valicon.net\/sl\/wp-json\/wp\/v2\/pages\/637\/revisions\/7172\/"}],"up":[{"embeddable":true,"href":"https:\/\/oldwww.valicon.net\/sl\/wp-json\/wp\/v2\/pages\/990\/"}],"wp:attachment":[{"href":"https:\/\/oldwww.valicon.net\/sl\/wp-json\/wp\/v2\/media\/?parent=637"}],"curies":[{"name":"wp","href":"https:\/\/api.w.org\/{rel}","templated":true}]}}