{"id":618,"date":"2016-01-14T08:29:49","date_gmt":"2016-01-14T08:29:49","guid":{"rendered":"http:\/\/www.valicon.net\/sl\/?page_id=618"},"modified":"2017-08-28T11:18:04","modified_gmt":"2017-08-28T11:18:04","slug":"poglobljeni-individualni-intervjuji","status":"publish","type":"page","link":"https:\/\/oldwww.valicon.net\/sl\/vse-resitve\/podatki-stanje-trga\/resitve\/kvalitativno\/poglobljeni-individualni-intervjuji\/","title":{"rendered":"Poglobljeni individualni intervjuji"},"content":{"rendered":"<p>Ko \u017eelite zares poglobljeno razumeti svoje potro\u0161nike, njihove potrebe,\u00a0cilje, prepri\u010danja, vrednote in vedenjske vzorce, jih morate spoznati\u00a0skozi poglobljeno diskusijo in opazovanje. Da bi vam omogo\u010dili\u00a0vpogled v tematiko, ki vas zanima, uporabimo besede namesto\u00a0\u0161tevilk, ustvarjamo poglobljeno razumevanje, namesto da bi le merili\u00a0posamezne pojave.<\/p>\n<p>\u010ce \u017eelite testirati ideje za nove izdelke ali storitve, razkriti odnos ali\u00a0razumeti potrebe svojih potro\u0161nikov, so poglobljeni intervjuji idealen\u00a0na\u010din, kako to dose\u010di. Gre za raziskovalno tehniko, ki predstavlja\u00a0idealen na\u010din, kako potro\u0161nike pritegniti k dolo\u010deni tematiki, ideji ali\u00a0izdelku. Za razliko od fokusnih skupin, ko k diskusiji povabimo ve\u010d\u00a0oseb, so poglobljeni individualni intervjuji metoda, ki je ustrezna takrat,\u00a0ko \u017eelimo razkriti posameznikov na\u010din percipiranja, njegova\u00a0prepri\u010danja in odnos:<\/p>\n<ul>\n<li>za izku\u0161nje in do\u017eivetja, ki potekajo, ko je oseba sama, npr.\u00a0sporo\u010danje in testiranje uporabnosti izdelkov\/storitev, in<\/li>\n<li>ko imamo opravka z ob\u010dutljivo tematiko, zaradi katere\u00a0udele\u017eenci ne bi bili pripravljeni deliti mnenja z drugimi.<\/li>\n<\/ul>\n<p>Poleg tega, da nam poglobljeni individualni intervjuji ponujajo bolj\u00a0natan\u010dno in poglobljeno razumevanje posameznikove percepcije,\u00a0mnenj, prepri\u010danj in odnosa, to tehniko uporabljamo, ko:<\/p>\n<ul>\n<li>imamo opravka s ciljno skupino, ki jo je te\u017eko rekrutirati,<\/li>\n<li>moramo biti prilagodljivi (\u010das in kraj izvedbe je prilagojen\u00a0posamezniku).<\/li>\n<\/ul>\n","protected":false},"excerpt":{"rendered":"<p>Ko \u017eelite zares poglobljeno razumeti svoje potro\u0161nike, njihove potrebe,\u00a0cilje, prepri\u010danja, vrednote in vedenjske vzorce, jih morate spoznati\u00a0skozi poglobljeno diskusijo in opazovanje. Da bi vam omogo\u010dili\u00a0vpogled v tematiko, ki vas zanima, uporabimo besede namesto\u00a0\u0161tevilk, ustvarjamo poglobljeno razumevanje, namesto da bi le merili\u00a0posamezne pojave. \u010ce \u017eelite testirati ideje za nove izdelke ali storitve, razkriti odnos ali\u00a0razumeti potrebe [&hellip;]<\/p>\n","protected":false},"author":1,"featured_media":0,"parent":616,"menu_order":0,"comment_status":"closed","ping_status":"closed","template":"page-product.php","meta":[],"acf":[],"aioseo_notices":[],"_links":{"self":[{"href":"https:\/\/oldwww.valicon.net\/sl\/wp-json\/wp\/v2\/pages\/618\/"}],"collection":[{"href":"https:\/\/oldwww.valicon.net\/sl\/wp-json\/wp\/v2\/pages\/"}],"about":[{"href":"https:\/\/oldwww.valicon.net\/sl\/wp-json\/wp\/v2\/types\/page\/"}],"author":[{"embeddable":true,"href":"https:\/\/oldwww.valicon.net\/sl\/wp-json\/wp\/v2\/users\/1\/"}],"replies":[{"embeddable":true,"href":"https:\/\/oldwww.valicon.net\/sl\/wp-json\/wp\/v2\/comments\/?post=618"}],"version-history":[{"count":9,"href":"https:\/\/oldwww.valicon.net\/sl\/wp-json\/wp\/v2\/pages\/618\/revisions\/"}],"predecessor-version":[{"id":11425,"href":"https:\/\/oldwww.valicon.net\/sl\/wp-json\/wp\/v2\/pages\/618\/revisions\/11425\/"}],"up":[{"embeddable":true,"href":"https:\/\/oldwww.valicon.net\/sl\/wp-json\/wp\/v2\/pages\/616\/"}],"wp:attachment":[{"href":"https:\/\/oldwww.valicon.net\/sl\/wp-json\/wp\/v2\/media\/?parent=618"}],"curies":[{"name":"wp","href":"https:\/\/api.w.org\/{rel}","templated":true}]}}