{"id":475,"date":"2015-12-17T14:35:36","date_gmt":"2015-12-17T14:35:36","guid":{"rendered":"http:\/\/www.valicon.net\/?page_id=475"},"modified":"2023-02-02T09:44:51","modified_gmt":"2023-02-02T09:44:51","slug":"sodelujoci-v-raziskavah","status":"publish","type":"page","link":"https:\/\/oldwww.valicon.net\/sl\/sodelujoci-v-raziskavah\/","title":{"rendered":"Sodeluj"},"content":{"rendered":"<h2><a href=\"https:\/\/jazvem.si\/\"><img loading=\"lazy\" class=\"alignnone wp-image-24574\" src=\"https:\/\/www.valicon.net\/wp-content\/uploads\/2023\/02\/jazVem.png\" alt=\"\" width=\"630\" height=\"200\" \/><\/a><\/h2>\n<h2><\/h2>\n<h2>Zato, ker va\u0161e mnenje \u0161teje<\/h2>\n<ul>\n<li>Za va\u0161e mnenje vas nagradimo.<\/li>\n<li>Va\u0161e mnenje bo vplivalo na ustvarjanje novih in \u017ee obstoje\u010dih blagovnih znamk.<\/li>\n<li>Bodite del ekipe, ki ustvarja prihodnost potro\u0161nikov.<\/li>\n<\/ul>\n<h2><strong>Postani \u010dlan:<\/strong><\/h2>\n<p><a href=\"http:\/\/www.jazvem.si\/\">JazVem Slovenija<\/a><br \/>\n<a href=\"http:\/\/www.jaznam.hr\/\">JaZnam Hrva\u0161ka<\/a><br \/>\n<a href=\"http:\/\/www.jaznam.ba\">JaZnam Bosna in Hercegovina<\/a><br \/>\n<a href=\"http:\/\/www.jaznam.rs\/\">JaZnam Srbija<\/a><\/p>\n","protected":false},"excerpt":{"rendered":"<p>Zato, ker va\u0161e mnenje \u0161teje Za va\u0161e mnenje vas nagradimo. Va\u0161e mnenje bo vplivalo na ustvarjanje novih in \u017ee obstoje\u010dih blagovnih znamk. Bodite del ekipe, ki ustvarja prihodnost potro\u0161nikov. Postani \u010dlan: JazVem Slovenija JaZnam Hrva\u0161ka JaZnam Bosna in Hercegovina JaZnam Srbija<\/p>\n","protected":false},"author":2,"featured_media":0,"parent":0,"menu_order":0,"comment_status":"closed","ping_status":"closed","template":"","meta":[],"acf":[],"aioseo_notices":[],"_links":{"self":[{"href":"https:\/\/oldwww.valicon.net\/sl\/wp-json\/wp\/v2\/pages\/475\/"}],"collection":[{"href":"https:\/\/oldwww.valicon.net\/sl\/wp-json\/wp\/v2\/pages\/"}],"about":[{"href":"https:\/\/oldwww.valicon.net\/sl\/wp-json\/wp\/v2\/types\/page\/"}],"author":[{"embeddable":true,"href":"https:\/\/oldwww.valicon.net\/sl\/wp-json\/wp\/v2\/users\/2\/"}],"replies":[{"embeddable":true,"href":"https:\/\/oldwww.valicon.net\/sl\/wp-json\/wp\/v2\/comments\/?post=475"}],"version-history":[{"count":22,"href":"https:\/\/oldwww.valicon.net\/sl\/wp-json\/wp\/v2\/pages\/475\/revisions\/"}],"predecessor-version":[{"id":24582,"href":"https:\/\/oldwww.valicon.net\/sl\/wp-json\/wp\/v2\/pages\/475\/revisions\/24582\/"}],"wp:attachment":[{"href":"https:\/\/oldwww.valicon.net\/sl\/wp-json\/wp\/v2\/media\/?parent=475"}],"curies":[{"name":"wp","href":"https:\/\/api.w.org\/{rel}","templated":true}]}}