{"id":3099,"date":"2016-09-15T08:33:30","date_gmt":"2016-09-15T08:33:30","guid":{"rendered":"http:\/\/www.valicon.net\/sl\/?page_id=3099"},"modified":"2017-08-28T11:23:25","modified_gmt":"2017-08-28T11:23:25","slug":"programska-orodja-za-zbiranje-podatkov","status":"publish","type":"page","link":"https:\/\/oldwww.valicon.net\/sl\/vse-resitve\/podatki-stanje-trga\/resitve\/spletni-in-mesani-pristopi\/programska-orodja-za-zbiranje-podatkov\/","title":{"rendered":"Programska orodja za zbiranje podatkov"},"content":{"rendered":"<p class=\"bnnsbodynormalnonspace\">V Valiconu smo razvili lastna programska orodja za anketiranje in upravljanje s spletnim panelom. Programska oprema za vse oblike zbiranja podatkov (CATI, CAPI, CAWI, CAMI) je imenovana AI (Assisted Interviewing) in omogo\u010da izvajanje anketnega zbiranja podatkov po ve\u010d razli\u010dnih kanalih hkrati.<\/p>\n<p class=\"bnnsbodynormalnonspace\">Imamo svojo ekipo razvijalcev oziroma programerjev, ki orodja nenehno dopolnjujejo z novimi funkcionalnostmi, kar nam omogo\u010da izvajanje zahtevnej\u0161ih projektov in prilagajanje projektom s posebnimi zahtevami.<\/p>\n<p class=\"BNNSBODYNORMALNONSPACE\"><a href=\"http:\/\/www.valicon.net\/wp-content\/uploads\/2016\/09\/programska-orodja.jpg\" data-rel=\"lightbox-image-0\" data-rl_title=\"\" data-rl_caption=\"\" title=\"\"><img loading=\"lazy\" class=\"alignnone wp-image-3105\" src=\"http:\/\/www.valicon.net\/wp-content\/uploads\/2016\/09\/programska-orodja-300x225.jpg\" alt=\"programska-orodja\" width=\"400\" height=\"300\" srcset=\"https:\/\/oldwww.valicon.net\/wp-content\/uploads\/2016\/09\/programska-orodja-300x225.jpg 300w, https:\/\/oldwww.valicon.net\/wp-content\/uploads\/2016\/09\/programska-orodja-768x576.jpg 768w, https:\/\/oldwww.valicon.net\/wp-content\/uploads\/2016\/09\/programska-orodja-1024x768.jpg 1024w\" sizes=\"(max-width: 400px) 100vw, 400px\" \/><\/a><\/p>\n<p>V Valiconu smo prvi projekt CAPI izvedli leta 2002, ko smo za\u010deli izvajati projekt \u00bbNacionalna raziskava branosti\u00ab. Leta 2006 smo metodo CAPI za\u010deli uporabljati tudi za izvajanje drugih projektov. Danes se prakti\u010dno vsi projekti izvedejo v elektronski obliki \u2013 s prenosnimi, tabli\u010dnimi ra\u010dunalniki ali pametnimi telefoni.<\/p>\n","protected":false},"excerpt":{"rendered":"<p>V Valiconu smo razvili lastna programska orodja za anketiranje in upravljanje s spletnim panelom. Programska oprema za vse oblike zbiranja podatkov (CATI, CAPI, CAWI, CAMI) je imenovana AI (Assisted Interviewing) in omogo\u010da izvajanje anketnega zbiranja podatkov po ve\u010d razli\u010dnih kanalih hkrati. Imamo svojo ekipo razvijalcev oziroma programerjev, ki orodja nenehno dopolnjujejo z novimi funkcionalnostmi, kar [&hellip;]<\/p>\n","protected":false},"author":9,"featured_media":0,"parent":1703,"menu_order":0,"comment_status":"closed","ping_status":"closed","template":"page-product.php","meta":[],"acf":[],"aioseo_notices":[],"_links":{"self":[{"href":"https:\/\/oldwww.valicon.net\/sl\/wp-json\/wp\/v2\/pages\/3099\/"}],"collection":[{"href":"https:\/\/oldwww.valicon.net\/sl\/wp-json\/wp\/v2\/pages\/"}],"about":[{"href":"https:\/\/oldwww.valicon.net\/sl\/wp-json\/wp\/v2\/types\/page\/"}],"author":[{"embeddable":true,"href":"https:\/\/oldwww.valicon.net\/sl\/wp-json\/wp\/v2\/users\/9\/"}],"replies":[{"embeddable":true,"href":"https:\/\/oldwww.valicon.net\/sl\/wp-json\/wp\/v2\/comments\/?post=3099"}],"version-history":[{"count":3,"href":"https:\/\/oldwww.valicon.net\/sl\/wp-json\/wp\/v2\/pages\/3099\/revisions\/"}],"predecessor-version":[{"id":6448,"href":"https:\/\/oldwww.valicon.net\/sl\/wp-json\/wp\/v2\/pages\/3099\/revisions\/6448\/"}],"up":[{"embeddable":true,"href":"https:\/\/oldwww.valicon.net\/sl\/wp-json\/wp\/v2\/pages\/1703\/"}],"wp:attachment":[{"href":"https:\/\/oldwww.valicon.net\/sl\/wp-json\/wp\/v2\/media\/?parent=3099"}],"curies":[{"name":"wp","href":"https:\/\/api.w.org\/{rel}","templated":true}]}}