{"id":2600,"date":"2016-06-20T12:13:38","date_gmt":"2016-06-20T12:13:38","guid":{"rendered":"http:\/\/www.valicon.net\/sl\/?page_id=2600"},"modified":"2016-12-14T13:18:22","modified_gmt":"2016-12-14T13:18:22","slug":"odpiralnicasi","status":"publish","type":"page","link":"https:\/\/oldwww.valicon.net\/sl\/odpiralnicasi\/","title":{"rendered":"Odpiralni\u010casi"},"content":{"rendered":"<p style=\"text-align: center;\"><a href=\"http:\/\/www.valicon.net\/wp-content\/uploads\/2016\/06\/download.png\" data-rel=\"lightbox-image-0\" data-rl_title=\"\" data-rl_caption=\"\" title=\"\"><img loading=\"lazy\" class=\"alignnone size-full wp-image-3435\" src=\"http:\/\/www.valicon.net\/wp-content\/uploads\/2016\/06\/download.png\" alt=\"download\" width=\"124\" height=\"31\" \/><\/a><\/p>\n<p>&nbsp;<\/p>\n<p>Blagovna znamka Odpiralni \u010casi je v lasti podjetja Open Hours LLC. Storitev ustvarja dodano vrednost za podjetja s poslovalnicami, s tem da jim nudi mo\u017enost prevzetja strani poslovalnic na OdpiralniCasi.com.<\/p>\n<p>S prevzetjem strani poslovalnic podjetje izkoristi promet, ki \u017ee je na straneh njihovih poslovalnic, ter s prikazovanjem elementov iz spletne strani podjetja pospe\u0161uje prodajo, pridobiva ve\u010djo bazo kontaktov ter komunicira s kupci. S tem lahko preko obstoje\u010dega prometa na straneh poslovalnic njihovega podjetja dosega iste cilje, kakor s svojo glavno spletno stranjo. Uporabnikom pa aplikacija Odpiralni\u010casi omogo\u010da iskanje odprtih bank, po\u0161t, trgovin, bankomatov, itd. v bli\u017eini skupaj s slikami, komentarji, akcijsko ponudbo v bli\u017eini in ostalimi informacijami.<\/p>\n<p>Valicon znotraj aplikacije Odpiralni \u010casi s svojim naprednim sistemom SmartProfiler profilira lokacije in meri zadovoljstvo uporabnikov na dolo\u010denih lokaciji. S tem lokaciji dajemo dodano vrednost uporabnikom aplikacije, hkrati pa lastnikom lokacij omogo\u010da vpogled v zadovoljstvo svojih strank.<\/p>\n<p>Valicon znotraj Odpiralnih \u010dasov spra\u0161uje prave ljudi, prava vpra\u0161anje na pravih lokacijah ob pravem \u010dasu.<\/p>\n","protected":false},"excerpt":{"rendered":"<p>&nbsp; Blagovna znamka Odpiralni \u010casi je v lasti podjetja Open Hours LLC. Storitev ustvarja dodano vrednost za podjetja s poslovalnicami, s tem da jim nudi mo\u017enost prevzetja strani poslovalnic na OdpiralniCasi.com. S prevzetjem strani poslovalnic podjetje izkoristi promet, ki \u017ee je na straneh njihovih poslovalnic, ter s prikazovanjem elementov iz spletne strani podjetja pospe\u0161uje prodajo, [&hellip;]<\/p>\n","protected":false},"author":9,"featured_media":0,"parent":0,"menu_order":0,"comment_status":"closed","ping_status":"closed","template":"","meta":[],"acf":[],"aioseo_notices":[],"_links":{"self":[{"href":"https:\/\/oldwww.valicon.net\/sl\/wp-json\/wp\/v2\/pages\/2600\/"}],"collection":[{"href":"https:\/\/oldwww.valicon.net\/sl\/wp-json\/wp\/v2\/pages\/"}],"about":[{"href":"https:\/\/oldwww.valicon.net\/sl\/wp-json\/wp\/v2\/types\/page\/"}],"author":[{"embeddable":true,"href":"https:\/\/oldwww.valicon.net\/sl\/wp-json\/wp\/v2\/users\/9\/"}],"replies":[{"embeddable":true,"href":"https:\/\/oldwww.valicon.net\/sl\/wp-json\/wp\/v2\/comments\/?post=2600"}],"version-history":[{"count":4,"href":"https:\/\/oldwww.valicon.net\/sl\/wp-json\/wp\/v2\/pages\/2600\/revisions\/"}],"predecessor-version":[{"id":4314,"href":"https:\/\/oldwww.valicon.net\/sl\/wp-json\/wp\/v2\/pages\/2600\/revisions\/4314\/"}],"wp:attachment":[{"href":"https:\/\/oldwww.valicon.net\/sl\/wp-json\/wp\/v2\/media\/?parent=2600"}],"curies":[{"name":"wp","href":"https:\/\/api.w.org\/{rel}","templated":true}]}}