{"id":2595,"date":"2016-06-20T12:12:15","date_gmt":"2016-06-20T12:12:15","guid":{"rendered":"http:\/\/www.valicon.net\/sl\/?page_id=2595"},"modified":"2017-01-20T10:28:25","modified_gmt":"2017-01-20T10:28:25","slug":"blackbox","status":"publish","type":"page","link":"https:\/\/oldwww.valicon.net\/sl\/blackbox\/","title":{"rendered":"Blckb, Applied Neuroscience"},"content":{"rendered":"<p style=\"text-align: center;\"><a href=\"http:\/\/www.valicon.net\/wp-content\/uploads\/2016\/06\/blckb_znak_B_pozitiv-1.png\" data-rel=\"lightbox-image-0\" data-rl_title=\"\" data-rl_caption=\"\" title=\"\"><img loading=\"lazy\" class=\"alignnone size-medium wp-image-4365\" src=\"http:\/\/www.valicon.net\/wp-content\/uploads\/2016\/06\/blckb_znak_B_pozitiv-1-300x140.png\" alt=\"\" width=\"300\" height=\"140\" srcset=\"https:\/\/oldwww.valicon.net\/wp-content\/uploads\/2016\/06\/blckb_znak_B_pozitiv-1-300x140.png 300w, https:\/\/oldwww.valicon.net\/wp-content\/uploads\/2016\/06\/blckb_znak_B_pozitiv-1-768x359.png 768w, https:\/\/oldwww.valicon.net\/wp-content\/uploads\/2016\/06\/blckb_znak_B_pozitiv-1-1024x478.png 1024w, https:\/\/oldwww.valicon.net\/wp-content\/uploads\/2016\/06\/blckb_znak_B_pozitiv-1.png 1902w\" sizes=\"(max-width: 300px) 100vw, 300px\" \/><\/a><\/p>\n<p><a href=\"http:\/\/blckb.eu\/\">Blckb<\/a>, podjetje za aplikativno nevroznanost prina\u0161a potencial tehnologije slikanja mo\u017eganov na nova podro\u010dja uporabe izven tradicionalnih laboratorijev in tako pomaga pri ustvarjanju bolj\u0161e prihodnosti.<\/p>\n<p>Temeljni produkt podjetja Blckb je mobilna ve\u010dnamenska EEG platforma, ki snema in analizira mo\u017egansko aktivnost bolj u\u010dinkovito in z ni\u017ejimi stro\u0161ki. \u017de v osnovi je zasnovana\u00a0 tako z namenom raz\u0161iritve kot mobilnosti. Platforma je ekstremno fleksibilna in modularna, zaradi \u010desar je primerna za prakti\u010dno kakr\u0161nokoli uporabo kjer \u017eelimo posneti, analizirati ali interpretirati EEG signale v ve\u010dji meri, z visoko stopnjo preciznosti.\u00a0 Platforma WhiteBox se \u017ee uporablja na raznih podro\u010djih kot je medicina, potro\u0161ni\u0161ka nevroznanost in umetnost.<\/p>\n<p>EEG platforma WhiteBox prav tako omogo\u010da BlackBox re\u0161itve s podro\u010dja potro\u0161ni\u0161ke nevroznanosti. BlackBox je preizku\u0161ena in zaupanja vredna mobilna re\u0161itev za potro\u0161ni\u0161ko nevroznanost, ki ponuja novo generacijo tr\u017eenjskega raziskovanja in temelji na napredni tehnologiji slikanja mo\u017eganov, po izredno nizkih cenah. Z uporabo medicinske opreme EEG, z uporabniku prijazno tehnologijo suhih elektrod, lahko merimo odziv uporabnika na \u0161irokem podro\u010dju marketin\u0161kih dra\u017eljajev, vklju\u010dno z ogla\u0161evanjem in drugo komunikacijo, znamkami, pakiranju, glasbo ipd. z veliko natan\u010dnostjo.<\/p>\n<p>Nevropsiholo\u0161ke metrike so prilagojene marketin\u0161kim metrikam v sodelovanju s partnerji iz podjetja Valicon, ki izmerjene podatke in pretekle izku\u0161nje s podro\u010dja tr\u017eenjskih raziskav in tr\u017eenjskega svetovanja uporablja za zagotavljanje bolj\u0161ega poslovnega razumevanja njihovim strankam. Do zdaj smo z uporabo re\u0161itev s podro\u010dja potro\u0161ni\u0161ke nevroznanosti, ki temelji na platformi WhiteBox izmerili reakcije na ve\u010d kot 470 oglasov in drugih marketin\u0161kih dra\u017eljajev pri ve\u010d kot 3600 subjektih. Stranke vklju\u010dujejo podjetja kot so Pipistrel, Lidl, Hofer, Spar, Sparkasse, Samsung, Akrapovic, Raiffeisen Bank, Agrokor, Atlantic Group, Johnson &amp; Johnson in druge.<\/p>\n","protected":false},"excerpt":{"rendered":"<p>Blckb, podjetje za aplikativno nevroznanost prina\u0161a potencial tehnologije slikanja mo\u017eganov na nova podro\u010dja uporabe izven tradicionalnih laboratorijev in tako pomaga pri ustvarjanju bolj\u0161e prihodnosti. Temeljni produkt podjetja Blckb je mobilna ve\u010dnamenska EEG platforma, ki snema in analizira mo\u017egansko aktivnost bolj u\u010dinkovito in z ni\u017ejimi stro\u0161ki. \u017de v osnovi je zasnovana\u00a0 tako z namenom raz\u0161iritve kot [&hellip;]<\/p>\n","protected":false},"author":9,"featured_media":0,"parent":0,"menu_order":0,"comment_status":"closed","ping_status":"closed","template":"","meta":[],"acf":[],"aioseo_notices":[],"_links":{"self":[{"href":"https:\/\/oldwww.valicon.net\/sl\/wp-json\/wp\/v2\/pages\/2595\/"}],"collection":[{"href":"https:\/\/oldwww.valicon.net\/sl\/wp-json\/wp\/v2\/pages\/"}],"about":[{"href":"https:\/\/oldwww.valicon.net\/sl\/wp-json\/wp\/v2\/types\/page\/"}],"author":[{"embeddable":true,"href":"https:\/\/oldwww.valicon.net\/sl\/wp-json\/wp\/v2\/users\/9\/"}],"replies":[{"embeddable":true,"href":"https:\/\/oldwww.valicon.net\/sl\/wp-json\/wp\/v2\/comments\/?post=2595"}],"version-history":[{"count":7,"href":"https:\/\/oldwww.valicon.net\/sl\/wp-json\/wp\/v2\/pages\/2595\/revisions\/"}],"predecessor-version":[{"id":4367,"href":"https:\/\/oldwww.valicon.net\/sl\/wp-json\/wp\/v2\/pages\/2595\/revisions\/4367\/"}],"wp:attachment":[{"href":"https:\/\/oldwww.valicon.net\/sl\/wp-json\/wp\/v2\/media\/?parent=2595"}],"curies":[{"name":"wp","href":"https:\/\/api.w.org\/{rel}","templated":true}]}}