{"id":2233,"date":"2016-05-20T09:22:47","date_gmt":"2016-05-20T09:22:47","guid":{"rendered":"http:\/\/www.valicon.net\/sl\/?page_id=2233"},"modified":"2020-10-07T10:46:23","modified_gmt":"2020-10-07T10:46:23","slug":"desk-research","status":"publish","type":"page","link":"https:\/\/oldwww.valicon.net\/sl\/vse-resitve\/podatki-stanje-trga\/resitve\/kvalitativno\/desk-research\/","title":{"rendered":"Desk research"},"content":{"rendered":"<p>Desk Research ali namizno raziskovanje pomeni sistemati\u010dno zbiranje in analiziranje podatkov iz sekundarnih (\u017ee obstoje\u010dih) virov.<\/p>\n<p>Najpogostej\u0161i viri namiznega raziskovanja so raziskovalna poro\u010dila, internet, kliping (spremljanje medijev), analize medijske podobe, vsi javni dokumenti in strokovne \u0161tudije. Glavna prednost metode Desk Research je prihranek \u010dasa in nizki stro\u0161ki, saj je ve\u010dina zbranih podatkov na voljo brezpla\u010dno, v zadnjih letih pa so viri v veliki meri dosegljivi preko interneta oziroma spletnih servisov institucij in organizacij. Pri tem je treba pazljivo izbirati vire glede na njihovo a\u017eurnost (\u010dim novej\u0161i, tem bolje) in kvaliteto (zanesljivost).<\/p>\n<p>Za katere namene:<\/p>\n<ul>\n<li>Analiza trga in potenciala.<\/li>\n<li>Analiza konkurence.<\/li>\n<li>Analiza poslovanja podjetij.<\/li>\n<li>Semioti\u010dna analiza komunikacijskih aktivnosti v kategoriji.<\/li>\n<li>Analiza ponudbe\/paketov\/cen.<\/li>\n<\/ul>\n<p>Zakaj in kako vam lahko pomaga Valicon:<\/p>\n<ul>\n<li>\u010ceprav podatki \u017ee obstajajo, jih je vseeno treba poiskati in organizirati v smiselno in uporabno celoto. Za to je potreben \u010das \u2013 zakaj ne bi tega enostavno prepustili nekomu drugemu? Na ta na\u010din prihranite \u010das in tudi denar, predvsem pa je va\u0161a pozornost usmerjena na vsebino problema in ne zbiranje podatkov in informacij.<\/li>\n<\/ul>\n","protected":false},"excerpt":{"rendered":"<p>Desk Research ali namizno raziskovanje pomeni sistemati\u010dno zbiranje in analiziranje podatkov iz sekundarnih (\u017ee obstoje\u010dih) virov. Najpogostej\u0161i viri namiznega raziskovanja so raziskovalna poro\u010dila, internet, kliping (spremljanje medijev), analize medijske podobe, vsi javni dokumenti in strokovne \u0161tudije. Glavna prednost metode Desk Research je prihranek \u010dasa in nizki stro\u0161ki, saj je ve\u010dina zbranih podatkov na voljo brezpla\u010dno, [&hellip;]<\/p>\n","protected":false},"author":9,"featured_media":0,"parent":616,"menu_order":0,"comment_status":"closed","ping_status":"closed","template":"page-product.php","meta":[],"acf":[],"aioseo_notices":[],"_links":{"self":[{"href":"https:\/\/oldwww.valicon.net\/sl\/wp-json\/wp\/v2\/pages\/2233\/"}],"collection":[{"href":"https:\/\/oldwww.valicon.net\/sl\/wp-json\/wp\/v2\/pages\/"}],"about":[{"href":"https:\/\/oldwww.valicon.net\/sl\/wp-json\/wp\/v2\/types\/page\/"}],"author":[{"embeddable":true,"href":"https:\/\/oldwww.valicon.net\/sl\/wp-json\/wp\/v2\/users\/9\/"}],"replies":[{"embeddable":true,"href":"https:\/\/oldwww.valicon.net\/sl\/wp-json\/wp\/v2\/comments\/?post=2233"}],"version-history":[{"count":5,"href":"https:\/\/oldwww.valicon.net\/sl\/wp-json\/wp\/v2\/pages\/2233\/revisions\/"}],"predecessor-version":[{"id":17071,"href":"https:\/\/oldwww.valicon.net\/sl\/wp-json\/wp\/v2\/pages\/2233\/revisions\/17071\/"}],"up":[{"embeddable":true,"href":"https:\/\/oldwww.valicon.net\/sl\/wp-json\/wp\/v2\/pages\/616\/"}],"wp:attachment":[{"href":"https:\/\/oldwww.valicon.net\/sl\/wp-json\/wp\/v2\/media\/?parent=2233"}],"curies":[{"name":"wp","href":"https:\/\/api.w.org\/{rel}","templated":true}]}}