{"id":2148,"date":"2016-05-19T13:02:54","date_gmt":"2016-05-19T13:02:54","guid":{"rendered":"http:\/\/www.valicon.net\/sl\/?page_id=2148"},"modified":"2017-08-28T10:50:16","modified_gmt":"2017-08-28T10:50:16","slug":"ibm-modeler","status":"publish","type":"page","link":"https:\/\/oldwww.valicon.net\/sl\/vse-resitve\/analitika-avtomatizacija-trzenja\/orodja\/statistika-in-napovedna-analitika\/ibm-modeler\/","title":{"rendered":"IBM SPSS Modeler"},"content":{"rendered":"<h2>Kaj je to IBM SPSS Modeler?<\/h2>\n<p>Za razliko od klasi\u010dnih statisti\u010dnih analiz, ki delujejo na na\u010din potrjevanja postavljene hipoteze in posplo\u0161evanja pridobljenih rezultatov z vzorca na populacijo, uporabljamo pri orodju <strong>IBM SPSS Modeler<\/strong> druga\u010dno analiti\u010dno logiko.<\/p>\n<p>Tu raziskujemo in posku\u0161amo razumeti povezave na podatkih iz celotne populacije (npr. cele baze strank). S pomo\u010djo <strong>IBM SPSS Modeler<\/strong> lahko naro\u010dnik profilira svoje stranke in s tem razume, kateri dejavniki so vplivali na njihovo preteklo vedenje. Tako lahko napovemo vedenje strank v prihodnjih obdobjih in na ta na\u010din optimiziramo aktivnosti in procese.<\/p>\n<p>V nasprotju z ostalimi programskimi orodji, ki delujejo po enakih principih, je <strong>IBM SPSS Modeler<\/strong> namenjen poslovnim uporabnikom (v ve\u010dji meri kot samim statistikom). Orodje vsebuje obse\u017eno \u0161tevilo statisti\u010dno-analiti\u010dnih tehnik, ki vklju\u010dujejo 27 algoritmov, s pomo\u010djo katerih analitiki analizirajo podatke in napovedujejo trende. S stali\u0161\u010da uporabe (delo na vmesniku, na\u010din priprave in transformacija podatkov, zdru\u017eevanje baz, obdelava podatkov, grafi\u010dni prikaz podatkov) je program izrazito prilagojen \u201cne-statistikom\u201d.<\/p>\n<p>IBM SPSS Modeler odlikujejo:<\/p>\n<ul>\n<li><strong>Enostavna uporaba<\/strong>: interaktivni grafi\u010dni vmesnik omogo\u010da enostaven in u\u010dinkovit razvoj napovednih modelov brez kakr\u0161negakoli programiranja. Za vse tiste, ki \u017eelijo imeti popoln nadzor nad napovednim modelom oziroma streamom, pa obstaja mo\u017enost programiranja analitike, kot tudi prilagajanja razli\u010dnih spremenljivk vsakemu od obstoje\u010dih algoritmov.<\/li>\n<li><strong>Odprtost orodja<\/strong>: mo\u017enost integracije \u00bb3rd party\u00ab algoritmov, dostop do podatkov v razli\u010dnih formatih (MS SQL, SAS, Oracle) s pomo\u010djo ODBC protokola in zapisa podatkov nazaj v bazo preko ODBC, izvajanje zunanjih programov iz ukazne vrstice itd.<\/li>\n<li><strong>Koli\u010dina podatkov<\/strong>: veliko operacij in transformacij podatkov je lahko shranjenih direktno v skladi\u0161\u010de podatkov, IBM SPSS Modeler pa lahko uporabi tudi algoritme, ki jih ima sama baza podatkov: MS SQL Server \u2013 Data mining, Inteligent Mier IBM, data miner \u2013 Oracle (i-database mining). Sam program nima omejitev pri koli\u010dini podatkov, omejitev je povezana zgolj z zmogljivostjo samega ra\u010dunalnika uporabnika.<\/li>\n<\/ul>\n","protected":false},"excerpt":{"rendered":"<p>Kaj je to IBM SPSS Modeler? Za razliko od klasi\u010dnih statisti\u010dnih analiz, ki delujejo na na\u010din potrjevanja postavljene hipoteze in posplo\u0161evanja pridobljenih rezultatov z vzorca na populacijo, uporabljamo pri orodju IBM SPSS Modeler druga\u010dno analiti\u010dno logiko. Tu raziskujemo in posku\u0161amo razumeti povezave na podatkih iz celotne populacije (npr. cele baze strank). S pomo\u010djo IBM SPSS [&hellip;]<\/p>\n","protected":false},"author":9,"featured_media":0,"parent":982,"menu_order":0,"comment_status":"closed","ping_status":"closed","template":"page-product.php","meta":[],"acf":[],"aioseo_notices":[],"_links":{"self":[{"href":"https:\/\/oldwww.valicon.net\/sl\/wp-json\/wp\/v2\/pages\/2148\/"}],"collection":[{"href":"https:\/\/oldwww.valicon.net\/sl\/wp-json\/wp\/v2\/pages\/"}],"about":[{"href":"https:\/\/oldwww.valicon.net\/sl\/wp-json\/wp\/v2\/types\/page\/"}],"author":[{"embeddable":true,"href":"https:\/\/oldwww.valicon.net\/sl\/wp-json\/wp\/v2\/users\/9\/"}],"replies":[{"embeddable":true,"href":"https:\/\/oldwww.valicon.net\/sl\/wp-json\/wp\/v2\/comments\/?post=2148"}],"version-history":[{"count":6,"href":"https:\/\/oldwww.valicon.net\/sl\/wp-json\/wp\/v2\/pages\/2148\/revisions\/"}],"predecessor-version":[{"id":18199,"href":"https:\/\/oldwww.valicon.net\/sl\/wp-json\/wp\/v2\/pages\/2148\/revisions\/18199\/"}],"up":[{"embeddable":true,"href":"https:\/\/oldwww.valicon.net\/sl\/wp-json\/wp\/v2\/pages\/982\/"}],"wp:attachment":[{"href":"https:\/\/oldwww.valicon.net\/sl\/wp-json\/wp\/v2\/media\/?parent=2148"}],"curies":[{"name":"wp","href":"https:\/\/api.w.org\/{rel}","templated":true}]}}