{"id":2146,"date":"2016-05-19T13:02:41","date_gmt":"2016-05-19T13:02:41","guid":{"rendered":"http:\/\/www.valicon.net\/sl\/?page_id=2146"},"modified":"2020-12-03T11:59:23","modified_gmt":"2020-12-03T11:59:23","slug":"spss-statistics","status":"publish","type":"page","link":"https:\/\/oldwww.valicon.net\/sl\/vse-resitve\/analitika-avtomatizacija-trzenja\/orodja\/statistika-in-napovedna-analitika\/spss-statistics\/","title":{"rendered":"IBM SPSS Statistics"},"content":{"rendered":"<p><a href=\"http:\/\/www.valicon.net\/sl\/ibm-spss-statistics\/\"><strong>IBM SPSS Statistics<\/strong><\/a> je vodilna programska oprema na podro\u010dju statistike in analitike, ki ponuja re\u0161itve za obravnavo celotnega analiti\u010dnega procesa, vse od zbiranja podatkov, izvajanja analiz ter do poro\u010danja.<\/p>\n<p><a href=\"http:\/\/www.valicon.net\/sl\/ibm-spss-statistics\/\"><strong>IBM SPSS Statistics<\/strong><\/a> je dru\u017eina analiti\u010dnih programskih re\u0161itev, ki se v podjetjih pogosto uporablja v oddelkih <strong>prodaje in tr\u017eenja<\/strong>, v izobra\u017eevalnih ustanovah pri raziskavah in izobra\u017eevanju, v javnih institucijah pri promociji javnega zdravja, statisti\u010dnih raziskavah in prepre\u010devanju goljufij, v zdravstvenih ustanovah pa pri preu\u010devanju rezultatov zdravljenja in vedenjskih ter biomedicinskih raziskavah.<\/p>\n<p>V primerjavi s preglednicami, podatkovnimi bazami in ostalimi orodji za analitiko\u00a0prina\u0161a velik korak naprej v delovni u\u010dinkovitosti uporabnikov in pravilnosti rezultatov dobljenih analiz.<\/p>\n<p><strong><a href=\"http:\/\/www.valicon.net\/sl\/ibm-spss-statistics\/\">IBM SPSS Statistics<\/a><\/strong> na trgu prevladuje \u017ee dolga leta in skozi dolgotrajno uporabo je odli\u010dno <strong>prilagojen \u017eeljam in potrebam uporabnikov<\/strong>. Proti ostalim analiti\u010dnim programom je enostaven za uporabo in se ga je mo\u017eno hitro nau\u010diti. Vsebuje veliko <strong>orodij za pripravo in obdelavo podatkov<\/strong>, kar je pri analitiki izjemno pomembno &#8211; rezultati so namre\u010d odvisni od kvalitete vhodnih podatkov. Kar je \u0161e pomembnej\u0161e, je mo\u017enosti <a href=\"http:\/\/www.valicon.net\/sl\/ibm-spss-statistics\/\"><strong>IBM SPSS Statistics<\/strong><\/a>, da primerno dokumentira podatke (recimo nazive spremenljivk), kar zagotavlja\u00a0konsistenco in razmevanje vhodnih podatkov.<\/p>\n<p><a href=\"http:\/\/www.valicon.net\/sl\/ibm-spss-statistics\/\"><strong>IBM SPSS Statistics<\/strong><\/a> ponuja \u0161iroko paleto <strong>grafi\u010dnih predstavitev rezultatov skozi namenske grafe<\/strong>, \u00a0ki pove\u010dujejo razumevanje rezultatov. <a href=\"http:\/\/www.psimagopro.pl\/index_en.html\"><strong>Predictive Solutions Imago<\/strong><\/a> grafi\u010dno komponento dviguje \u0161e na vi\u0161ji nivo ter omogo\u010da delitev rezultatov med \u010dlani analiti\u010dnega mo\u0161tva.<\/p>\n<p>I<strong>zjemno \u0161irok nabor analiti\u010dnih modelo<\/strong>v, bodisi v osnovnem moduli Base ali kar dvanajstih dodatnih modulih pokriva prakti\u010dno celoten spekter statisti\u010dnih analiz. Poleg tega se <a href=\"http:\/\/www.valicon.net\/sl\/ibm-spss-statistics\/\"><strong>IBM SPSS Statistic<\/strong><\/a>s prilagaja novim tehnologijam, saj omogo\u010da tudi analizo big data podatkovja, geolokacijske analize in z zadnjimi dopolnili vklju\u010duje tudi mo\u017enost izvajanja R programske kode.<\/p>\n<div id=\"attachment_2516\" style=\"width: 610px\" class=\"wp-caption aligncenter\"><a href=\"http:\/\/www.valicon.net\/sl\/ibm-spss-statistics\/\"><img aria-describedby=\"caption-attachment-2516\" loading=\"lazy\" class=\"wp-image-2516 size-large\" src=\"http:\/\/www.valicon.net\/wp-content\/uploads\/2016\/06\/paketi-spss-2-1024x592.jpg\" alt=\"IBM SPSS Statistics moduli\" width=\"600\" height=\"347\" srcset=\"https:\/\/oldwww.valicon.net\/wp-content\/uploads\/2016\/06\/paketi-spss-2-1024x592.jpg 1024w, https:\/\/oldwww.valicon.net\/wp-content\/uploads\/2016\/06\/paketi-spss-2-300x173.jpg 300w, https:\/\/oldwww.valicon.net\/wp-content\/uploads\/2016\/06\/paketi-spss-2-768x444.jpg 768w, https:\/\/oldwww.valicon.net\/wp-content\/uploads\/2016\/06\/paketi-spss-2.jpg 1162w\" sizes=\"(max-width: 600px) 100vw, 600px\" \/><\/a><p id=\"caption-attachment-2516\" class=\"wp-caption-text\">Prikaz kako IBM SPSS Statistics pokriva analiti\u010dni proces<\/p><\/div>\n","protected":false},"excerpt":{"rendered":"<p>IBM SPSS Statistics je vodilna programska oprema na podro\u010dju statistike in analitike, ki ponuja re\u0161itve za obravnavo celotnega analiti\u010dnega procesa, vse od zbiranja podatkov, izvajanja analiz ter do poro\u010danja. IBM SPSS Statistics je dru\u017eina analiti\u010dnih programskih re\u0161itev, ki se v podjetjih pogosto uporablja v oddelkih prodaje in tr\u017eenja, v izobra\u017eevalnih ustanovah pri raziskavah in izobra\u017eevanju, [&hellip;]<\/p>\n","protected":false},"author":9,"featured_media":0,"parent":982,"menu_order":0,"comment_status":"closed","ping_status":"closed","template":"page-product.php","meta":[],"acf":[],"aioseo_notices":[],"_links":{"self":[{"href":"https:\/\/oldwww.valicon.net\/sl\/wp-json\/wp\/v2\/pages\/2146\/"}],"collection":[{"href":"https:\/\/oldwww.valicon.net\/sl\/wp-json\/wp\/v2\/pages\/"}],"about":[{"href":"https:\/\/oldwww.valicon.net\/sl\/wp-json\/wp\/v2\/types\/page\/"}],"author":[{"embeddable":true,"href":"https:\/\/oldwww.valicon.net\/sl\/wp-json\/wp\/v2\/users\/9\/"}],"replies":[{"embeddable":true,"href":"https:\/\/oldwww.valicon.net\/sl\/wp-json\/wp\/v2\/comments\/?post=2146"}],"version-history":[{"count":62,"href":"https:\/\/oldwww.valicon.net\/sl\/wp-json\/wp\/v2\/pages\/2146\/revisions\/"}],"predecessor-version":[{"id":18231,"href":"https:\/\/oldwww.valicon.net\/sl\/wp-json\/wp\/v2\/pages\/2146\/revisions\/18231\/"}],"up":[{"embeddable":true,"href":"https:\/\/oldwww.valicon.net\/sl\/wp-json\/wp\/v2\/pages\/982\/"}],"wp:attachment":[{"href":"https:\/\/oldwww.valicon.net\/sl\/wp-json\/wp\/v2\/media\/?parent=2146"}],"curies":[{"name":"wp","href":"https:\/\/api.w.org\/{rel}","templated":true}]}}