{"id":2144,"date":"2016-05-19T13:02:28","date_gmt":"2016-05-19T13:02:28","guid":{"rendered":"http:\/\/www.valicon.net\/sl\/?page_id=2144"},"modified":"2017-08-28T10:51:28","modified_gmt":"2017-08-28T10:51:28","slug":"marketing-cloud","status":"publish","type":"page","link":"https:\/\/oldwww.valicon.net\/sl\/vse-resitve\/analitika-avtomatizacija-trzenja\/orodja\/statistika-in-napovedna-analitika\/marketing-cloud\/","title":{"rendered":"IBM Marketing Cloud"},"content":{"rendered":"<p><a href=\"http:\/\/www.valicon.net\/sl\/ibm-marketing-cloud\/\"><strong>IBM Marketing Cloud <\/strong><\/a>\u00a0je re\u0161itev v oblaku, ki preko ene platforme omogo\u010da ciljno digitalno tr\u017eno komuniciranje in upravljanje s strankami preko vseh sodobnih komunikacijskih kanalov.<\/p>\n<p>S pomo\u010djo re\u0161itve\u00a0<a href=\"http:\/\/www.valicon.net\/sl\/ibm-marketing-cloud\/\"><strong>IBM Marketing Cloud<\/strong><\/a> va\u0161e znanje o stranki pove\u017eete z njej prilagojeno ponudbo, tako glede vsebine, kot tudi na\u010dina komunikacije, ki ji najbolj ustreza. Na ta na\u010din drasti\u010dno izbolj\u0161ate uspeh va\u0161ih marketin\u0161kih akcij in zagotovljeno pove\u010date prodajo. Funkcionalnosti IBM Marketing Cloud tako uporabnikom omogo\u010dajo:<\/p>\n<ul>\n<li><b>Gradnjo baze kontaktov <\/b>in potencialnih strank (Lead Generation)<\/li>\n<li><b>Usmerjene<\/b> prodajne kampanje (Email Marketing)<\/li>\n<li><b>Spremljanje odziva strank <\/b>na razli\u010dne tipe ponudb<\/li>\n<li>Sledenje <b>vedenju strank <\/b>ob prejemanju dopisov in na spletnih straneh<b>\u00a0 <\/b>(Customer DNA)<\/li>\n<li><b>Rangiranje<\/b> strank glede na njihovo vedenje v akcijah (Scoring)<\/li>\n<li><b>Avtomatiziranje<\/b> procesov v kampanjah<\/li>\n<li><strong>Negovanje odnosov<\/strong> s potencialnimi strankami (Lead Nurturing)<\/li>\n<li>Integracija s CRM in ostalimi aplikacijami v oblaku<\/li>\n<li>Dodatne mo\u017enosti lastnega razvoja (odprte API knji\u017enice)<\/li>\n<li><strong>Povezavo z Valiconovimi produkti<\/strong><\/li>\n<\/ul>\n<p><a href=\"http:\/\/www.valicon.net\/wp-content\/uploads\/2017\/03\/slika1.jpg\" data-rel=\"lightbox-image-0\" data-rl_title=\"\" data-rl_caption=\"\" title=\"\"><img loading=\"lazy\" class=\"alignnone wp-image-5210 size-full\" src=\"http:\/\/www.valicon.net\/wp-content\/uploads\/2017\/03\/slika1.jpg\" alt=\"\" width=\"724\" height=\"306\" srcset=\"https:\/\/oldwww.valicon.net\/wp-content\/uploads\/2017\/03\/slika1.jpg 724w, https:\/\/oldwww.valicon.net\/wp-content\/uploads\/2017\/03\/slika1-300x127.jpg 300w\" sizes=\"(max-width: 724px) 100vw, 724px\" \/><\/a><\/p>\n<p><b>Usmerjena digitalna\u00a0prodaja (Email Marketing)<\/b>\u00a0omogo\u010da\u00a0pove\u010danje zvestobe in zadovoljstva strank, izbolj\u0161evanja\u00a0sodelovanja z njimi ter prilagoditev\u00a0obstoje\u010de ponudbe na potrebe to\u010dno dolo\u010denega potro\u0161nika, kar posledi\u010dno zvi\u0161a kon\u010dno prodajo. V pripravo elektronskih dopisov je obi\u010dajno vlo\u017eenega veliko truda, zato je priporo\u010dljivo imeti orodje, ki omogo\u010da ve\u010dji dele\u017e odprtih in prebranih dopisov ter dober kon\u010dni odziv naslovnikov. \u00a0<a href=\"http:\/\/www.valicon.net\/sl\/ibm-marketing-cloud\/\"><strong>IBM Marketin Cloud<\/strong><\/a> ves \u010das bele\u017ei vedenje strank, tako da skozi dalj\u0161e \u010dasovno obdobje dobite vpogled v celostni profil vsake stranke posebej in na ta na\u010din \u0161e izbolj\u0161ate medsebojno komunikacijo.<\/p>\n<p><a href=\"http:\/\/www.valicon.net\/wp-content\/uploads\/2017\/03\/image2.jpg\" data-rel=\"lightbox-image-1\" data-rl_title=\"\" data-rl_caption=\"\" title=\"\"><img loading=\"lazy\" class=\"alignnone size-full wp-image-5209\" src=\"http:\/\/www.valicon.net\/wp-content\/uploads\/2017\/03\/image2.jpg\" alt=\"\" width=\"626\" height=\"280\" srcset=\"https:\/\/oldwww.valicon.net\/wp-content\/uploads\/2017\/03\/image2.jpg 626w, https:\/\/oldwww.valicon.net\/wp-content\/uploads\/2017\/03\/image2-300x134.jpg 300w\" sizes=\"(max-width: 626px) 100vw, 626px\" \/><\/a><\/p>\n<p><a href=\"http:\/\/www.valicon.net\/sl\/ibm-marketing-cloud\/\"><strong>IBM Marketing Cloud<\/strong> <\/a>avtomatizira prodajni proces tako, da pove\u017ee va\u0161e najpomembnej\u0161e kanale, naprave, aplikacije in sisteme. Celotna re\u0161itev deluje v oblaku, zato je implementacija hitra in enostavna, vse rezultate in analize pa lahko spremljate preko enostavnega uporabni\u0161kega vmesnika. \u00a0Prav enostavna priprava popolnoma avtomatiziranih kampanj je ena glavnih prednosti <a href=\"http:\/\/www.valicon.net\/sl\/ibm-marketing-cloud\/\"><strong>IBM Marketing Cloud<\/strong> <\/a>re\u0161itve pred konkurenco &#8211; enostavno pripravite diagram poteka, ga po\u017eenete in program bo sam skrbel za po\u0161iljanje visoko personaliziranih dopisov v pravem trenutku!<\/p>\n<p><a href=\"http:\/\/www.valicon.net\/wp-content\/uploads\/2016\/05\/avtomatizacija.jpg\" data-rel=\"lightbox-image-2\" data-rl_title=\"\" data-rl_caption=\"\" title=\"\"><img loading=\"lazy\" class=\"alignnone wp-image-5211 \" src=\"http:\/\/www.valicon.net\/wp-content\/uploads\/2016\/05\/avtomatizacija-e1490730454246.jpg\" alt=\"\" width=\"487\" height=\"263\" srcset=\"https:\/\/oldwww.valicon.net\/wp-content\/uploads\/2016\/05\/avtomatizacija-e1490730454246.jpg 639w, https:\/\/oldwww.valicon.net\/wp-content\/uploads\/2016\/05\/avtomatizacija-e1490730454246-300x162.jpg 300w\" sizes=\"(max-width: 487px) 100vw, 487px\" \/><\/a><\/p>\n<p>Avtomatizacija, mo\u017enost personalizacije, \u00a0vrednotenje strank glede na preteklo vedenje in prilagajanja vsebine dopisov vsaki stranki posebej so osnovni pogoj za <strong>negovanje odnosov s strankami (Lead Nurturing).\u00a0<\/strong>Pomembno je predvsem, da ne utrujate baze, ampak z inteligentno komunikacijo pripeljete potencialno stranko v va\u0161e naro\u010dje. Vse, kar morate v <a href=\"http:\/\/www.valicon.net\/sl\/ibm-marketing-cloud\/\"><strong>IBM Marketing Cloud<\/strong> <\/a>pripraviti je vsebina in dobro zami\u0161ljena strategija&#8230;<\/p>\n<p>Kar <a href=\"http:\/\/www.valicon.net\/sl\/ibm-marketing-cloud\/\"><strong>IBM Marketing Cloud<\/strong><\/a>\u00a0\u0161e posebej lo\u010di od konkurence, pa je mo\u017enost povezovanja z ostalimi IBM orodji v oblaku in izmenjava podatkov o vedenju strank. <strong>IBM Marketing Cloud<\/strong> se lahko pove\u017ee s CRM programsko opremo, podatke o vedenju strank se lahko izvozi v analiti\u010dna orodja, kjer se jih zdru\u017ei\u00a0z ostalimi podatki in se jih nato uporabi v<a href=\"http:\/\/www.valicon.net\/sl\/vse-resitve\/analitika-avtomatizacija-trzenja\/resitve\/analitika\/prediktivna-analitika\/\"> procesih napovedne analitike<\/a> (kot je recimo napoved odhodov strank, market basket analiza itd). \u00a0Rezultate analiz se nato spet prenese nazaj v IBM Marketing Cloud, kjer so na voljo za nadaljnje obdelave. IBM je razvil tudi posebno storitev, ki se imenuje <strong>Universal Behaviour Exchange<\/strong>. Le-ta vam omogo\u010da, da si lahko vse IBM-ove re\u0161itve v oblaku medsebojno izmenjujejo podatke o posamezni stranki!<\/p>\n<p>Valicon nudi svojim strankam celotno podporo pri delu z IBM Marketing Cloud re\u0161itvijo. Razvili smo vmesnike, ki omogo\u010dajo brezhibno povezavo z na\u0161imi spletnimi produkti \u00a0(recimo <a href=\"http:\/\/www.smart-profiler.com\/\">Smart Profiler ali Smart Feedback<\/a>) in<strong> tako \u0161e raz\u0161irijo poznavanje strank in uporabo tako pridobljenega znanja za doseganje bolj\u0161ih poslovnih rezultatov!<\/strong><\/p>\n","protected":false},"excerpt":{"rendered":"<p>IBM Marketing Cloud \u00a0je re\u0161itev v oblaku, ki preko ene platforme omogo\u010da ciljno digitalno tr\u017eno komuniciranje in upravljanje s strankami preko vseh sodobnih komunikacijskih kanalov. S pomo\u010djo re\u0161itve\u00a0IBM Marketing Cloud va\u0161e znanje o stranki pove\u017eete z njej prilagojeno ponudbo, tako glede vsebine, kot tudi na\u010dina komunikacije, ki ji najbolj ustreza. Na ta na\u010din drasti\u010dno izbolj\u0161ate [&hellip;]<\/p>\n","protected":false},"author":9,"featured_media":0,"parent":982,"menu_order":0,"comment_status":"closed","ping_status":"closed","template":"page-product.php","meta":[],"acf":[],"aioseo_notices":[],"_links":{"self":[{"href":"https:\/\/oldwww.valicon.net\/sl\/wp-json\/wp\/v2\/pages\/2144\/"}],"collection":[{"href":"https:\/\/oldwww.valicon.net\/sl\/wp-json\/wp\/v2\/pages\/"}],"about":[{"href":"https:\/\/oldwww.valicon.net\/sl\/wp-json\/wp\/v2\/types\/page\/"}],"author":[{"embeddable":true,"href":"https:\/\/oldwww.valicon.net\/sl\/wp-json\/wp\/v2\/users\/9\/"}],"replies":[{"embeddable":true,"href":"https:\/\/oldwww.valicon.net\/sl\/wp-json\/wp\/v2\/comments\/?post=2144"}],"version-history":[{"count":11,"href":"https:\/\/oldwww.valicon.net\/sl\/wp-json\/wp\/v2\/pages\/2144\/revisions\/"}],"predecessor-version":[{"id":6442,"href":"https:\/\/oldwww.valicon.net\/sl\/wp-json\/wp\/v2\/pages\/2144\/revisions\/6442\/"}],"up":[{"embeddable":true,"href":"https:\/\/oldwww.valicon.net\/sl\/wp-json\/wp\/v2\/pages\/982\/"}],"wp:attachment":[{"href":"https:\/\/oldwww.valicon.net\/sl\/wp-json\/wp\/v2\/media\/?parent=2144"}],"curies":[{"name":"wp","href":"https:\/\/api.w.org\/{rel}","templated":true}]}}