{"id":2131,"date":"2016-05-19T12:45:40","date_gmt":"2016-05-19T12:45:40","guid":{"rendered":"http:\/\/www.valicon.net\/sl\/?page_id=2131"},"modified":"2017-08-28T11:58:29","modified_gmt":"2017-08-28T11:58:29","slug":"all-energy","status":"publish","type":"page","link":"https:\/\/oldwww.valicon.net\/sl\/vse-resitve\/raziskave-trga\/resitve\/razumevanje\/all-energy\/","title":{"rendered":"All Energy"},"content":{"rendered":"<p>All Energy je ve\u010dnamenska re\u0161itev, ki temelji na kontinuiranem spremljanju in razumevanju trga ter zaznavanju sprememb in dinamike menjav med dobavitelji elektri\u010dne energije in zemeljskega plina ter energenti med kon\u010dnimi uporabniki.<\/p>\n<p>All Energy ponuja orodje za vpogled in razumevanje po naslednjih to\u010dkah:<\/p>\n<ul>\n<li>Trenutno stanje in trendi na trgu (energenti, dobavitelji elektri\u010dne energije in zemeljskega plina).<\/li>\n<li>Obseg menjav in smeri prehodov med dobavitelji.<\/li>\n<li>Zvestoba dobaviteljem (potencialni prebe\u017eniki).<\/li>\n<li>Razumevanje nakupne poti pri menjavi dobavitelja.<\/li>\n<\/ul>\n<p>\u010cemu je namenjen:<\/p>\n<ul>\n<li>Spremljanje KPI (Key Performance Indicators).<\/li>\n<li>Na\u010drtovanje strategije zadr\u017eevanja oziroma prepre\u010devanja odhodov.<\/li>\n<li>Na\u010drtovanje strategije pridobivanja novih uporabnikov.<\/li>\n<li>Na\u010drtovanje in optimizacija marketin\u0161kega spleta (marketing mix).<\/li>\n<li>Zaznavanje prednosti in slabosti ponudbe in konkuren\u010dnih prednosti.<\/li>\n<li>Podpora pri razvoju novih produktov ali paketov.<\/li>\n<\/ul>\n<p>Klju\u010dne lastnosti:<\/p>\n<ul>\n<li>Velik vzorec: Meritve se izvajajo na spletnem panelu JazVem in v opazovanje je vklju\u010denih ve\u010d kot 8.000 odjemalcev. Vzorec je hkrati reprezentativen.<\/li>\n<li>Inovativna platforma:\u00a0Anketno zbiranje podatkov na inovativni platformi, kjer iste osebe spremljamo v \u010dasu. Valiconov sistem samodejno odkrije spremembe in spro\u017ei dodatna vpra\u0161anja.<\/li>\n<\/ul>\n<p>Kaj so prednosti uporabe All Energy:<\/p>\n<ul>\n<li>Dejanski prehodi:\u00a0Zaznava in meri dejanske menjave med osebami, ki so zamenjale dobavitelja, in ne zgolj hipoteti\u010dnih situacij.<\/li>\n<li>Platforma, ki omogo\u010di dostop do mikro segmentov, na katerih lahko naro\u010dnik izvede dodatni vpogled (npr. test paketa, test oglasa ipd.).<\/li>\n<\/ul>\n","protected":false},"excerpt":{"rendered":"<p>All Energy je ve\u010dnamenska re\u0161itev, ki temelji na kontinuiranem spremljanju in razumevanju trga ter zaznavanju sprememb in dinamike menjav med dobavitelji elektri\u010dne energije in zemeljskega plina ter energenti med kon\u010dnimi uporabniki. All Energy ponuja orodje za vpogled in razumevanje po naslednjih to\u010dkah: Trenutno stanje in trendi na trgu (energenti, dobavitelji elektri\u010dne energije in zemeljskega plina). [&hellip;]<\/p>\n","protected":false},"author":9,"featured_media":0,"parent":1670,"menu_order":0,"comment_status":"closed","ping_status":"closed","template":"page-product.php","meta":[],"acf":[],"aioseo_notices":[],"_links":{"self":[{"href":"https:\/\/oldwww.valicon.net\/sl\/wp-json\/wp\/v2\/pages\/2131\/"}],"collection":[{"href":"https:\/\/oldwww.valicon.net\/sl\/wp-json\/wp\/v2\/pages\/"}],"about":[{"href":"https:\/\/oldwww.valicon.net\/sl\/wp-json\/wp\/v2\/types\/page\/"}],"author":[{"embeddable":true,"href":"https:\/\/oldwww.valicon.net\/sl\/wp-json\/wp\/v2\/users\/9\/"}],"replies":[{"embeddable":true,"href":"https:\/\/oldwww.valicon.net\/sl\/wp-json\/wp\/v2\/comments\/?post=2131"}],"version-history":[{"count":6,"href":"https:\/\/oldwww.valicon.net\/sl\/wp-json\/wp\/v2\/pages\/2131\/revisions\/"}],"predecessor-version":[{"id":7353,"href":"https:\/\/oldwww.valicon.net\/sl\/wp-json\/wp\/v2\/pages\/2131\/revisions\/7353\/"}],"up":[{"embeddable":true,"href":"https:\/\/oldwww.valicon.net\/sl\/wp-json\/wp\/v2\/pages\/1670\/"}],"wp:attachment":[{"href":"https:\/\/oldwww.valicon.net\/sl\/wp-json\/wp\/v2\/media\/?parent=2131"}],"curies":[{"name":"wp","href":"https:\/\/api.w.org\/{rel}","templated":true}]}}