{"id":2127,"date":"2016-05-19T12:39:52","date_gmt":"2016-05-19T12:39:52","guid":{"rendered":"http:\/\/www.valicon.net\/sl\/?page_id=2127"},"modified":"2019-07-22T14:32:25","modified_gmt":"2019-07-22T14:32:25","slug":"all-finance-banks","status":"publish","type":"page","link":"https:\/\/oldwww.valicon.net\/sl\/vse-resitve\/raziskave-trga\/resitve\/razumevanje\/all-finance-banks\/","title":{"rendered":"All Finance Banke"},"content":{"rendered":"<p><a href=\"https:\/\/www.valicon.net\/sl\/all-finance-banks-2019\/\">All Finance banke<\/a> je ve\u010dnamenska re\u0161itev, ki temelji na kontinuiranem spremljanju komitentov bank.<\/p>\n<p>Re\u0161itev nudi vpogled v:<\/p>\n<ol>\n<li>strukturne trende in trenutno stanje na podro\u010dju ban\u010dnega poslovanja s fizi\u010dnimi osebami;<\/li>\n<li>obseg menjav in smeri prehodov na mikro nivoju (smeri menjave glavne banke);<\/li>\n<li>zvestobo komitentov, potencialne ube\u017enike in potencial za pridobitev novih;<\/li>\n<li>uporabo ban\u010dnih produktov in njihov potencial;<\/li>\n<li>nakupno pot pri menjavi banke z razlogi menjav in dejavniki kon\u010dne odlo\u010ditve po bankah;<\/li>\n<li>primerjavo uporabni\u0161ke izku\u0161nje sodobnih ban\u010dnih poti.<\/li>\n<\/ol>\n<h2>Preverjeni indikatorji in redne posodobitve<\/h2>\n<p>V All Finance so vklju\u010deni glavni splo\u0161no priznani indikatorji, na osnovi katerih lahko spremljamo premike v mo\u010di ban\u010dnih znamk na trgu. Ti indikatorji so: BSI (Indeks mo\u010di znamke) v piramidnih prikazih, NPS (Net Promoter Score), zaupanje v banke, segmenti zvestobe.<\/p>\n<h2>Vir podatkov All Finance<\/h2>\n<p>Temelji na <strong>velikem vzorcu<\/strong> komitentov bank, tudi do 10.000. Anketno zbiranje podatkov na<strong> inovativni platformi<\/strong>, kjer iste osebe spremljamo v \u010dasu. Valiconov sistem samodejno odkrije spremembe in spro\u017ei dodatna vpra\u0161anja (npr. nakupna pot ob menjavi glavne banke).<\/p>\n<p>Zaradi velikega vzorca:<\/p>\n<ul>\n<li>omogo\u010da dodaten vpogled v manj\u0161e ciljne skupine (uporabno tudi za banke s tr\u017enim dele\u017eem pod 5\u00a0%);<\/li>\n<li>ponudi vpogled v mikro ciljne skupine, npr. komitenti, ki so od\u0161li od ciljne banke, potencialni ube\u017eniki oziroma nezvesti ciljni banki ipd.;<\/li>\n<li>lahko opi\u0161e druge ciljne skupine,\u00a0ki so relevantne pri razvoju ban\u010dnih storitev in produktov ali tr\u017eenjsko zanimivih segmentov.<\/li>\n<\/ul>\n<p>\u0160e ena prednost All Finance je, da zaznava in meri dejanska prehajanje med osebami, ki so zamenjale banko, in ne hipoteti\u010dnih situacij.<\/p>\n<p>All Finance banke je na voljo na naslednjih trgih:<\/p>\n<ul>\n<li>Slovenija (od 2014 dalje)<\/li>\n<li>Hrva\u0161ka (od 2016 dalje)<\/li>\n<li>BiH (od 2016 dalje)<\/li>\n<li>Srbija (od 2017 dalje)<\/li>\n<\/ul>\n","protected":false},"excerpt":{"rendered":"<p>All Finance banke je ve\u010dnamenska re\u0161itev, ki temelji na kontinuiranem spremljanju komitentov bank. Re\u0161itev nudi vpogled v: strukturne trende in trenutno stanje na podro\u010dju ban\u010dnega poslovanja s fizi\u010dnimi osebami; obseg menjav in smeri prehodov na mikro nivoju (smeri menjave glavne banke); zvestobo komitentov, potencialne ube\u017enike in potencial za pridobitev novih; uporabo ban\u010dnih produktov in njihov [&hellip;]<\/p>\n","protected":false},"author":9,"featured_media":0,"parent":1670,"menu_order":0,"comment_status":"closed","ping_status":"closed","template":"page-product.php","meta":[],"acf":[],"aioseo_notices":[],"_links":{"self":[{"href":"https:\/\/oldwww.valicon.net\/sl\/wp-json\/wp\/v2\/pages\/2127\/"}],"collection":[{"href":"https:\/\/oldwww.valicon.net\/sl\/wp-json\/wp\/v2\/pages\/"}],"about":[{"href":"https:\/\/oldwww.valicon.net\/sl\/wp-json\/wp\/v2\/types\/page\/"}],"author":[{"embeddable":true,"href":"https:\/\/oldwww.valicon.net\/sl\/wp-json\/wp\/v2\/users\/9\/"}],"replies":[{"embeddable":true,"href":"https:\/\/oldwww.valicon.net\/sl\/wp-json\/wp\/v2\/comments\/?post=2127"}],"version-history":[{"count":13,"href":"https:\/\/oldwww.valicon.net\/sl\/wp-json\/wp\/v2\/pages\/2127\/revisions\/"}],"predecessor-version":[{"id":10492,"href":"https:\/\/oldwww.valicon.net\/sl\/wp-json\/wp\/v2\/pages\/2127\/revisions\/10492\/"}],"up":[{"embeddable":true,"href":"https:\/\/oldwww.valicon.net\/sl\/wp-json\/wp\/v2\/pages\/1670\/"}],"wp:attachment":[{"href":"https:\/\/oldwww.valicon.net\/sl\/wp-json\/wp\/v2\/media\/?parent=2127"}],"curies":[{"name":"wp","href":"https:\/\/api.w.org\/{rel}","templated":true}]}}