{"id":2125,"date":"2016-05-19T12:38:59","date_gmt":"2016-05-19T12:38:59","guid":{"rendered":"http:\/\/www.valicon.net\/sl\/?page_id=2125"},"modified":"2017-08-28T11:30:27","modified_gmt":"2017-08-28T11:30:27","slug":"neuro-diagnosticon","status":"publish","type":"page","link":"https:\/\/oldwww.valicon.net\/sl\/vse-resitve\/raziskave-trga\/resitve\/sledenje-uspesnosti-kpi\/neuro-diagnosticon\/","title":{"rendered":"Neuro Diagnosticon"},"content":{"rendered":"<p>Predstavniki podjetja za aplikativno nevroznanost in tr\u017eenjski\u00a0raziskovalci smo zdru\u017eili mo\u010di in razvili ultimativno orodje za\u00a0razumevanje odzivov potro\u0161nikov na video oglase. Povezujemo\u00a0zavestni in nezavedni del: integracija biometri\u010dnih podatkov in\u00a0klasi\u010dnega tr\u017enega raziskovanja.<\/p>\n<p>Neuro.Diagnosticon je najbolj natan\u010dna metoda za razumevanje \u010dustvene reakcije in\u00a0pozornosti na posamezne dra\u017eljaje.<\/p>\n<p>Revolucionarna prednost EEG in eye-tracking tehnologije\u00a0mapiranja mo\u017eganske aktivnosti omogo\u010da neposreden\u00a0vpogled v potro\u0161nikove nezavedne reakcije.<\/p>\n<p>Kdor ne govori, ne la\u017ee. Da bi zagotovili\u00a0poglobljeno razumevanje \u010dustvenih preferenc in\u00a0napovedovanja potro\u0161nikovega vedenja, merimo in\u00a0analiziramo dva klju\u010dna nezavedna procesa: pozornost in\u00a0\u010dustveni odziv (ugodje\/neugodje).<\/p>\n","protected":false},"excerpt":{"rendered":"<p>Predstavniki podjetja za aplikativno nevroznanost in tr\u017eenjski\u00a0raziskovalci smo zdru\u017eili mo\u010di in razvili ultimativno orodje za\u00a0razumevanje odzivov potro\u0161nikov na video oglase. Povezujemo\u00a0zavestni in nezavedni del: integracija biometri\u010dnih podatkov in\u00a0klasi\u010dnega tr\u017enega raziskovanja. Neuro.Diagnosticon je najbolj natan\u010dna metoda za razumevanje \u010dustvene reakcije in\u00a0pozornosti na posamezne dra\u017eljaje. Revolucionarna prednost EEG in eye-tracking tehnologije\u00a0mapiranja mo\u017eganske aktivnosti omogo\u010da neposreden\u00a0vpogled v potro\u0161nikove [&hellip;]<\/p>\n","protected":false},"author":9,"featured_media":0,"parent":661,"menu_order":0,"comment_status":"closed","ping_status":"closed","template":"page-product.php","meta":[],"acf":[],"aioseo_notices":[],"_links":{"self":[{"href":"https:\/\/oldwww.valicon.net\/sl\/wp-json\/wp\/v2\/pages\/2125\/"}],"collection":[{"href":"https:\/\/oldwww.valicon.net\/sl\/wp-json\/wp\/v2\/pages\/"}],"about":[{"href":"https:\/\/oldwww.valicon.net\/sl\/wp-json\/wp\/v2\/types\/page\/"}],"author":[{"embeddable":true,"href":"https:\/\/oldwww.valicon.net\/sl\/wp-json\/wp\/v2\/users\/9\/"}],"replies":[{"embeddable":true,"href":"https:\/\/oldwww.valicon.net\/sl\/wp-json\/wp\/v2\/comments\/?post=2125"}],"version-history":[{"count":5,"href":"https:\/\/oldwww.valicon.net\/sl\/wp-json\/wp\/v2\/pages\/2125\/revisions\/"}],"predecessor-version":[{"id":6454,"href":"https:\/\/oldwww.valicon.net\/sl\/wp-json\/wp\/v2\/pages\/2125\/revisions\/6454\/"}],"up":[{"embeddable":true,"href":"https:\/\/oldwww.valicon.net\/sl\/wp-json\/wp\/v2\/pages\/661\/"}],"wp:attachment":[{"href":"https:\/\/oldwww.valicon.net\/sl\/wp-json\/wp\/v2\/media\/?parent=2125"}],"curies":[{"name":"wp","href":"https:\/\/api.w.org\/{rel}","templated":true}]}}