{"id":2123,"date":"2016-05-19T12:36:34","date_gmt":"2016-05-19T12:36:34","guid":{"rendered":"http:\/\/www.valicon.net\/sl\/?page_id=2123"},"modified":"2017-08-28T11:42:48","modified_gmt":"2017-08-28T11:42:48","slug":"customer-journey","status":"publish","type":"page","link":"https:\/\/oldwww.valicon.net\/sl\/vse-resitve\/raziskave-trga\/resitve\/developing-marketing-mix\/customer-journey\/","title":{"rendered":"Nakupna pot potro\u0161nika"},"content":{"rendered":"<p>Nakupno odlo\u010danje je v &#8220;multi-channel&#8221; in digitalnem svetu postalo kompleksen proces, ki ga trgovci ali ponudniki vedno\u00a0te\u017eje obvladujejo in nadzorujejo. Skozi internet je postala ponudba tako reko\u010d\u00a0transparentna in primerljiva. Razmah mobilnih tehnologij bo to kompleksnost in transparentnost samo \u0161e poglobil.<\/p>\n<p>Nakupni proces je \u017eiva stvar, ki se v \u010dasu spreminja. Razumevanje nakupne poti in zaznavanje prilo\u017enosti v nakupnem lijaku sta klju\u010dna za optimizacijo marketin\u0161kega spleta (marketing mix). Opredelitev in ovrednotenje pomena posameznih izkustvenih to\u010dk (experience points) sta tako reko\u010d obvezna pri\u00a0uresni\u010devanju strategije znamke in uresni\u010devanju prodajne strategije. Za izbrano ciljno skupino potrebujemo:<\/p>\n<ol>\n<li>niz relevantnih izkustvenih to\u010dk, s katerimi se potro\u0161nik sre\u010da v nakupnem lijaku: na primer\u00a0TV ogla\u0161evanje, prodajno mesto, spletna stran ipd.;<\/li>\n<li>razumevanje, kak\u0161na so pri\u010dakovanja v vsaki to\u010dki: potreba po osnovnih koristih izdelka oziroma\u00a0storitve ali potro\u0161nik pri\u010dakuje bolj\u00a0natan\u010dne lastnosti;<\/li>\n<li>vedenje, kako izkustveno to\u010dko nadzorujemo: ali je izkustvena to\u010dka pla\u010dana\u00a0(ogla\u0161evanje) ali je na\u0161a lastna (na\u0161a spletna stran) ali pa je zaslu\u017eena\u00a0(priporo\u010dilo);<\/li>\n<li>zavedanje, kako mo\u010den je vpliv izkustvene to\u010dke na nakupno odlo\u010ditev;<\/li>\n<li>ter navsezadnje: nastop mora biti skladen z identiteto znamke.<\/li>\n<\/ol>\n<p>V Valiconu ponujamo dve re\u0161itvi:<\/p>\n<h2>Mapiranje nakupne poti<\/h2>\n<p>\u201eMapiranje\u201c nakupne poti je vizualizacija strankine izku\u0161nje skozi \u010das. Kot film pripoveduje zgodbo z zaporedjem scen, tj. korakov nakupne poti. Nakupna pot ni zgolj linearna, zato mapiranje upo\u0161teva vse \u201estranske poti\u201c na tej poti.<\/p>\n<p>Pri mapiranju nakupne poti si pomagamo z modeli, ki nas usmerjajo, da se osredoto\u010dimo na klju\u010dne elemente nakupne poti in hkrati res pokrijemo vse dejavnike, ki bi jih sicer lahko spregledali. Predlagamo \u201eokvir nakupne poti\u201c (Customer Journey Canvas), ki temelji na zelo uporabnem in u\u010dinkovitem pristopu \u201eService Design\u201c.<\/p>\n<p>Okvir nakupne poti izdelamo na delavnici s pomo\u010djo predhodno znanih in na novo opredeljenih hipotez, ki jih potem preverimo z intervjuji in fokusno skupino.\u00a0Kon\u010dni rezultat je preverjen, revidiran okvir nakupne poti po opravljeni kvalitativni raziskavi.<\/p>\n<h2>Customer Journey, vrednotenje nakupne poti<\/h2>\n<p>Z re\u0161itvijo Customer Journey skozi inovativni model vrednotenja nakupne poti izvajamo raziskave med potro\u0161niki, ki so opravili nakup oziroma so pri\u0161li do neke nakupne odlo\u010ditve. Pomembno je, da je bil nakupni proces izveden v dovolj kratkem \u010dasu pred meritvijo, saj na tak na\u010din pridemo do realne slike vplivnih to\u010dk.<\/p>\n<p>Nakupni proces je organiziran v 6 nakupnih faz, ki ori\u0161ejo celoten kontekst vplivnih izkustvenih to\u010dk na nakupno odlo\u010ditev:<\/p>\n<ol>\n<li>Spro\u017eilci: kaj je privedlo do za\u010detka nakupnega procesa.<\/li>\n<li>Za\u010detni niz izbire: okvir izbire znamk ob za\u010detku nakupnega procesa in tip kupca.<\/li>\n<li>Spodbude: vpliv izkustvenih to\u010dk ogla\u0161evanja, direktnega tr\u017eenja ipd.<\/li>\n<li>Raziskovanje: klju\u010dne izkustvene to\u010dke informiranja pred nakupom.<\/li>\n<li>Kon\u010dni motivatorji odlo\u010ditve: dejavniki kon\u010dne odlo\u010ditve ob zaklju\u010dku nakupa.<\/li>\n<li>Prva izku\u0161nja: vtis po nakupu.<\/li>\n<\/ol>\n<div id=\"attachment_3408\" style=\"width: 282px\" class=\"wp-caption aligncenter\"><a href=\"http:\/\/www.valicon.net\/wp-content\/uploads\/2016\/10\/Customer_Journey_2016.png\" data-rel=\"lightbox-image-0\" data-rl_title=\"\" data-rl_caption=\"\" title=\"\"><img aria-describedby=\"caption-attachment-3408\" loading=\"lazy\" class=\"size-medium wp-image-3408\" src=\"http:\/\/www.valicon.net\/wp-content\/uploads\/2016\/10\/Customer_Journey_2016-272x300.png\" alt=\"Customer Journey flow by Valicon\" width=\"272\" height=\"300\" srcset=\"https:\/\/oldwww.valicon.net\/wp-content\/uploads\/2016\/10\/Customer_Journey_2016-272x300.png 272w, https:\/\/oldwww.valicon.net\/wp-content\/uploads\/2016\/10\/Customer_Journey_2016-768x846.png 768w, https:\/\/oldwww.valicon.net\/wp-content\/uploads\/2016\/10\/Customer_Journey_2016-929x1024.png 929w, https:\/\/oldwww.valicon.net\/wp-content\/uploads\/2016\/10\/Customer_Journey_2016.png 973w\" sizes=\"(max-width: 272px) 100vw, 272px\" \/><\/a><p id=\"caption-attachment-3408\" class=\"wp-caption-text\">Customer Journey flow by Valicon<\/p><\/div>\n","protected":false},"excerpt":{"rendered":"<p>Nakupno odlo\u010danje je v &#8220;multi-channel&#8221; in digitalnem svetu postalo kompleksen proces, ki ga trgovci ali ponudniki vedno\u00a0te\u017eje obvladujejo in nadzorujejo. Skozi internet je postala ponudba tako reko\u010d\u00a0transparentna in primerljiva. Razmah mobilnih tehnologij bo to kompleksnost in transparentnost samo \u0161e poglobil. Nakupni proces je \u017eiva stvar, ki se v \u010dasu spreminja. Razumevanje nakupne poti in zaznavanje [&hellip;]<\/p>\n","protected":false},"author":9,"featured_media":0,"parent":706,"menu_order":0,"comment_status":"closed","ping_status":"closed","template":"page-product.php","meta":[],"acf":[],"aioseo_notices":[],"_links":{"self":[{"href":"https:\/\/oldwww.valicon.net\/sl\/wp-json\/wp\/v2\/pages\/2123\/"}],"collection":[{"href":"https:\/\/oldwww.valicon.net\/sl\/wp-json\/wp\/v2\/pages\/"}],"about":[{"href":"https:\/\/oldwww.valicon.net\/sl\/wp-json\/wp\/v2\/types\/page\/"}],"author":[{"embeddable":true,"href":"https:\/\/oldwww.valicon.net\/sl\/wp-json\/wp\/v2\/users\/9\/"}],"replies":[{"embeddable":true,"href":"https:\/\/oldwww.valicon.net\/sl\/wp-json\/wp\/v2\/comments\/?post=2123"}],"version-history":[{"count":4,"href":"https:\/\/oldwww.valicon.net\/sl\/wp-json\/wp\/v2\/pages\/2123\/revisions\/"}],"predecessor-version":[{"id":6460,"href":"https:\/\/oldwww.valicon.net\/sl\/wp-json\/wp\/v2\/pages\/2123\/revisions\/6460\/"}],"up":[{"embeddable":true,"href":"https:\/\/oldwww.valicon.net\/sl\/wp-json\/wp\/v2\/pages\/706\/"}],"wp:attachment":[{"href":"https:\/\/oldwww.valicon.net\/sl\/wp-json\/wp\/v2\/media\/?parent=2123"}],"curies":[{"name":"wp","href":"https:\/\/api.w.org\/{rel}","templated":true}]}}