{"id":2016,"date":"2016-05-17T08:17:16","date_gmt":"2016-05-17T08:17:16","guid":{"rendered":"http:\/\/www.valicon.net\/sl\/?page_id=2016"},"modified":"2017-06-12T08:55:21","modified_gmt":"2017-06-12T08:55:21","slug":"esomar-clani-2","status":"publish","type":"page","link":"https:\/\/oldwww.valicon.net\/sl\/esomar-clani-2\/","title":{"rendered":"\u010clani ESOMAR"},"content":{"rendered":"<p style=\"text-align: center;\"><a href=\"http:\/\/www.valicon.net\/wp-content\/uploads\/2016\/05\/logo-esomar.png\" data-rel=\"lightbox-image-0\" data-rl_title=\"\" data-rl_caption=\"\" title=\"\"><img loading=\"lazy\" class=\"alignnone size-full wp-image-4070\" src=\"http:\/\/www.valicon.net\/wp-content\/uploads\/2016\/05\/logo-esomar.png\" alt=\"logo-esomar\" width=\"265\" height=\"93\" \/><\/a><\/p>\n<p>Valicon je \u010dlan organizacije ESOMAR. Tudi na\u0161e podru\u017enice v Zagrebu, Beogradu in Sarajevu so \u010dlanice ESOMAR-ja.<\/p>\n<p><strong>O ESOMAR-ju<\/strong><\/p>\n<p>ESOMAR je klju\u010dnega pomena za spodbujanje, pospe\u0161evanje in izbolj\u0161evanje tr\u017eenjskih raziskav po svetu. Od leta 1948 je bil cilj ESOMAR-ja promocija pomembnosti tr\u017eenjskih in mnenjskih raziskav za u\u010dinkovito odlo\u010danje. ESOMAR spodbuja dialog s 4900 \u010dlani v ve\u010d kot 130 dr\u017eavah, s pomo\u010djo celovitega programa specifi\u010dnih in tematskih konferenc, publikacij in smernic o najbolj\u0161ih praksah s podro\u010dja panoge. ESOMAR prav tako zagotavlja eti\u010dno vodenje in aktivno promovira samoregulacijo v sodelovanju z mnogimi organizacijami po svetu. Ve\u010d informacij o <a href=\"https:\/\/www.esomar.org\/\">ESOMAR-ju<\/a> in\u00a0<a href=\"https:\/\/www.esomar.org\/community\/our-community\">\u00a0ESOMAR\u00a0\u010dlanstvu<\/a>\u00a0najdete na njihovih straneh.<\/p>\n<p><strong>ESOMAR \u010dlanstvo\u00a0<\/strong><\/p>\n<p>\u010clanstvo ESOMAR je \u010dlanstvo za katerokoli raziskovalno agencijo ali naro\u010dnika, ki \u017eeli poudariti svojo zavezanost panogi in eti\u010dnim praksam. ESOMAR zagotavlja \u010dlanom profesionalni napredek in rast podjetja s kredibilnostjo. Globalne smernice za samoregulacijo raziskovalcev so podrobneje opisane v <a href=\"https:\/\/www.esomar.org\/uploads\/public\/knowledge-and-standards\/codes-and-guidelines\/ICCESOMAR_Code_English_.pdf\">ESOMAR-jevem mednarodnem kodeksu<\/a>. Ta zagotavlja metodolo\u0161ke, eti\u010dne in profesionalne standarde v raziskovanju. Kodeks varuje tako pravice raziskovalcev in klientov kot pravice respondentov.<\/p>\n<p>Klju\u010dne to\u010dke, ki jih kodeks ureja, so:<\/p>\n<ul>\n<li>Varovanje pravice respondenta, da se sam odlo\u010da glede sodelovanja oz. nesodelovanja v raziskavi.<\/li>\n<li>Varovanje pravice respondenta, da njegovi osebni podatki niso razkriti tretji osebi,<\/li>\n<li>Varovanje pravice respondenta, da odstopi od sodelovanja v katerem koli trenutku in da lahko zavrne odgovor na katerokoli vpra\u0161anje.<\/li>\n<li>Kodeks ureja tudi sodelovanje mladoletnih oseb.<\/li>\n<li>Kodeks je podrejen veljavni zakonodaji in standardom v posamezni dr\u017eavi.<\/li>\n<\/ul>\n<p>&nbsp;<\/p>\n<p>&nbsp;<\/p>\n","protected":false},"excerpt":{"rendered":"<p>Valicon je \u010dlan organizacije ESOMAR. Tudi na\u0161e podru\u017enice v Zagrebu, Beogradu in Sarajevu so \u010dlanice ESOMAR-ja. O ESOMAR-ju ESOMAR je klju\u010dnega pomena za spodbujanje, pospe\u0161evanje in izbolj\u0161evanje tr\u017eenjskih raziskav po svetu. Od leta 1948 je bil cilj ESOMAR-ja promocija pomembnosti tr\u017eenjskih in mnenjskih raziskav za u\u010dinkovito odlo\u010danje. ESOMAR spodbuja dialog s 4900 \u010dlani v ve\u010d [&hellip;]<\/p>\n","protected":false},"author":9,"featured_media":0,"parent":0,"menu_order":0,"comment_status":"closed","ping_status":"closed","template":"","meta":[],"acf":[],"aioseo_notices":[],"_links":{"self":[{"href":"https:\/\/oldwww.valicon.net\/sl\/wp-json\/wp\/v2\/pages\/2016\/"}],"collection":[{"href":"https:\/\/oldwww.valicon.net\/sl\/wp-json\/wp\/v2\/pages\/"}],"about":[{"href":"https:\/\/oldwww.valicon.net\/sl\/wp-json\/wp\/v2\/types\/page\/"}],"author":[{"embeddable":true,"href":"https:\/\/oldwww.valicon.net\/sl\/wp-json\/wp\/v2\/users\/9\/"}],"replies":[{"embeddable":true,"href":"https:\/\/oldwww.valicon.net\/sl\/wp-json\/wp\/v2\/comments\/?post=2016"}],"version-history":[{"count":7,"href":"https:\/\/oldwww.valicon.net\/sl\/wp-json\/wp\/v2\/pages\/2016\/revisions\/"}],"predecessor-version":[{"id":5983,"href":"https:\/\/oldwww.valicon.net\/sl\/wp-json\/wp\/v2\/pages\/2016\/revisions\/5983\/"}],"wp:attachment":[{"href":"https:\/\/oldwww.valicon.net\/sl\/wp-json\/wp\/v2\/media\/?parent=2016"}],"curies":[{"name":"wp","href":"https:\/\/api.w.org\/{rel}","templated":true}]}}