{"id":1903,"date":"2016-05-09T11:36:17","date_gmt":"2016-05-09T11:36:17","guid":{"rendered":"http:\/\/www.valicon.net\/sl\/?page_id=1903"},"modified":"2024-09-10T08:27:35","modified_gmt":"2024-09-10T08:27:35","slug":"varovanje-zasebnosti-respondentov","status":"publish","type":"page","link":"https:\/\/oldwww.valicon.net\/sl\/varovanje-zasebnosti-respondentov\/","title":{"rendered":"Politika zasebnosti za izvajanje projektov zbiranja podatkov"},"content":{"rendered":"<p><em>Zadnja sprememba: 26-09-2023<\/em><\/p>\n<p>Politika zasebnosti dolo\u010da kako Valicon, tr\u017eenjsko svetovanje in raziskave d.o.o., Kopitarjeva ulica 2, 1000 Ljubljana (v nadaljevanju: Valicon) pridobiva, hrani in uporablja osebne podatke pridobljene v okviru raziskav ki jih izvaja kot del svoje dejavnosti, razen raziskav v okviru spletnega panela Jazvem, kjer smo sprejeli druga pravila. Datum uveljavitve teh pravil o zasebnosti je 26. 9. 2023.<\/p>\n<p>Prosimo vas, da si natan\u010dno preberete na\u0161o politiko zasebnosti.<\/p>\n<h3>1. O nas<\/h3>\n<p>Upravljavec va\u0161ih osebnih podatkov je Valicon, tr\u017eenjsko svetovanje in raziskave d.o.o., Kopitarjeva ulica 2, 1000 Ljubljana.<\/p>\n<p>V primeru vpra\u0161anj se prosim obrnete na nas tako, da po\u0161ljete e-po\u0161tno sporo\u010dilo\u00a0varstvo.podatkov@valicon.net .<\/p>\n<h3>2. Kako pridobivamo va\u0161e osebne podatke<\/h3>\n<p>Va\u0161e osebne podatke pridobivamo v okviru razli\u010dnih projektov zbiranja podatkov (npr. v okviru terenskih, telefonskih, kvalitativnih, spletnih ter drugih raziskav). Va\u0161e osebne podatke lahko pridobivamo in obdelujemo na temelju (i) va\u0161e pisne ali elektronske privolitve (\u010clen 6.1 to\u010dka (a) Splo\u0161ne Uredbe o varstvu osebnih podatkov ali\u00a0 (ii) pa v primerih terenskih in telefonskih anket na temelju izvajanja pogodbe, in sicer prostovoljnega pristopa k izvedbi ankete (\u010dlen 6.1. to\u010dka (b) Splo\u0161ne uredbe o varstvu osebnih podatkov). Za obdelovanje osebnih podatkov, ki razkrivajo rasno ali etni\u010dno poreklo, politi\u010dno mnenje, versko ali filozofsko prepri\u010danje ali \u010dlanstvo v sindikatu, in obdelava genetskih podatkov, biometri\u010dnih podatkov za namene edinstvene identifikacije posameznika, podatkov v zvezi z zdravjem ali podatkov v zvezi s posameznikovim spolnim \u017eivljenjem ali spolno usmerjenostjo (posebne vrste osebnih podatkov) pa bo obdelovanje potekalo vedno le s privolitvijo posameznika (\u010clen 6.1 to\u010dka (a) Splo\u0161ne Uredbe o varstvu osebnih podatkov).<\/p>\n<h3>\u00a03. Katere vrste osebnih podatkov zbiramo ali pridobimo o vas<\/h3>\n<p>V odvisnosti od metodolo\u0161kih in drugih zahtev konkretnega projekta zbiramo naslednje osebne podatke<\/p>\n<ol>\n<li>Kontaktne podatke (npr. ime in priimek, kontaktna telefonska \u0161tevilka, naslov elektronske po\u0161te, naslov, ipd.)<\/li>\n<li>Anketni podatki pridobljeni kot odgovori v okviru raziskav, vklju\u010dno s posebnimi vrstami osebnih podatkov;<\/li>\n<li>Podatke potrebne za vodenje evidenc o izpla\u010dilu nagrad udele\u017eencev v raziskavah<\/li>\n<li>Avdio, video in drugi elektronski zapisi za potrebe kvalitativnih raziskav<\/li>\n<li>Lastnosti spletnega brskalnika in spletni identifikator<\/li>\n<\/ol>\n<h3>4. Kako uporabljamo va\u0161e osebne podatke (nameni obdelave)<\/h3>\n<p>Va\u0161e osebne podatke lahko uporabimo za enega ali ve\u010d naslednjih namenov:<\/p>\n<ol>\n<li>V povezavi <strong>z va\u0161im sodelovanjem v projektih zbiranja podatkov<\/strong> za na\u0161e naro\u010dnike ali pa za namene uporabe v lastnih raziskavah<\/li>\n<li>Za <strong>kontaktiranje v zvezi z izvajanjem in koordinacijo posamezne raziskave<\/strong>, za vodenje evidence udele\u017eencev v raziskavah in za potrebe preverjanja anketarjev. To je potrebno zaradi pravilne implementacije raziskave v sodelovanje katere ste privolili.<\/li>\n<li>Za namen <strong>vodenja evidence o izpla\u010dilu nagrad<\/strong> udele\u017eencev v raziskavah<\/li>\n<li><strong>Za\u0161\u010dita na\u0161ega poslovanja in na\u0161ih poslovnih interesov, vklju\u010dno z namenom prepre\u010devanja goljufij in potvarjanja podatkov. <\/strong>S tem namenom zbiramo va\u0161 spletni identifikator in lastnosti spletnega brskalnika. To je potrebno za za\u0161\u010dito na\u0161ih zakonitih interesov prepre\u010devanja goljufije in da se za\u0161\u010diti na\u0161e poslovanje.<\/li>\n<li><strong>Komuniciranje z na\u0161imi poslovnimi svetovalci in pravnimi zastopniki. <\/strong>To je potrebno za na\u0161e zakonite interese pridobitve pravnega ali strokovnega poslovnega nasveta, mi pa bomo posredovali le va\u0161e osebne podatke, \u010de je to potrebno, v najmanj\u0161em obsegu, ki je potreben in anonimizirane, kadar koli je to mogo\u010de.<\/li>\n<li><strong>Deljenje osebnih podatkov s tretjimi strankami, <\/strong>ki so povezani z nami v zvezi z izvajanjem projektov zbiranja podatkov, kot so na\u0161i naro\u010dniki, kapitalsko povezane dru\u017ebe, neodvisni izvajalci, ponudniki e-po\u0161te in ponudniki razli\u010dnih storitev informacijskih in komunikacijskih tehnologij. Osebne podatke lahko na primer posredujemo podobdelovalcem za storitve obdelave podatkov ali za po\u0161iljanje informacij, ki ste jih zahtevali ali izvajanje intervjujev za projekte tr\u017enih raziskav. S tak\u0161nimi pogodbenimi obdelovalci osebnih podatkov smo sklenili ustrezne zakonsko predpisane pogodbe o obdelavi osebnih podatkov, v katerih smo jih zavezali k enakemu standardu varstva osebnih podatkov, kot \u010de bi te izlo\u010dene dele obdelav osebnih podatkov izvajal Valicon sam. Obenem ti pogodbeni obdelovalci podatke obdelujejo zgolj za namen izvajanja pogodbeno opredeljenih storitev za Valicon in za noben drug namen, niti jih ne smejo uporabljati za lastne namene ali namene tretjih oseb. Tovrstne podatke bomo posredovali oziroma naredili dostopne samo v obsegu, ki ga zahteva dolo\u010den namen. Kadar delimo va\u0161e osebne podatke, bomo to storili dosledno na podlagi potrebe po seznanitvi, v skladu z ustreznimi omejitvami zaupnosti, na anonimizirani osnovi, kolikor je le mogo\u010de, in le toliko, kolikor je to nujno potrebno za katerega koli od teh namenov.<\/li>\n<li><strong>Uveljavljanje na\u0161ih zakonskih pravic in upo\u0161tevanje zakonov, predpisov in drugih zakonskih zahtev.<\/strong> To je potrebno za na\u0161 zakoniti interes varovanja na\u0161ega poslovanja in uveljavljanja na\u0161ih pogodbenih in drugih zakonskih pravic. Za zagotavljanje fizi\u010dne, omre\u017ene in informacijske varnosti ter celovitosti. To je potrebno za na\u0161 zakoniti interes, da zagotovimo varen in brezkompromisen IT sistem in omre\u017eja, vklju\u010dno z varnostnim kopiranjem in arhiviranjem, prepre\u010devanjem zlonamerne programske opreme, virusov, napakami ali drugimi \u0161kodljivimi kodami, prepre\u010devanju nepoobla\u0161\u010denega dostopa do na\u0161ih sistemov in vseh oblik napadov ali po\u0161kodb na\u0161ih IT sistemov in omre\u017eij. Morda bomo morali uporabljati in obdelati va\u0161e osebne podatke, da bi bili v skladu s pravnimi obveznostmi, ki jih moramo spo\u0161tovati. Va\u0161e osebne podatke morda potrebujemo tudi za izpolnjevanje veljavnih zakonskih obveznosti, kot so dav\u010dna zakonodaja in ostali predpisi, ki nas zavezujejo.<\/li>\n<li><strong>Za statisti\u010dne in raziskovalne namene<\/strong>. Podatke bomo anonimizirali in jih uporabili za zakonite interese obdelave osebnih podatkov v raziskovalne namene.<\/li>\n<\/ol>\n<p>Kadar obdelujemo va\u0161e osebne podatke na podlagi va\u0161e privolitve (\u010dlen 6.1 to\u010dka (a) Splo\u0161ne Uredbe o varstvu osebnih podatkov) \u00a0lahko kadarkoli prekli\u010dete dano soglasje tako, da nam po\u0161ljete elektronsko po\u0161to na \u00a0varstvo.podatkov@valicon.net .Ta e-po\u0161tni naslov je za\u0161\u010diten proti smetenju. \u010ce ga \u017eelite videti, omogo\u010dite Javascript. Datum uveljavitve takega preklica je 30 delovnih dni od dne, ko smo prejeli va\u0161o zahtevo.<\/p>\n<h3>5.\u00a0Obdelava osebnih podatkov otrok<\/h3>\n<p>Ne bomo zbirali ali obdelovali podatkov o otrocih, mlaj\u0161ih od 15 let, \u00a0\u010de za to ne bomo prejeli soglasja star\u0161ev v skladu z veljavno zakonodajo. \u010ce bomo ugotovili, da smo nenamerno zbrali podatke o otroku, bomo te podatke nemudoma izbrisali.<\/p>\n<h3>6.\u00a0Obdelava ob\u010dutljivih podatkov<\/h3>\n<p>V nekaterih primerih in v namene, ki so dolo\u010deni v soglasju za sodelovanje v posameznem projektu zbiranja podatkov, v katerem sodelujete kot udele\u017eenec, lahko obdelujemo posebne kategorije osebnih podatkov o vas (\u00bbob\u010dutljive podatke\u00ab). Va\u0161e ob\u010dutljive podatke lahko obdelujemo le \u010de ste za to predhodno podali prostovoljno, izrecno in lo\u010deno soglasje v specifi\u010dnem kontekstu za specifi\u010den namen.<\/p>\n<h3>7. Hramba osebnih podatkov in obdobje obdelave<\/h3>\n<p>Va\u0161e osebne podatke shranjuje Valicon na lastnih stre\u017enikih. Va\u0161e osebne podatke hranimo do izteka 90 dni od zaklju\u010dka projekta zbiranja podatkov. Po tem datumu se vsi osebni podatki anonimizirajo.<\/p>\n<p>\u010ce \u017eelite ve\u010d informacij o tem, kje in kako dolgo so shranjeni va\u0161i osebni podatki, in za ve\u010d informacij o va\u0161i pravico do izbrisa in prenosljivosti osebnih podatkov, se obrnite na nas na varstvo.podatkov@valicon.net.<\/p>\n<h3>8. Kako varujemo va\u0161e osebne podatke<\/h3>\n<p>Sprejeli smo ustrezne tehni\u010dne in organizacijske ukrepe za zavarovanje va\u0161ih osebnih podatkov in njihovo za\u0161\u010dito pred nepoobla\u0161\u010deno ali nezakonito uporabo ali obdelavo ter proti naklju\u010dni izgubi ali uni\u010denju ali po\u0161kodovanju va\u0161ih osebnih podatkov, vklju\u010dno z:<\/p>\n<p>&#8211; na\u010delom najmanj\u0161ega obsega podatkov in obdelave na psevdonimizirani osnovi, kadar koli je to mogo\u010de;<br \/>\n&#8211; usposabljanjem na\u0161ih zaposlenih o pomembnosti zaupnosti in ohranjanju zasebnosti in varnosti va\u0161ih podatkov;<br \/>\n&#8211; zavezanostjo k sprejetju ustreznih disciplinskih ukrepov za uveljavljanje odgovornosti zaposlenih pri zasebnosti;<br \/>\n&#8211; stalnem in celovitem posodabljanju in preizku\u0161anje na\u0161e varnostne tehnologije;<br \/>\n&#8211; skrbno in odgovorno izbiro na\u0161ih podobdelovalcev;<br \/>\n&#8211; z uporabo varnih stre\u017enikov za shranjevanje va\u0161ih osebnih podatkov;<br \/>\n&#8211; imenovanjem poobla\u0161\u010dene osebe za varstvo osebnih podatkov;<br \/>\n&#8211; z zahtevo po dokazu o identiteti od vsakega posameznika, ki zahteva dostop do osebnih podatkov.<\/p>\n<h3>\u00a09.\u00a0Spletni vti\u010dniki in druge internetne tehnologije<\/h3>\n<p><strong>a) You Tube<\/strong><\/p>\n<p>Na\u0161a spletna stran uporablja vti\u010dnike iz YouTuba, ki jih upravlja Google. Upravljavec strani je You Tube LLC, 901 Cherry Ave., San Bruno, CA 94066, ZDA. \u010ce obi\u0161\u010dete na\u0161o spletno stran, ki vsebuje vti\u010dnik za YouTube, je vzpostavljena povezava z YouTubovimi stre\u017eniki. YouTube je s tem obve\u0161\u010den o na\u0161i spletni strani, ki ste jo obiskali.<\/p>\n<p>\u010ce ste prijavljeni v ra\u010dun za YouTube, vam YouTube omogo\u010da, da svoje vedenje brskanja pove\u017eete neposredno z osebnim profilom. To lahko prepre\u010dite tako, da se odjavite iz svojega YouTube ra\u010duna.<\/p>\n<p>YouTube nam pomaga, da bo na\u0161a spletna stran privla\u010dna. To je zakoniti interes v skladu s \u010dl. 6 (1) (f) Splo\u0161ne Uredbe o varstvu osebnih podatkov (v nadaljevanju: GDPR.)<\/p>\n<p>Dodatne informacije o ravnanju z uporabni\u0161kimi podatki so na voljo v izjavi o za\u0161\u010diti podatkov v YouTubu<\/p>\n<p><a href=\"https:\/\/www.youtube.com\/static?template=privacy_guidelines\">https:\/\/www.youtube.com\/static?template=privacy_guidelines<\/a><\/p>\n<p><strong>b) Google Maps<\/strong><\/p>\n<p>Na\u0161a spletna stran uporablja kartografsko storitev Google Zemljevidi prek API-ja. Upravlja ga Google Inc., 1600 Amphitheater Parkway, Mountain View, CA 94043, ZDA.<\/p>\n<p>\u010ce \u017eelite uporabljati Google Zemljevide, je treba shraniti va\u0161 IP naslov. Te informacije se obi\u010dajno prenesejo na Googlov stre\u017enik v ZDA in tam shranijo. Ponudnik te strani nima vpliva na ta prenos podatkov.<\/p>\n<p>Uporaba Google Zemljevidov je v interesu, da na\u0161a spletna stran privla\u010di in olaj\u0161a lokacijo krajev, ki jih nam dolo\u010dite na spletnem mestu. To je zakoniti interes v skladu s \u010dl. 6 (1) (f) GDPR. Dodatne informacije o ravnanju z uporabni\u0161kimi podatki so na voljo v izjavi o za\u0161\u010diti podatkov v Googlu na naslovu\u00a0<a href=\"https:\/\/policies.google.com\/privacy?hl=sl\">https:\/\/policies.google.com\/privacy?hl=sl<\/a>.<\/p>\n<h3>10. Kako uporabljamo pi\u0161kotke in podobno tehnologijo<\/h3>\n<p>Pi\u0161kotek je majhna koli\u010dina podatkov, ki jo spletna stran namesti na va\u0161em ra\u010dunalniku in ponovno prejme, vsakokrat ko dostopate do drugega dokumenta na isti spletni strani. Pi\u0161kotki se uporabljajo predvsem zato, da je mogo\u010de identificirati vsakega uporabnika oziroma ga lo\u010diti od mno\u017eice drugih uporabnikov, ki so\u010dasno uporabljajo isto spletno stran. Gre torej za ra\u010dunalni\u0161ki na\u010din prepoznavanja identitete.<\/p>\n<p>Nekateri pi\u0161kotki se izbri\u0161ejo, takoj ko zaprete brskalnik. Ti pi\u0161kotki se imenujejo sejni ali za\u010dasni pi\u0161kotki, saj trajajo le toliko \u010dasa, kolikor dolgo traja posamezna seja, in se po koncu seje ne hranijo ve\u010d. Tovrstni pi\u0161kotni navadno vsebujejo le identifikacijsko kodo, ki jo lahko prepozna le tista spletna stran, ki je pi\u0161kotke namestila.<\/p>\n<p>Drugi pi\u0161kotki imajo dolo\u010deno \u017eivljenjsko dobo oziroma \u010das veljavnosti ter se uporabljajo zato, da je mogo\u010de ugotoviti, da ste se na dolo\u010deno spletno stran \u017ee prijavili, ali pa hranijo informacijo o nekaterih nastavitvah, na primer o izbiri jezika.<\/p>\n<p>Vsaka spletna stran lahko dostopa le do pi\u0161kotkov, ki jih je ta spletna stran shranila, ne more pa dostopati do podatkov drugih spletnih strani.<\/p>\n<p>Nekatere ali vse pi\u0161kotke, ki jih uporabljamo, lahko zavrnete s spreminjanjem nastavitev brskalnika, vendar lahko to zmanj\u0161a va\u0161o zmo\u017enost uporabe na\u0161ih spletnih strani ali nekaterih ali vseh njihovih funkcij. Za dodatne informacije o pi\u0161kotkih, vklju\u010dno s tem, kako spremeniti nastavitve brskalnika, obi\u0161\u010dite\u00a0<a href=\"http:\/\/www.allaboutcookies.org\/\">www.allaboutcookies.org<\/a><\/p>\n<p><strong>a) Spletni sistem za anketiranje (<\/strong><a href=\"http:\/\/surveys.valicon.net\/\"><strong>valicon.net<\/strong><\/a><strong>)<\/strong> za pravilno in varno delovanje ter izbolj\u0161anje uporabni\u0161ke izku\u0161nje uporablja pi\u0161kotke. \u017divljenjska doba posameznih pi\u0161kotkov je omejena na \u010das trajanja ankete oziroma seje, ter na predviden \u010das izpolnjevanja ankete (privzeto praviloma 5 minut).<\/p>\n<p>Pi\u0161kotka za posamezno anketo sta poimenovana WSS__HEADERS__AI__XXX in WSS__SESSION__ID __XXX pri \u010demer XXX predstavlja identifikacijo ankete na katero se pi\u0161kotka nana\u0161ata.<\/p>\n<p><strong>b) Google reCAPTCHA<\/strong><\/p>\n<p>Da bi zagotovili zadostno varnost podatkov pri vnosih podatkov na na\u0161i spletni strani, v dolo\u010denih primerih uporabljamo storitev Google reCAPTCHA podjetja\u00a0Google Inc., 1600 Amphitheater Parkway, Mountain View, CA 94043, ZDA (v nadaljevanju: reCAPTCHA).<\/p>\n<p>Ta se uporablja predvsem za razlikovanje ali vnos na na\u0161i spletni strani (npr. preko kontaktnega obrazca) izvede fizi\u010dna oseba ali pa se je zgodila zloraba z avtomatiziranim oz. avtomatskim vnosom. Storitev vklju\u010duje po\u0161iljanje IP naslovov in vse druge podatke, ki jih Google potrebuje za storitev reCAPTCHA (npr. informacije o tem katere strani ste si ogledali in \u010das, ko ste si jih ogledali, in kaj ste kliknili).<\/p>\n<p>Analiza, ki jo izvaja reCAPTCHA poteka v celoti v ozadju. Obiskovalci na\u0161ih spletnih strani niso opozorjeni nato, da se zadevna analiza izvaja.<\/p>\n<p>Ve\u010d o\u00a0 reCAPTCHA\u00a0in Googlovih\u00a0pravilih zasebnosti si lahko preberete na na naslednjih spletnih straneh:\u00a0<a href=\"https:\/\/www.google.com\/recaptcha\/intro\/v3beta.html\">https:\/\/www.google.com\/recaptcha\/intro\/v3beta.html<\/a> in\u00a0<a href=\"https:\/\/policies.google.com\/privacy?hl=sl\">https:\/\/policies.google.com\/privacy?hl=sl<\/a>.<\/p>\n<p>Obdelava podatkov s strani\u00a0reCAPTCHA\u00a0se izvaja na podlagi \u010dlena 6 (1) (f) GDPR. Kot upravljavec spletnih strani imamo zakoniti interes, da je na\u0161a spletna ponudba za\u0161\u010ditena pred zlonamernim avtomatiziranim vnosom in neza\u017eeleno elektronsko po\u0161to (SPAM).<\/p>\n<h3>11. Mednarodni prenosi osebnih podatkov<\/h3>\n<p>\u010ce prenesemo va\u0161e osebne podatke zunaj Evropskega gospodarskega prostora, bomo to storili po skrbnem pregledu primernih pravnih podlag in za\u0161\u010ditnih ukrepov, kot so:<\/p>\n<p>&#8211; politike varovanja podatkov znani kot &#8220;Zavezujo\u010da poslovna pravila&#8221; ali &#8220;BCR-ji&#8221;;<br \/>\n&#8211; Standardne pogodbene klavzule , ki jih je sprejela Evropska komisija<br \/>\n&#8211; kodeks ali kodeksi ravnanja, ki jih pripravi zdru\u017eenje ali drug organ, ki ga odobri Informacijski poobla\u0161\u010denec;<br \/>\n&#8211; odobreni certifikacijski mehanizmi.<\/p>\n<h3>12. Pravice posameznika, na katerega se nana\u0161ajo osebni podatki<\/h3>\n<p>\u010ce se osebni podatki v Valicon d.o.o. obdelujejo na podlagi privolitve, lahko posameznik kadarkoli za\u010dasno ali trajno prekli\u010de svojo privolitev za obdelavo osebnih podatkov; prav tako lahko posameznik ugovarja obdelavi osebnih podatkov, ki se nana\u0161ajo nanj, za namen neposrednega tr\u017eenja, ali zahteva dostop, dopolnitev, popravek, omejitev obdelave, prenos ali izbris osebnih podatkov ali vlo\u017ei ugovor zoper obdelavo osebnih podatkov, ki se obdelujejo v zvezi z njim, s pisno zahtevo, poslano na naslov:\u00a0 Valicon d.o.o., Kopitarjeva ulica 2, Ljubljana ali\u00a0 na <a href=\"mailto:varstvo.podatkov@valicon.net\">varstvo.podatkov@valicon.net<\/a>.\u00a0 Va\u0161 preklic velja za naprej in ne vpliva na obdelave osebnih podatkov, ki so bile izvedene do va\u0161ega preklica.<\/p>\n<p>\u010ce boste podali ugovor obdelavi osebnih podatkov na podlagi na\u0161ih zakonitih interesov, va\u0161ih osebnih podatkov ne bomo ve\u010d obdelovali, razen, \u010de v skladu s Splo\u0161no uredbo o varstvu podatkov izka\u017eemo nujne legitimne razloge za obdelavo, ki prevladajo nad va\u0161imi interesi, pravicami in svobo\u0161\u010dinami, ali za uveljavljanje, izvajanje ali obrambo pravnih zahtevkov.<\/p>\n<p>Prav tako bi vas \u017eeleli opozoriti, da imate v primeru, da menite, da so bili kr\u0161eni predpisi, ki urejajo varstvo osebnih podatkov, pravico vlo\u017eiti prito\u017ebo pri Informacijskem poobla\u0161\u010dencu Republike Slovenije, Dunajska cesta 22, 1000 Ljubljana.<\/p>\n<p>Za dodatne informacije o va\u0161ih pravicah v zvezi z va\u0161imi osebnimi podatki, vklju\u010dno z dolo\u010denimi omejitvami, ki veljajo za nekatere od teh pravic, glejte \u010dlene 12 do 23 GDPR, ki je na voljo tukaj:\u00a0<a href=\"http:\/\/ec.europa.eu\/pravosodje\/varstvopodatkov\/reform\/files\/regulation_oj_en.pdf\">http:\/\/ec.europa.eu\/pravosodje\/varstvopodatkov\/reform\/files\/regulation_oj_en.pdf<\/a> .<\/p>\n<h3>13. Spremembe na\u0161e politike zasebnosti<\/h3>\n<p>Od \u010dasa do \u010dasa lahko posodabljamo na\u0161o politiko zasebnosti. Morebitne spremembe te politike zasebnosti za\u010dnejo veljati z dnem objave na spletni strani\u00a0www.valicon.net<\/p>\n<h3>14. Poobla\u0161\u010dena oseba za varstvo osebnih podatkov<\/h3>\n<p>Poobla\u0161\u010dena oseba za varstvo osebnih podatkov je &#8220;Info hi\u0161a&#8221;, Likozarjeva ul.14, 1000 Ljubljana, ki se jo lahko kontaktira na varstvo.podatkov@valicon.net.<\/p>\n","protected":false},"excerpt":{"rendered":"<p>Zadnja sprememba: 26-09-2023 Politika zasebnosti dolo\u010da kako Valicon, tr\u017eenjsko svetovanje in raziskave d.o.o., Kopitarjeva ulica 2, 1000 Ljubljana (v nadaljevanju: Valicon) pridobiva, hrani in uporablja osebne podatke pridobljene v okviru raziskav ki jih izvaja kot del svoje dejavnosti, razen raziskav v okviru spletnega panela Jazvem, kjer smo sprejeli druga pravila. Datum uveljavitve teh pravil o [&hellip;]<\/p>\n","protected":false},"author":9,"featured_media":0,"parent":0,"menu_order":0,"comment_status":"closed","ping_status":"closed","template":"","meta":[],"acf":[],"aioseo_notices":[],"_links":{"self":[{"href":"https:\/\/oldwww.valicon.net\/sl\/wp-json\/wp\/v2\/pages\/1903\/"}],"collection":[{"href":"https:\/\/oldwww.valicon.net\/sl\/wp-json\/wp\/v2\/pages\/"}],"about":[{"href":"https:\/\/oldwww.valicon.net\/sl\/wp-json\/wp\/v2\/types\/page\/"}],"author":[{"embeddable":true,"href":"https:\/\/oldwww.valicon.net\/sl\/wp-json\/wp\/v2\/users\/9\/"}],"replies":[{"embeddable":true,"href":"https:\/\/oldwww.valicon.net\/sl\/wp-json\/wp\/v2\/comments\/?post=1903"}],"version-history":[{"count":24,"href":"https:\/\/oldwww.valicon.net\/sl\/wp-json\/wp\/v2\/pages\/1903\/revisions\/"}],"predecessor-version":[{"id":28879,"href":"https:\/\/oldwww.valicon.net\/sl\/wp-json\/wp\/v2\/pages\/1903\/revisions\/28879\/"}],"wp:attachment":[{"href":"https:\/\/oldwww.valicon.net\/sl\/wp-json\/wp\/v2\/media\/?parent=1903"}],"curies":[{"name":"wp","href":"https:\/\/api.w.org\/{rel}","templated":true}]}}