{"id":1896,"date":"2015-12-24T13:34:54","date_gmt":"2015-12-24T13:34:54","guid":{"rendered":"http:\/\/www.valicon.net\/sl\/?page_id=1896"},"modified":"2017-04-04T08:46:09","modified_gmt":"2017-04-04T08:46:09","slug":"why-participate","status":"publish","type":"page","link":"https:\/\/oldwww.valicon.net\/sl\/why-participate\/","title":{"rendered":"Zakaj sodelovati"},"content":{"rendered":"<p>V okviru panela\u00a0JazVem lahko sodelujete v razli\u010dnih tipih raziskav in tako izrazite svoje mnenje. Izvajamo celo vrsto raziskav za najrazli\u010dnej\u0161a podjetja, od najmo\u010dnej\u0161ih slovenskih do nepogre\u0161ljivih multinacionalnih znamk, ter mnogo zanimivih dru\u017ebenih raziskav.\u00a0Za sodelovanje v vseh tipih raziskav vas bomo nagradili.<\/p>\n<p>&nbsp;<\/p>\n<p><a href=\"http:\/\/www.valicon.net\/wp-content\/uploads\/2015\/12\/O69ALY0.jpg\" data-rel=\"lightbox-image-0\" data-rl_title=\"\" data-rl_caption=\"\" title=\"\"><img loading=\"lazy\" class=\"wp-image-2767 aligncenter\" src=\"http:\/\/www.valicon.net\/wp-content\/uploads\/2015\/12\/O69ALY0-1024x683.jpg\" alt=\"Row of business people making notes at seminar with young man on foreground\" width=\"536\" height=\"337\" \/><\/a><\/p>\n<h2>Svoje mnenje lahko izrazite na razli\u010dne na\u010dine <strong>\u2013 izberete jih lahko sami, na voljo so<\/strong>:<\/h2>\n<p><strong>Spletne raziskave<\/strong><\/p>\n<p>Spletna raziskava je zelo enostavna in nevsiljiva oblika sodelovanja v raziskavah. Na vpra\u0161alnik lahko odgovarjate, kadarkoli vam to najbolj ustreza, izpolnjevanje pa lahko vmes tudi prekinete in z njim nadaljujete kasneje. Vpra\u0161alnik lahko izpolnjujete povsod, kjer imate mo\u017een dostop do interneta. Za sodelovanje v raziskavi boste tudi nagrajeni.<\/p>\n<p><strong>Telefonske raziskave<\/strong><\/p>\n<p>Telefonske raziskave potekajo preko telefona. Poklicali vas bodo prijazni anketarji ter vam zastavili nekaj kratkih vpra\u0161anj, povezanih z razli\u010dnimi\u00a0aktualnimi temami, kot so na primer spremljanje TV oddaj, uporaba in zadovoljstvo s posameznimi izdelki in storitvami itd.<\/p>\n<p><strong>Diskusijska (fokusna) skupina<\/strong><\/p>\n<p>Diskusijska oziroma fokusna skupina je spro\u0161\u010den pogovor 6\u20138 udele\u017eencev ob prigrizku in pija\u010di. Vodi in usmerja ga za to usposobljen moderator. Na pogovor se vam ni treba pripravljati, saj je namen pogovora sli\u0161ati \u010dim ve\u010d razli\u010dnih stali\u0161\u010d, izku\u0161enj in mnenj. \u00a0Nagrada, ki vam pripada za\u00a0sodelovanje v 2-urnem pogovoru, je vrednostni bon ali prakti\u010dno darilo\u00a0naro\u010dnika v vrednosti 20 \u20ac.<\/p>\n<p><strong>Poglobljeni intervju<\/strong><\/p>\n<p>Poglobljeni intervju je individualen spro\u0161\u010den pogovor z na\u0161im raziskovalcem. Poteka ob pija\u010di, v prijetnem in mirnem okolju. Zanima nas predvsem va\u0161e iskreno mnenje. Pogoj za sodelovanje pa je, da vas dolo\u010dena tema zanima oziroma da ste uporabnik dolo\u010dene storitve ali izdelka. Nagrada je lahko vrednostni bon ali prakti\u010dna nagrada na\u0161ega naro\u010dnika. Intervjuji potekajo na razli\u010dnih lokacijah po celotni Sloveniji.<\/p>\n<p><strong>Mystery shopping<\/strong><\/p>\n<p>Pomagajte izbolj\u0161ati kakovost storitev in bodite za to nagrajeni!\u00a0Mystery shopping (navidezno nakupovanje) je metoda raziskovanja, pri kateri boste igrali vlogo potencialne stranke oziroma kupca z namenom ocenjevanja kakovosti dolo\u010dene storitve.\u00a0Mystery shopping poteka na razli\u010dnih lokacijah po celotni Sloveniji.<\/p>\n<h2>Nagradni sistem:<\/h2>\n<h3><strong>JazVem svoje \u010dlane nagrajuje s to\u010dkami JazVem<\/strong>!<\/h3>\n<p><strong>Vrednost ene to\u010dke JazVem je 1 cent,\u00a0100 to\u010dk JazVem\u00a0pa\u00a0torej\u00a0zna\u0161a 1\u20ac.<\/strong><\/p>\n<ol>\n<li>Svoje prve to\u010dke si prislu\u017eite \u017ee s prijavo v panel. Ob prijavi vas <strong>nagradimo s 100 JazVem to\u010dkami<\/strong>.<\/li>\n<li><strong>10 JazVem to\u010dk pridobite za vsako anketo ki jo izpolni \u201eprijatelj\u201c, ki se v panel JazVem vpi\u0161e preko va\u0161e rekrutacijske povezave<\/strong>, ki smo vam jo ob prijavi poslali v elektronski po\u0161ti, kasneje pa jo boste dobili ob vsakem povabilu k raziskavi. To\u010dke za ankete, ki jih re\u0161i va\u0161 \u201eprijatelj\u201c, boste dobivali prva \u0161tiri leta njegovega \u010dlanstva.<\/li>\n<li><strong>JazVem to\u010dke dobite z vsako v celoti izpolnjeno nagradno anketo. <\/strong>\u0160tevilo to\u010dk JazVem, ki jih bo prejel \u010dlan za sodelovanje v nagradni raziskavi, bo dolo\u010deno za vsako raziskavo posebej in bo objavljeno v vabilu k raziskavi.<\/li>\n<\/ol>\n<p>Ve\u010d anket re\u0161ite, ve\u010d to\u010dk pridobite. O stanju va\u0161ih to\u010dk vas bomo redno\u00a0 obve\u0161\u010dali\u00a0ob vsakem vabilu k raziskavi.<\/p>\n<h3>Kako lahko porabim svoje to\u010dke?<\/h3>\n<p>Za vas smo pripravili dve mo\u017enosti porabe pridobljenih to\u010dk, in sicer\u00a0jih lahko spremenite v vrednostne bone razli\u010dnih trgovin, ki jih izberete v <a href=\"http:\/\/jazvem.si\/sl\/nagradnisistem.html\">spletnem katalogu<\/a>, in\/ali sodelujete v nagradnem \u017erebanju.<\/p>\n<h3><strong>\u00a0<\/strong><\/h3>\n","protected":false},"excerpt":{"rendered":"<p>V okviru panela\u00a0JazVem lahko sodelujete v razli\u010dnih tipih raziskav in tako izrazite svoje mnenje. Izvajamo celo vrsto raziskav za najrazli\u010dnej\u0161a podjetja, od najmo\u010dnej\u0161ih slovenskih do nepogre\u0161ljivih multinacionalnih znamk, ter mnogo zanimivih dru\u017ebenih raziskav.\u00a0Za sodelovanje v vseh tipih raziskav vas bomo nagradili. &nbsp; Svoje mnenje lahko izrazite na razli\u010dne na\u010dine \u2013 izberete jih lahko sami, na [&hellip;]<\/p>\n","protected":false},"author":2,"featured_media":0,"parent":0,"menu_order":0,"comment_status":"closed","ping_status":"closed","template":"","meta":[],"acf":[],"aioseo_notices":[],"_links":{"self":[{"href":"https:\/\/oldwww.valicon.net\/sl\/wp-json\/wp\/v2\/pages\/1896\/"}],"collection":[{"href":"https:\/\/oldwww.valicon.net\/sl\/wp-json\/wp\/v2\/pages\/"}],"about":[{"href":"https:\/\/oldwww.valicon.net\/sl\/wp-json\/wp\/v2\/types\/page\/"}],"author":[{"embeddable":true,"href":"https:\/\/oldwww.valicon.net\/sl\/wp-json\/wp\/v2\/users\/2\/"}],"replies":[{"embeddable":true,"href":"https:\/\/oldwww.valicon.net\/sl\/wp-json\/wp\/v2\/comments\/?post=1896"}],"version-history":[{"count":12,"href":"https:\/\/oldwww.valicon.net\/sl\/wp-json\/wp\/v2\/pages\/1896\/revisions\/"}],"predecessor-version":[{"id":5415,"href":"https:\/\/oldwww.valicon.net\/sl\/wp-json\/wp\/v2\/pages\/1896\/revisions\/5415\/"}],"wp:attachment":[{"href":"https:\/\/oldwww.valicon.net\/sl\/wp-json\/wp\/v2\/media\/?parent=1896"}],"curies":[{"name":"wp","href":"https:\/\/api.w.org\/{rel}","templated":true}]}}