{"id":1886,"date":"2016-05-09T07:44:22","date_gmt":"2016-05-09T07:44:22","guid":{"rendered":"http:\/\/www.valicon.net\/sl\/?page_id=1886"},"modified":"2023-09-25T13:11:12","modified_gmt":"2023-09-25T13:11:12","slug":"pravilnik-o-piskotih","status":"publish","type":"page","link":"https:\/\/oldwww.valicon.net\/sl\/pravilnik-o-piskotih\/","title":{"rendered":"Pravilnik o pi\u0161kotih"},"content":{"rendered":"<h2>Pi\u0161kotki in kako jih uporabljamo<\/h2>\n<p>V Pravilniku o pi\u0161kotkih najdete informacije o tem, kako uporabljamo pi\u0161kotke na na\u0161em spletnem mestu.<\/p>\n<h3>Kaj so pi\u0161kotki in kako delujejo?<\/h3>\n<p>Pi\u0161kotki so majhne datoteke, ki jih obiskana spletna mesta po\u0161ljejo v va\u0161 ra\u010dunalnik in shranijo v njem. Pi\u0161kotki so shranjeni v datote\u010dnem imeniku spletnega brskalnika. Ob naslednjem obisku spletnega mesta brskalnik prebere pi\u0161kotek in posreduje informacije spletnemu mestu ali drugemu elementu, ki je nastavil pi\u0161kotek. \u010ce \u017eelite izvedeti ve\u010d o teh tehnologijah in njihovem delovanju, obi\u0161\u010dite ustrezno spletno mesto, na primer <a href=\"http:\/\/allaboutcookies.org\/\">allaboutcookies.org<\/a>.<\/p>\n<h3>Zakaj uporabljamo pi\u0161kotke?<\/h3>\n<p>Na na\u0161em spletnem mestu uporabljamo pi\u0161kotke, da vam lahko ponudimo optimalno izku\u0161njo pri obisku in izbolj\u0161amo spletno mesto. Uporabljamo naslednje pi\u0161kotke:<\/p>\n<ol>\n<li>pi\u0161kotke, s katerimi \u0161tejemo \u0161tevilo obiskovalcev na strani in njihove interese;<\/li>\n<li>pi\u0161kotke, s katerimi raziskujemo, kako se obiskovalci premikajo po strani in koliko \u010dasa se zadr\u017eijo na posamezni strani, da vidimo, kam postaviti vsebine;<\/li>\n<li>pi\u0161kotke, nujne za delovanje spletnih strani.<\/li>\n<\/ol>\n<p>Specifi\u010dni pi\u0161kotki, ki jih uporabljamo, so navedeni spodaj:<\/p>\n<table style=\"width: 147.102%; height: 1992px; border-color: #030202;\">\n<tbody>\n<tr style=\"height: 56.6875px;\">\n<td style=\"width: 34.4666%; height: 56px; border-color: #ededed;\"><strong>Ime pi\u0161kotka<\/strong><\/td>\n<td style=\"width: 12.4267%; height: 56px;\"><strong>Servis<\/strong><\/td>\n<td style=\"width: 11.3716%; height: 56px;\"><strong>Trajanje<\/strong><\/td>\n<td style=\"width: 33.9977%; height: 56px; border-color: #ededed;\"><strong>Namen<\/strong><\/td>\n<\/tr>\n<tr style=\"height: 146px;\">\n<td style=\"width: 34.4666%; height: 146px;\" width=\"244\"><strong>PHPSESSID <\/strong><\/td>\n<td style=\"width: 12.4267%; height: 146px;\" width=\"113\">Valicon.net<\/td>\n<td style=\"width: 11.3716%; height: 146px;\" width=\"104\">Izbri\u0161e se ob zaklju\u010dku seje<\/td>\n<td style=\"width: 33.9977%; height: 146px;\" width=\"144\">Funkcijski \u2013 nujno potrebni za delovanje strani.<\/td>\n<\/tr>\n<tr style=\"height: 146px;\">\n<td style=\"width: 34.4666%; height: 146px;\" width=\"244\"><strong>moove_gdpr_popup<\/strong><\/p>\n<p><strong>\u00a0<\/strong><\/td>\n<td style=\"width: 12.4267%; height: 146px;\" width=\"113\">Valicon.net<\/td>\n<td style=\"width: 11.3716%; height: 146px;\" width=\"104\">1 leto<\/td>\n<td style=\"width: 33.9977%; height: 146px;\" width=\"144\">Funkcijski \u2013 nujno potrebni za delovanje strani. Pi\u0161kotek si zapomni va\u0161o odlo\u010ditev o uporabi pi\u0161kotkov<\/td>\n<\/tr>\n<tr style=\"height: 175px;\">\n<td style=\"width: 34.4666%; height: 175px;\" width=\"244\"><strong>_pk_ses.XXX<\/strong><\/p>\n<p><strong>\u00a0<\/strong><\/td>\n<td style=\"width: 12.4267%; height: 175px;\" width=\"113\">Valicon.net<\/td>\n<td style=\"width: 11.3716%; height: 175px;\" width=\"104\">1 dan<\/td>\n<td style=\"width: 33.9977%; height: 175px;\" width=\"144\">Interna analitika seje uporabnika (podatki ne zapu\u0161\u010dajo na\u0161ih stre\u017enikov). Uporablja se le v kolikor uporabnik dovoli tudi nenujne pi\u0161kotke.<\/td>\n<\/tr>\n<tr style=\"height: 175px;\">\n<td style=\"width: 34.4666%; height: 175px;\" width=\"244\"><strong>_pk_id.XXX<\/strong><\/p>\n<p><strong>\u00a0<\/strong><\/td>\n<td style=\"width: 12.4267%; height: 175px;\" width=\"113\">Valicon.net<\/td>\n<td style=\"width: 11.3716%; height: 175px;\" width=\"104\">13 mesecev<\/td>\n<td style=\"width: 33.9977%; height: 175px;\" width=\"144\">Namenjen interni analitiki uporabnikovih interesov (podatki ne zapu\u0161\u010dajo na\u0161ih stre\u017enikov). Uporablja se le v kolikor uporabnik dovoli tudi nenujne pi\u0161kotke.<\/td>\n<\/tr>\n<tr style=\"height: 232px;\">\n<td style=\"width: 34.4666%; height: 232px;\" width=\"244\"><strong>mtc_id<\/strong><strong>\u00a0<\/strong><\/td>\n<td style=\"width: 12.4267%; height: 232px;\" width=\"113\"><a href=\"http:\/\/m.valicon.net\/\">m.valicon.net<\/a><\/td>\n<td style=\"width: 11.3716%; height: 232px;\" width=\"104\">Izbri\u0161e se ob zaklju\u010dku seje<\/td>\n<td style=\"width: 33.9977%; height: 232px;\" width=\"144\">Funkcijski &#8211; nujno potreben za delovanje podstrani, ki vklju\u010dujejo kontaktne ali druga\u010dne obrazce. Pi\u0161kotek se namesti ob obisku teh strani in\/ali po\u0161iljanju podatkov prek obrazcev na strani. Gre za ID kontaktne to\u010dke.<\/td>\n<\/tr>\n<tr style=\"height: 232px;\">\n<td style=\"width: 34.4666%; height: 232px;\" width=\"244\"><strong>mautic_device_id <\/strong><\/td>\n<td style=\"width: 12.4267%; height: 232px;\" width=\"113\"><a href=\"http:\/\/m.valicon.net\/\">m.valicon.net<\/a><\/td>\n<td style=\"width: 11.3716%; height: 232px;\" width=\"104\">+1 leto<\/td>\n<td style=\"width: 33.9977%; height: 232px;\" width=\"144\">Funkcijski &#8211; nujno potreben za delovanje podstrani, ki vklju\u010dujejo kontaktne ali druga\u010dne obrazce. Pi\u0161kotek se namesti ob obisku teh strani in\/ali po\u0161iljanju podatkov prek obrazcev na strani. Gre za ID seje \/ naprave.<\/td>\n<\/tr>\n<tr style=\"height: 232px;\">\n<td style=\"width: 34.4666%; height: 232px;\" width=\"244\"><strong>mautic_session_id<\/strong><\/td>\n<td style=\"width: 12.4267%; height: 232px;\" width=\"113\"><a href=\"http:\/\/m.valicon.net\/\">m.valicon.net<\/a><\/td>\n<td style=\"width: 11.3716%; height: 232px;\" width=\"104\">+ 1 leto<\/td>\n<td style=\"width: 33.9977%; height: 232px;\" width=\"144\">Funkcijski &#8211; nujno potreben za delovanje podstrani, ki vklju\u010dujejo kontaktne ali druga\u010dne obrazce. Pi\u0161kotek se namesti ob obisku teh strani in\/ali po\u0161iljanju podatkov prek obrazcev na strani. Gre za ID seje \/ naprave.<\/td>\n<\/tr>\n<tr style=\"height: 203px;\">\n<td style=\"width: 34.4666%; height: 203px;\" width=\"244\"><strong>mtc_sid<\/strong><\/td>\n<td style=\"width: 12.4267%; height: 203px;\" width=\"113\"><a href=\"http:\/\/m.valicon.net\/\">m.valicon.net<\/a><\/td>\n<td style=\"width: 11.3716%; height: 203px;\" width=\"104\">Izbri\u0161e se ob zaklju\u010dku seje<\/td>\n<td style=\"width: 33.9977%; height: 203px;\" width=\"144\">Funkcijski &#8211; nujno potreben za delovanje podstrani, ki vklju\u010dujejo kontaktne ali druga\u010dne obrazce. Pi\u0161kotek se namesti ob obisku teh strani in\/ali po\u0161iljanju podatkov prek obrazcev na strani. Gre za\u00a0ID naprave.<\/td>\n<\/tr>\n<tr style=\"height: 203px;\">\n<td style=\"width: 34.4666%; height: 203px;\" width=\"244\"><strong>db9ad511be22066aac18ca0fb5fc8742<\/strong><\/td>\n<td style=\"width: 12.4267%; height: 203px;\" width=\"113\"><a href=\"http:\/\/m.valicon.net\/\">m.valicon.net<\/a><\/td>\n<td style=\"width: 11.3716%; height: 203px;\" width=\"104\">Izbri\u0161e se ob zaklju\u010dku seje<\/td>\n<td style=\"width: 33.9977%; height: 203px;\" width=\"144\">Funkcijski &#8211; nujno potreben za delovanje podstrani, ki vklju\u010dujejo kontaktne ali druga\u010dne obrazce. Pi\u0161kotek se namesti ob obisku teh strani in\/ali po\u0161iljanju podatkov prek obrazcev na strani. Gre za ID seje.<\/td>\n<\/tr>\n<tr style=\"height: 192px;\">\n<td style=\"width: 34.4666%; height: 192px;\" width=\"244\"><strong>Dinami\u010dno ime enako vrednosti pi\u0161kotka\u00a0mautic_device_id<\/strong><\/p>\n<p><strong>\u00a0<\/strong><\/td>\n<td style=\"width: 12.4267%; height: 192px;\" width=\"113\"><a href=\"http:\/\/m.valicon.net\/\">m.valicon.net<\/a><\/td>\n<td style=\"width: 11.3716%; height: 192px;\" width=\"104\">+1 leto<\/td>\n<td style=\"width: 33.9977%; height: 192px;\" width=\"144\">Lahko ga uporablja spletno mesto, vendar ga Mautic ne uporablja za aktivno sledenje stiku. Gre za \u00a0ID kontaktne to\u010dke.<\/td>\n<\/tr>\n<\/tbody>\n<\/table>\n<h3><\/h3>\n<h3>\nKako lahko upravljam pi\u0161kotke?<\/h3>\n<div class=\"gmail_default\">\n<p>\u010ce se ne strinjate z uporabo pi\u0161kotkov na na\u0161em spletnem mestu, lahko to opcijo izberete znotraj obvestila o pi\u0161kotkih. Odjavite se lahko tudi preko\u00a0 obrazca za upravljanje pi\u0161kotkov v spletnem brskalniku. Spletni brskalniki za onemogo\u010danje pi\u0161kotkov uporabljajo razli\u010dne na\u010dine, ki jih obi\u010dajno najdete v meniju Orodja ali Mo\u017enosti. Preberete lahko tudi Pomo\u010d v brskalniku. Ve\u010d o mo\u017enostih upravljanja pi\u0161kotkov v posameznih brskalnikih lahko preberete <a href=\"http:\/\/www.allaboutcookies.org\/manage-cookies\/index.html\" target=\"_blank\" rel=\"noopener noreferrer\">tukaj<\/a>.<\/p>\n<\/div>\n<div class=\"gmail_default\"><\/div>\n<h3>Kako dolgo hranimo informacije?<\/h3>\n<p>To je odvisno od vrste pi\u0161kotkov. Pi\u0161kotki seje pote\u010dejo, ko zaprete spletni brskalnik. Trajni pi\u0161kotki lahko pote\u010dejo \u0161ele po nekaj mesecih ali celo nekaj letih. Pi\u0161kotke lahko sami izbri\u0161ete v spletnem brskalniku.<\/p>\n","protected":false},"excerpt":{"rendered":"<p>Pi\u0161kotki in kako jih uporabljamo V Pravilniku o pi\u0161kotkih najdete informacije o tem, kako uporabljamo pi\u0161kotke na na\u0161em spletnem mestu. Kaj so pi\u0161kotki in kako delujejo? Pi\u0161kotki so majhne datoteke, ki jih obiskana spletna mesta po\u0161ljejo v va\u0161 ra\u010dunalnik in shranijo v njem. Pi\u0161kotki so shranjeni v datote\u010dnem imeniku spletnega brskalnika. Ob naslednjem obisku spletnega [&hellip;]<\/p>\n","protected":false},"author":9,"featured_media":0,"parent":0,"menu_order":0,"comment_status":"closed","ping_status":"closed","template":"","meta":[],"acf":[],"aioseo_notices":[],"_links":{"self":[{"href":"https:\/\/oldwww.valicon.net\/sl\/wp-json\/wp\/v2\/pages\/1886\/"}],"collection":[{"href":"https:\/\/oldwww.valicon.net\/sl\/wp-json\/wp\/v2\/pages\/"}],"about":[{"href":"https:\/\/oldwww.valicon.net\/sl\/wp-json\/wp\/v2\/types\/page\/"}],"author":[{"embeddable":true,"href":"https:\/\/oldwww.valicon.net\/sl\/wp-json\/wp\/v2\/users\/9\/"}],"replies":[{"embeddable":true,"href":"https:\/\/oldwww.valicon.net\/sl\/wp-json\/wp\/v2\/comments\/?post=1886"}],"version-history":[{"count":15,"href":"https:\/\/oldwww.valicon.net\/sl\/wp-json\/wp\/v2\/pages\/1886\/revisions\/"}],"predecessor-version":[{"id":26941,"href":"https:\/\/oldwww.valicon.net\/sl\/wp-json\/wp\/v2\/pages\/1886\/revisions\/26941\/"}],"wp:attachment":[{"href":"https:\/\/oldwww.valicon.net\/sl\/wp-json\/wp\/v2\/media\/?parent=1886"}],"curies":[{"name":"wp","href":"https:\/\/api.w.org\/{rel}","templated":true}]}}