{"id":1813,"date":"2016-05-05T11:27:05","date_gmt":"2016-05-05T11:27:05","guid":{"rendered":"http:\/\/www.valicon.net\/sl\/?page_id=1813"},"modified":"2021-10-15T14:20:52","modified_gmt":"2021-10-15T14:20:52","slug":"pogoji-uporabe","status":"publish","type":"page","link":"https:\/\/oldwww.valicon.net\/sl\/pogoji-uporabe\/","title":{"rendered":"Splo\u0161ni pogoji"},"content":{"rendered":"<p>Dobrodo\u0161li na spletni strani podjetja Valicon d.o.o. Vsebina na Valicon.com (v nadaljevanju spletno mesto) je objavljena pod pogoji, opisanimi v nadaljevanju. Z obiskom tega spletnega mesta sogla\u0161ate, da se s temi pogoji strinjate. Obstaja mo\u017enost, da se splo\u0161ni pogoji \u010dez nekaj \u010dasa spremenijo, zato vas prosimo, da jih ob\u010dasno ponovno preverite.<\/p>\n<h3>Avtorske pravice<\/h3>\n<p>Vse vsebine in funkcionalnosti spletnega mesta, vklju\u010dno z grafikami, logotipi, ikonami in slikami, ter izbira postavitve le-teh je izklju\u010dno last Valicona ali njegovih dajalcev licenc in je za\u0161\u010ditena z mednarodnimi zakoni o avtorskih pravicah. Vse pravice, ki niso posebej odobrene, so pridr\u017eane.<\/p>\n<h3>Blagovna znamka<\/h3>\n<p>Blagovna znamka, storitvena znamka, dizajni in logotipi (skupno znamka), ki so prikazani na spletnem mestu, so registrirana ali neregistrirana znamka Valicona in njegovih dajalcev licenc. Z uporabo spletnega mesta se strinjate, da se ne boste sklicevali ali navezovali na informacije Valicona ali njegovih dajalcev licenc v katerem koli javnem mediju (npr. spro\u010dila za medije, spletne strani) za namene ogla\u0161evanja ali promocije ali za namene informiranja in vplivanja na tretje osebe, ter da ne boste uporabljali in reproducirali znamke ali nakazovali na kakr\u0161nokoli povezavo ali odnos z Valiconom in njegovimi dajalci licenc.<\/p>\n<h3>Uporaba vsebine spletne strani<\/h3>\n<p>Uporaba vsebine spletnega mesta vam zagotavlja neekskluzivno, neprenosljivo licenco pod pogoji, dolo\u010denimi v splo\u0161nih pogojih. Torej da lahko dostopate do enega izvoda vsebine strani, ga prena\u0161ate, prikazujete in kopirate na posameznem ra\u010dunalniku izklju\u010dno za va\u0161o interno, poslovno uporabo\u00a0pod pogojem, da ne spreminjate vsebine strani v kakr\u0161nem koli smislu in ohranite vsa izvirna obvestila o avtorskih pravicah in druga obvestila o intelektualnih pravicah, ki se pojavljajo na spletnem mestu. Tudi reproduciranje, spreminjanje, distribucija, prena\u0161anje, objavljanje ali razkrivanje vsebine spletne strani brez predhodnega privoljenja Valicona je prepovedano.<\/p>\n<h3>Izjava o omejitvi odgovornosti<\/h3>\n<p>Vsebina tega spletnega mesta je objavljena pod pogoji, pod katerimi Valicon ni dol\u017ean nuditi profesionalnih nasvetov in storitev.\u00a0Vsa vsebina te spletne strani je objavljena taka, kot je, brez kakr\u0161nih koli zagotovil, tako eksplicitnih kot implicitnih, vklju\u010dno brez izrecnega jamstva za prodajo in primernost za posamezne namene. Valicon in tretje osebe, ki zagotavljajo vsebino, ne dajejo nobene garancije, eksplicitne ali implicitne, o lastni\u0161tvu, to\u010dnosti in ustreznosti vsebine spletnega mesta. Valicon nima nobene obveznosti ali odgovornosti za kakr\u0161ne koli informacije, objavljene na povezanih spletnih straneh, dodane s strani uporabnikov ali objavljene s strani tretjih oseb. Niti Valicon niti tretje osebe, ki ponujajo vsebino, niso odgovorni za nobeno posredno, naklju\u010dno, posledi\u010dno ali kazensko \u0161kodo ali izgubo prihodkov ali dobi\u010dka ne glede to, ali so opozorili na mo\u017enost takih izgub in ne glede na teorijo odgovornosti.<\/p>\n<h3>Spletne strani tretjih oseb<\/h3>\n<p>Na spletni strani Valicon.si so lahko objavljene povezave do spletnih mest tretjih oseb; nekatere vsebine na spletni strani so pravzaprav pripravljene s strani tretjih oseb, kot na primer oblikovanje spletnih strani tretjih oseb ali vklju\u010devanje vsebine spletnih strani v okviru drugih stre\u017enikov. Valicon nima nobene odgovornosti za te strani, ki so upravljane pod splo\u0161nimi pogoji in pravilnikom o zasebnosti s strani katerih koli tretjih oseb.<\/p>\n","protected":false},"excerpt":{"rendered":"<p>Dobrodo\u0161li na spletni strani podjetja Valicon d.o.o. Vsebina na Valicon.com (v nadaljevanju spletno mesto) je objavljena pod pogoji, opisanimi v nadaljevanju. Z obiskom tega spletnega mesta sogla\u0161ate, da se s temi pogoji strinjate. Obstaja mo\u017enost, da se splo\u0161ni pogoji \u010dez nekaj \u010dasa spremenijo, zato vas prosimo, da jih ob\u010dasno ponovno preverite. Avtorske pravice Vse vsebine [&hellip;]<\/p>\n","protected":false},"author":9,"featured_media":0,"parent":0,"menu_order":0,"comment_status":"closed","ping_status":"closed","template":"","meta":[],"acf":[],"aioseo_notices":[],"_links":{"self":[{"href":"https:\/\/oldwww.valicon.net\/sl\/wp-json\/wp\/v2\/pages\/1813\/"}],"collection":[{"href":"https:\/\/oldwww.valicon.net\/sl\/wp-json\/wp\/v2\/pages\/"}],"about":[{"href":"https:\/\/oldwww.valicon.net\/sl\/wp-json\/wp\/v2\/types\/page\/"}],"author":[{"embeddable":true,"href":"https:\/\/oldwww.valicon.net\/sl\/wp-json\/wp\/v2\/users\/9\/"}],"replies":[{"embeddable":true,"href":"https:\/\/oldwww.valicon.net\/sl\/wp-json\/wp\/v2\/comments\/?post=1813"}],"version-history":[{"count":8,"href":"https:\/\/oldwww.valicon.net\/sl\/wp-json\/wp\/v2\/pages\/1813\/revisions\/"}],"predecessor-version":[{"id":22389,"href":"https:\/\/oldwww.valicon.net\/sl\/wp-json\/wp\/v2\/pages\/1813\/revisions\/22389\/"}],"wp:attachment":[{"href":"https:\/\/oldwww.valicon.net\/sl\/wp-json\/wp\/v2\/media\/?parent=1813"}],"curies":[{"name":"wp","href":"https:\/\/api.w.org\/{rel}","templated":true}]}}