{"id":1769,"date":"2016-05-04T11:56:34","date_gmt":"2016-05-04T11:56:34","guid":{"rendered":"http:\/\/www.valicon.net\/sl\/?page_id=1769"},"modified":"2020-09-03T13:28:45","modified_gmt":"2020-09-03T13:28:45","slug":"mixed-mode","status":"publish","type":"page","link":"https:\/\/oldwww.valicon.net\/sl\/vse-resitve\/podatki-stanje-trga\/resitve\/sodobne-platforme\/mixed-mode\/","title":{"rendered":"Mix Mode"},"content":{"rendered":"<p>Mix-mode je metoda, ki kombinira <strong>anketno zbiranje podatkov s pomo\u010djo spletnega panela<\/strong> in <strong>osebno anketiranje<\/strong> na terenu. Na spletnem panelu se izvede anketiranje na spletni populaciji, na terenu pa se zajame preostali del populacije, ki spleta ne uporablja ali ga skozi spletno anketiranje ne pridobimo. Metoda je plod lastnega razvoja in se odlikuje po na\u010dinu vzor\u010denja.<\/p>\n<p>Pristop natan\u010dno dolo\u010di obseg anket, ki jih je treba izvesti preko spletnega panela po metodi CAWI in skozi terensko zbiranje podatkov po metodi CAPI. Obseg je odvisen od dele\u017ea uporabe interneta v posebnih segmentih, izra\u010dunanih tako, da so med seboj \u010dim bolj heterogeni, notranje pa \u010dim bolj homogeni.<\/p>\n<p><strong>Na\u010dini anketiranja, ki postajajo najbolj relevantni<\/strong><\/p>\n<p><a href=\"http:\/\/www.valicon.net\/wp-content\/uploads\/2016\/09\/AS_mixed_mode_8.png\" data-rel=\"lightbox-image-0\" data-rl_title=\"\" data-rl_caption=\"\" title=\"\"><img loading=\"lazy\" class=\"alignnone wp-image-2958\" src=\"http:\/\/www.valicon.net\/wp-content\/uploads\/2016\/09\/AS_mixed_mode_8.png\" alt=\"AS_mixed_mode_8\" width=\"500\" height=\"235\" srcset=\"https:\/\/oldwww.valicon.net\/wp-content\/uploads\/2016\/09\/AS_mixed_mode_8.png 1017w, https:\/\/oldwww.valicon.net\/wp-content\/uploads\/2016\/09\/AS_mixed_mode_8-300x141.png 300w, https:\/\/oldwww.valicon.net\/wp-content\/uploads\/2016\/09\/AS_mixed_mode_8-768x362.png 768w\" sizes=\"(max-width: 500px) 100vw, 500px\" \/><\/a><\/p>\n<p><strong>Zakaj Mix-mode?<\/strong><\/p>\n<ul>\n<li>Mix-mode je kombinacija metode Smart Sampling na spletnih panelih in osebnega anketiranja, kar zaradi popolne strukture vzorca zagotavlja nacionalno reprezentativnost.<\/li>\n<li>Cena je konkuren\u010dna ali celo ni\u017eja od metode CATI.<\/li>\n<li>Stopnja uporabe fiksnega telefona med prebivalstvom je vedno ni\u017eja.<\/li>\n<li>Padec dosegljivosti dolo\u010denih ciljnih skupin.<\/li>\n<li>Kombinacija spletne in terenske metode zbiranja podatkov najbolj u\u010dinkovito zni\u017ea mode effect \u2013 u\u010dinek metode.<\/li>\n<li>Ni omejitev glede tipov vpra\u0161anj.<\/li>\n<\/ul>\n","protected":false},"excerpt":{"rendered":"<p>Mix-mode je metoda, ki kombinira anketno zbiranje podatkov s pomo\u010djo spletnega panela in osebno anketiranje na terenu. Na spletnem panelu se izvede anketiranje na spletni populaciji, na terenu pa se zajame preostali del populacije, ki spleta ne uporablja ali ga skozi spletno anketiranje ne pridobimo. Metoda je plod lastnega razvoja in se odlikuje po na\u010dinu [&hellip;]<\/p>\n","protected":false},"author":9,"featured_media":0,"parent":1709,"menu_order":0,"comment_status":"closed","ping_status":"closed","template":"page-product.php","meta":[],"acf":[],"aioseo_notices":[],"_links":{"self":[{"href":"https:\/\/oldwww.valicon.net\/sl\/wp-json\/wp\/v2\/pages\/1769\/"}],"collection":[{"href":"https:\/\/oldwww.valicon.net\/sl\/wp-json\/wp\/v2\/pages\/"}],"about":[{"href":"https:\/\/oldwww.valicon.net\/sl\/wp-json\/wp\/v2\/types\/page\/"}],"author":[{"embeddable":true,"href":"https:\/\/oldwww.valicon.net\/sl\/wp-json\/wp\/v2\/users\/9\/"}],"replies":[{"embeddable":true,"href":"https:\/\/oldwww.valicon.net\/sl\/wp-json\/wp\/v2\/comments\/?post=1769"}],"version-history":[{"count":9,"href":"https:\/\/oldwww.valicon.net\/sl\/wp-json\/wp\/v2\/pages\/1769\/revisions\/"}],"predecessor-version":[{"id":16680,"href":"https:\/\/oldwww.valicon.net\/sl\/wp-json\/wp\/v2\/pages\/1769\/revisions\/16680\/"}],"up":[{"embeddable":true,"href":"https:\/\/oldwww.valicon.net\/sl\/wp-json\/wp\/v2\/pages\/1709\/"}],"wp:attachment":[{"href":"https:\/\/oldwww.valicon.net\/sl\/wp-json\/wp\/v2\/media\/?parent=1769"}],"curies":[{"name":"wp","href":"https:\/\/api.w.org\/{rel}","templated":true}]}}