{"id":1556,"date":"2016-04-22T14:23:43","date_gmt":"2016-04-22T14:23:43","guid":{"rendered":"http:\/\/www.valicon.net\/sl\/?page_id=1556"},"modified":"2017-08-28T11:29:30","modified_gmt":"2017-08-28T11:29:30","slug":"brand-track","status":"publish","type":"page","link":"https:\/\/oldwww.valicon.net\/sl\/vse-resitve\/raziskave-trga\/resitve\/sledenje-uspesnosti-kpi\/brand-track\/","title":{"rendered":"Brand Track"},"content":{"rendered":"<p>Ali imate svojo zgodbo? Je ta pomembna va\u0161im strankam? Ali ima znamka kapital za pove\u010danje prodaje? Poznati morate u\u010dinke svojih dejavnosti na podro\u010dju znam\u010denja in vedeti, ali gre le-to v pravo smer.<\/p>\n<ol>\n<li>Ovrednotite mo\u010d, racionalen in \u010dustven kapital znamke.<\/li>\n<li>Dolo\u010dite KPI-je, ki jih lahko spremljate v \u010dasu.<\/li>\n<li>Zaznajte gro\u017enje oziroma prilo\u017enosti pri pozicioniranju znamke, ki so relevantne za rast.<\/li>\n<\/ol>\n<p>Brand Track meri mo\u010d in imid\u017e znamke z dobro uveljavljeno in preizku\u0161eno metriko. Merimo pozicijo znamke znotraj ciljne kategorije.<\/p>\n<p>Brand track je bil razvit z na\u0161imi znanji in po 10 letih nenehnih izbolj\u0161av je postal multidisciplinarna re\u0161itev. S specifikami sektorja in prilagoditvami kategorij se odli\u010dno prilega FMCG, trajnim dobrinam, OTC, storitvenemu sektorju (telco, banke, zavarovalni\u0161tvo, turizem) in tudi znamkam v maloprodaji.<\/p>\n<p>Zasnovan je kot B2C re\u0161itev in tudi B2B re\u0161itev, prilagojen za masovne B2B trge. Na poslovnih trgih je v uporabi predvsem na podro\u010dju telekomunikacij, ICT, ban\u010dni\u0161tva in energijskem sektorju.<\/p>\n<p>Z Brand Trackom boste lahko:<\/p>\n<ul>\n<li>vrednotili u\u010dinke svojih tr\u017eenjskih aktivnosti in aktivnosti konkuren\u010dnih znamk v kategoriji,<\/li>\n<li>razumeli, kako razumejo znamke potro\u0161niki,<\/li>\n<li>zaznali nove\/potencialne tekmece, ki vstopajo ali se krepijo v va\u0161i kategoriji,<\/li>\n<li>spremljali tekmece in spremembe v njihovem pozicioniranju,<\/li>\n<li>postavili robustne tr\u017eenjske KPI-je za spremljanje uspe\u0161nosti v \u010dasu,<\/li>\n<li>izbrali prave ukrepe in postopke in s tem zmanj\u0161ali tveganje napa\u010dnih odlo\u010ditev.<\/li>\n<\/ul>\n<p>Z Brand Trackom boste veliko la\u017eje in bolj analiti\u010dno pripravili tr\u017eenjsko strategijo znamke in s\u00a0podatki podprte brife agencije.<\/p>\n","protected":false},"excerpt":{"rendered":"<p>Ali imate svojo zgodbo? Je ta pomembna va\u0161im strankam? Ali ima znamka kapital za pove\u010danje prodaje? Poznati morate u\u010dinke svojih dejavnosti na podro\u010dju znam\u010denja in vedeti, ali gre le-to v pravo smer. Ovrednotite mo\u010d, racionalen in \u010dustven kapital znamke. Dolo\u010dite KPI-je, ki jih lahko spremljate v \u010dasu. Zaznajte gro\u017enje oziroma prilo\u017enosti pri pozicioniranju znamke, ki [&hellip;]<\/p>\n","protected":false},"author":9,"featured_media":0,"parent":661,"menu_order":0,"comment_status":"closed","ping_status":"closed","template":"page-product.php","meta":[],"acf":[],"aioseo_notices":[],"_links":{"self":[{"href":"https:\/\/oldwww.valicon.net\/sl\/wp-json\/wp\/v2\/pages\/1556\/"}],"collection":[{"href":"https:\/\/oldwww.valicon.net\/sl\/wp-json\/wp\/v2\/pages\/"}],"about":[{"href":"https:\/\/oldwww.valicon.net\/sl\/wp-json\/wp\/v2\/types\/page\/"}],"author":[{"embeddable":true,"href":"https:\/\/oldwww.valicon.net\/sl\/wp-json\/wp\/v2\/users\/9\/"}],"replies":[{"embeddable":true,"href":"https:\/\/oldwww.valicon.net\/sl\/wp-json\/wp\/v2\/comments\/?post=1556"}],"version-history":[{"count":5,"href":"https:\/\/oldwww.valicon.net\/sl\/wp-json\/wp\/v2\/pages\/1556\/revisions\/"}],"predecessor-version":[{"id":6453,"href":"https:\/\/oldwww.valicon.net\/sl\/wp-json\/wp\/v2\/pages\/1556\/revisions\/6453\/"}],"up":[{"embeddable":true,"href":"https:\/\/oldwww.valicon.net\/sl\/wp-json\/wp\/v2\/pages\/661\/"}],"wp:attachment":[{"href":"https:\/\/oldwww.valicon.net\/sl\/wp-json\/wp\/v2\/media\/?parent=1556"}],"curies":[{"name":"wp","href":"https:\/\/api.w.org\/{rel}","templated":true}]}}