{"id":1091,"date":"2016-04-11T12:01:59","date_gmt":"2016-04-11T12:01:59","guid":{"rendered":"http:\/\/www.valicon.net\/sl\/?page_id=1091"},"modified":"2017-08-28T12:02:42","modified_gmt":"2017-08-28T12:02:42","slug":"ad-developer","status":"publish","type":"page","link":"https:\/\/oldwww.valicon.net\/sl\/vse-resitve\/strategija-rast\/resitve\/naslov-skupine-resitev\/ad-developer\/","title":{"rendered":"Ad.Developer"},"content":{"rendered":"<p>Vsak ogla\u0161evalec si \u017eeli, da bi bila njegova kampanja u\u010dinkovita, vendar pa se pogosto dogaja, da sicer v\u0161e\u010dna kampanja pri potro\u0161nikih ne dose\u017ee \u017eelenega u\u010dinka. Ad.Developer je tr\u017enoraziskovalno orodje, s katerim lahko na osnovi kvalitativnih metod razvijamo, optimiziramo in finaliziramo razli\u010dne komunikacijske materiale. Z njegovo pomo\u010djo lahko poi\u0161\u010dete prave ideje, se odlo\u010date med razli\u010dnimi mo\u017enostmi, prilagajate in izbolj\u0161ate \u017ee izdelane predloge, odkrivate potro\u0161nikovo razumevanje sporo\u010dil va\u0161e kampanje itd.<\/p>\n<p>Rezultat so potro\u0161niku prilagojeni tr\u017enokomunikacijski materiali, ki naslavljajo potro\u0161nika ne le na racionalni, temve\u010d tudi na emocionalni ravni z uporabo njegovega jezika ter na\u010dina izra\u017eanja.<\/p>\n<p>S pomo\u010djo orodja\u00a0boste lahko oblikovali kampanje skupaj s predstavniki svoje ciljne skupine ter tako pripravili materiale, s katerimi boste kar se da u\u010dinkovito naslavljali svojega potro\u0161nika. Potro\u0161nika lahko v katerikoli fazi aktivno vklju\u010dite v pripravo komunikacijskih materialov za va\u0161o kampanjo.<\/p>\n","protected":false},"excerpt":{"rendered":"<p>Vsak ogla\u0161evalec si \u017eeli, da bi bila njegova kampanja u\u010dinkovita, vendar pa se pogosto dogaja, da sicer v\u0161e\u010dna kampanja pri potro\u0161nikih ne dose\u017ee \u017eelenega u\u010dinka. Ad.Developer je tr\u017enoraziskovalno orodje, s katerim lahko na osnovi kvalitativnih metod razvijamo, optimiziramo in finaliziramo razli\u010dne komunikacijske materiale. Z njegovo pomo\u010djo lahko poi\u0161\u010dete prave ideje, se odlo\u010date med razli\u010dnimi mo\u017enostmi, [&hellip;]<\/p>\n","protected":false},"author":9,"featured_media":0,"parent":990,"menu_order":0,"comment_status":"closed","ping_status":"closed","template":"page-product.php","meta":[],"acf":[],"aioseo_notices":[],"_links":{"self":[{"href":"https:\/\/oldwww.valicon.net\/sl\/wp-json\/wp\/v2\/pages\/1091\/"}],"collection":[{"href":"https:\/\/oldwww.valicon.net\/sl\/wp-json\/wp\/v2\/pages\/"}],"about":[{"href":"https:\/\/oldwww.valicon.net\/sl\/wp-json\/wp\/v2\/types\/page\/"}],"author":[{"embeddable":true,"href":"https:\/\/oldwww.valicon.net\/sl\/wp-json\/wp\/v2\/users\/9\/"}],"replies":[{"embeddable":true,"href":"https:\/\/oldwww.valicon.net\/sl\/wp-json\/wp\/v2\/comments\/?post=1091"}],"version-history":[{"count":6,"href":"https:\/\/oldwww.valicon.net\/sl\/wp-json\/wp\/v2\/pages\/1091\/revisions\/"}],"predecessor-version":[{"id":6468,"href":"https:\/\/oldwww.valicon.net\/sl\/wp-json\/wp\/v2\/pages\/1091\/revisions\/6468\/"}],"up":[{"embeddable":true,"href":"https:\/\/oldwww.valicon.net\/sl\/wp-json\/wp\/v2\/pages\/990\/"}],"wp:attachment":[{"href":"https:\/\/oldwww.valicon.net\/sl\/wp-json\/wp\/v2\/media\/?parent=1091"}],"curies":[{"name":"wp","href":"https:\/\/api.w.org\/{rel}","templated":true}]}}