{"id":6489,"date":"2015-10-21T08:48:45","date_gmt":"2015-10-21T08:48:45","guid":{"rendered":"http:\/\/www.valicon.net\/sva-rjesenja\/prikupljanje-podataka-trzisnih-cinjenica\/solutions\/integrisana-resenja\/concepticon\/"},"modified":"2017-08-30T08:20:55","modified_gmt":"2017-08-30T08:20:55","slug":"concepticon","status":"publish","type":"page","link":"https:\/\/oldwww.valicon.net\/bs\/sva-rjesenja\/prikupljanje-podataka-trzisnih-cinjenica\/solutions\/integrisana-resenja\/concepticon\/","title":{"rendered":"Concepticon"},"content":{"rendered":"<p>ConceptICON je alat koji vam nudi detaljan uvid u va\u0161u kategoriju otkrivaju\u0107i potencijal kroz identifikaciju nadolaze\u0107ih trendova i nezadovoljenih potreba va\u0161ih potro\u0161a\u010da.<\/p>\n<p>Glavna korist od procesa inovacije uz pomo\u0107 ConceptICONa se mo\u017ee sa\u017eeti u: \u201eS potro\u0161a\u010dem, za potro\u0161a\u010da.\u201c To se posti\u017ee u tri koraka:<\/p>\n<ul>\n<li>identifikacija potencijala za nove proizvode\/usluge;<\/li>\n<li>razvoj koncepta za nove proizvode\/usluge;<\/li>\n<li>evaluacija, fino pode\u0161avanje i nadogradnja koncepta sa potro\u0161a\u010dima.<\/li>\n<\/ul>\n<p>Sa ConceptICONom se razvoj novih proizvoda\/usluga mo\u017ee optimizirati i rezultirati inovacijama koje \u0107e postati neizostavnim dijelom svakodnevnog \u017eivota na\u0161ih potro\u0161a\u010da.<\/p>\n","protected":false},"excerpt":{"rendered":"<p>ConceptICON je alat koji vam nudi detaljan uvid u va\u0161u kategoriju otkrivaju\u0107i potencijal kroz identifikaciju nadolaze\u0107ih trendova i nezadovoljenih potreba va\u0161ih potro\u0161a\u010da. Glavna korist od procesa inovacije uz pomo\u0107 ConceptICONa se mo\u017ee sa\u017eeti u: \u201eS potro\u0161a\u010dem, za potro\u0161a\u010da.\u201c To se posti\u017ee u tri koraka: identifikacija potencijala za nove proizvode\/usluge; razvoj koncepta za nove proizvode\/usluge; evaluacija, [&hellip;]<\/p>\n","protected":false},"author":1,"featured_media":0,"parent":6028,"menu_order":2,"comment_status":"closed","ping_status":"closed","template":"page-product.php","meta":[],"acf":[],"aioseo_notices":[],"_links":{"self":[{"href":"https:\/\/oldwww.valicon.net\/bs\/wp-json\/wp\/v2\/pages\/6489\/"}],"collection":[{"href":"https:\/\/oldwww.valicon.net\/bs\/wp-json\/wp\/v2\/pages\/"}],"about":[{"href":"https:\/\/oldwww.valicon.net\/bs\/wp-json\/wp\/v2\/types\/page\/"}],"author":[{"embeddable":true,"href":"https:\/\/oldwww.valicon.net\/bs\/wp-json\/wp\/v2\/users\/1\/"}],"replies":[{"embeddable":true,"href":"https:\/\/oldwww.valicon.net\/bs\/wp-json\/wp\/v2\/comments\/?post=6489"}],"version-history":[{"count":2,"href":"https:\/\/oldwww.valicon.net\/bs\/wp-json\/wp\/v2\/pages\/6489\/revisions\/"}],"predecessor-version":[{"id":6496,"href":"https:\/\/oldwww.valicon.net\/bs\/wp-json\/wp\/v2\/pages\/6489\/revisions\/6496\/"}],"up":[{"embeddable":true,"href":"https:\/\/oldwww.valicon.net\/bs\/wp-json\/wp\/v2\/pages\/6028\/"}],"wp:attachment":[{"href":"https:\/\/oldwww.valicon.net\/bs\/wp-json\/wp\/v2\/media\/?parent=6489"}],"curies":[{"name":"wp","href":"https:\/\/api.w.org\/{rel}","templated":true}]}}