{"id":6361,"date":"2016-12-13T14:12:03","date_gmt":"2016-12-13T14:12:03","guid":{"rendered":"http:\/\/www.valicon.net\/sva-rjesenja\/marketing-research\/solutions\/industry-insight\/all-energy-2\/"},"modified":"2017-07-21T13:12:00","modified_gmt":"2017-07-21T13:12:00","slug":"all-energy-2","status":"publish","type":"page","link":"https:\/\/oldwww.valicon.net\/bs\/sva-rjesenja\/marketing-research\/solutions\/industry-insight\/all-energy-2\/","title":{"rendered":"All Energy"},"content":{"rendered":"<p><strong>All Energy je vi\u0161enamjensko rje\u0161enje, koje se temelji na kontinuiranom pra\u0107enju i razumijevanju tr\u017ei\u0161ta, kao i detekciji promjena i dinamike promjena kod dobavlja\u010da elektri\u010dne energije, prirodnog plina i energenata me\u0111u krajnjim korisnicima.<\/strong><\/p>\n<p><strong>\u00a0<\/strong>All Energy nudi alat za pregled i razumijevanje:<\/p>\n<ul>\n<li>Trenutnog stanja i tr\u017ei\u0161nih trendova (dobavlja\u010di energenata, elektri\u010dne energije i prirodnog plina);<\/li>\n<\/ul>\n<ul>\n<li>Opsega mjerenja i pravaca prelazaka me\u0111u dobavlja\u010dima;<\/li>\n<li>Lojalnosti dobavlja\u010da (potencijalni odlasci);<\/li>\n<li>Razumijevanje kupovnog puta prilikom promjene dobavlja\u010da.<\/li>\n<\/ul>\n<p>\u010cemu je namijenjen:<\/p>\n<ul>\n<li>Pra\u0107enju KPI (Key Performance Indicator);<\/li>\n<li>Planiranju strategije zadr\u017eavanja ili prevencije odlazaka;<\/li>\n<li>Planiranju strategije privla\u010denja novih korisnika;<\/li>\n<li>Planiranju i optimizaciji marketing miksa;<\/li>\n<li>Detektiranju prednosti i slabosti ponude i konkurentskih prednosti;<\/li>\n<li>Podr\u0161ci za razvoj novih proizvoda ili paketa.<\/li>\n<\/ul>\n<p>Klju\u010dne karakteristike:<\/p>\n<ul>\n<li>Veliki uzorak: Mjerenje se provodi putem online panela JaZnam i u pra\u0107enje je uklju\u010deno vi\u0161e od 8.000 klijenata. U isto vrijeme, uzorak je reprezentativan.<\/li>\n<li>Inovativna platforma: Anketno prikupljanje podataka putem inovativne platforme, gdje se iste osobe promatraju u realnom vremenu. Valiconov sistem automatski detektira promjene i postavlja dodatna pitanja.<\/li>\n<\/ul>\n<p>Koje su prednosti All Energy:<\/p>\n<ul>\n<li>Stvarni prelasci: Detektira i mjeri stvarne promjene me\u0111u osobama koje su promijenile dobavlja\u010da, a ne samo hipotetske situacije.<\/li>\n<li>Platforma omogu\u0107ava pristup mikro segmentima, gdje klijent mo\u017ee izvr\u0161iti dodatne preglede (npr. test paketa, test oglasa, itd.).<\/li>\n<\/ul>\n","protected":false},"excerpt":{"rendered":"<p>All Energy je vi\u0161enamjensko rje\u0161enje, koje se temelji na kontinuiranom pra\u0107enju i razumijevanju tr\u017ei\u0161ta, kao i detekciji promjena i dinamike promjena kod dobavlja\u010da elektri\u010dne energije, prirodnog plina i energenata me\u0111u krajnjim korisnicima. \u00a0All Energy nudi alat za pregled i razumijevanje: Trenutnog stanja i tr\u017ei\u0161nih trendova (dobavlja\u010di energenata, elektri\u010dne energije i prirodnog plina); Opsega mjerenja i [&hellip;]<\/p>\n","protected":false},"author":9,"featured_media":0,"parent":6034,"menu_order":0,"comment_status":"closed","ping_status":"closed","template":"page-product.php","meta":[],"acf":[],"aioseo_notices":[],"_links":{"self":[{"href":"https:\/\/oldwww.valicon.net\/bs\/wp-json\/wp\/v2\/pages\/6361\/"}],"collection":[{"href":"https:\/\/oldwww.valicon.net\/bs\/wp-json\/wp\/v2\/pages\/"}],"about":[{"href":"https:\/\/oldwww.valicon.net\/bs\/wp-json\/wp\/v2\/types\/page\/"}],"author":[{"embeddable":true,"href":"https:\/\/oldwww.valicon.net\/bs\/wp-json\/wp\/v2\/users\/9\/"}],"replies":[{"embeddable":true,"href":"https:\/\/oldwww.valicon.net\/bs\/wp-json\/wp\/v2\/comments\/?post=6361"}],"version-history":[{"count":2,"href":"https:\/\/oldwww.valicon.net\/bs\/wp-json\/wp\/v2\/pages\/6361\/revisions\/"}],"predecessor-version":[{"id":6363,"href":"https:\/\/oldwww.valicon.net\/bs\/wp-json\/wp\/v2\/pages\/6361\/revisions\/6363\/"}],"up":[{"embeddable":true,"href":"https:\/\/oldwww.valicon.net\/bs\/wp-json\/wp\/v2\/pages\/6034\/"}],"wp:attachment":[{"href":"https:\/\/oldwww.valicon.net\/bs\/wp-json\/wp\/v2\/media\/?parent=6361"}],"curies":[{"name":"wp","href":"https:\/\/api.w.org\/{rel}","templated":true}]}}