{"id":6356,"date":"2016-12-14T09:13:29","date_gmt":"2016-12-14T09:13:29","guid":{"rendered":"http:\/\/www.valicon.net\/sva-rjesenja\/marketing-research\/solutions\/industry-insight\/eshopper\/"},"modified":"2017-07-21T12:25:02","modified_gmt":"2017-07-21T12:25:02","slug":"eshopper","status":"publish","type":"page","link":"https:\/\/oldwww.valicon.net\/bs\/sva-rjesenja\/marketing-research\/solutions\/industry-insight\/eshopper\/","title":{"rendered":"eShopper"},"content":{"rendered":"<p><strong>Broj onih koji kupuju online je jo\u0161 uvijek u porastu. Frekvencija kupovine i dobijena vrijednost se pove\u0107avaju br\u017ee nego broj kupaca. <\/strong><\/p>\n<p>Danas, <strong>osam od deset korisnika interneta<\/strong> obave godi\u0161nje barem jednu online kupovinu. <strong>Polovina<\/strong> njih <strong>redovno<\/strong> kupuje online (4 kupovine godi\u0161nje), dok <strong>\u010detvrtina<\/strong> obavi kupovinu <strong>barem jednom mjese\u010dno<\/strong>. Web trgovina je ozbiljan posao i kao takvom, konkurencija je sve ja\u010da, dok su u isto vrijeme i o\u010dekivanja kupaca sve ve\u0107a. Pra\u0107enje iskustva kupovine postaje jedna od klju\u010dnih aktivnosti, koje su standard u web trgovini.<\/p>\n<p><strong>\u00a0<\/strong><strong>Sistemskom metrikom do dragocjenih povratnih informacija sa tr\u017ei\u0161ta<\/strong><\/p>\n<p><strong>Posebna metrika indikatora uspje\u0161nosti<\/strong> radi u pozadini eShopper rje\u0161enja, \u0161to web trgovcima omogu\u0107ava standardiziran i pojednostavljen uvid u njihove kupce i nudi alat za ocjenjivanje uspjeha pored tradicionalnih indikatora uspje\u0161nosti, kao \u0161to su prodaja i profitabilnost. Web trgovci dobijaju <strong>sistemsku povratnu informaciju i saznanja o podru\u010dijima mogu\u0107ih pobolj\u0161anja<\/strong>. Ta podru\u010dja su vezana na <strong>standarde i tehni\u010dke funkcionalnosti<\/strong> web trgovine, <strong>proces kupovnog iskustva kupaca <\/strong>ovisno o <strong>o\u010dekivanjima potro\u0161a\u010da<\/strong>, spoznaju <strong>kona\u010dnih motivatora odluke<\/strong> za kupovinom, <strong>relevantnost i privla\u010dnost ponude<\/strong> i <strong>prilago\u0111avanje ciljnim skupinama<\/strong>.<\/p>\n<p>Rezultati se mogu koristiti na razli\u010dite na\u010dine, a prodava\u010di mogu, uz na\u0161u pomo\u0107, odlu\u010diti koja podru\u010dja bi trebalo unaprijediti.<\/p>\n<p>Klju\u010dna pitanja na koja eShopper daje odgovore:<\/p>\n<ul>\n<li>Ko su va\u0161i kupci: Kako mogu demografski biti opisani i koje korisni\u010dke navike pokazuju prilikom online kupovine?<\/li>\n<li>Lojalnost kupaca online prodava\u010dima: Koliko kupaca \u0107e posjetiti va\u0161u trgovinu pri ponovnoj kupovini?<\/li>\n<li>Kupovno iskustvo: \u0160to se doga\u0111a u toku kupovnog procesa, koji elementi procesa su kriti\u010dni i koji moraju biti pobolj\u0161ani?<\/li>\n<li>Koji standardi web trgovine su osigurani?<\/li>\n<li>Usporedba tr\u017ei\u0161ta: Usporedba sa najvi\u0161im postignutim rezultatom i odstupanje va\u0161e trgovine od prosjeka doma\u0107ih i stranih trgovina posje\u0107enih od strane doma\u0107ih kupaca.<\/li>\n<li>Kontinuirano pra\u0107enje kroz vrijeme omogu\u0107ava vremenske usporedbe i pra\u0107enje trenda.<\/li>\n<\/ul>\n","protected":false},"excerpt":{"rendered":"<p>Broj onih koji kupuju online je jo\u0161 uvijek u porastu. Frekvencija kupovine i dobijena vrijednost se pove\u0107avaju br\u017ee nego broj kupaca. Danas, osam od deset korisnika interneta obave godi\u0161nje barem jednu online kupovinu. Polovina njih redovno kupuje online (4 kupovine godi\u0161nje), dok \u010detvrtina obavi kupovinu barem jednom mjese\u010dno. Web trgovina je ozbiljan posao i kao [&hellip;]<\/p>\n","protected":false},"author":9,"featured_media":0,"parent":6034,"menu_order":0,"comment_status":"closed","ping_status":"closed","template":"page-product.php","meta":[],"acf":[],"aioseo_notices":[],"_links":{"self":[{"href":"https:\/\/oldwww.valicon.net\/bs\/wp-json\/wp\/v2\/pages\/6356\/"}],"collection":[{"href":"https:\/\/oldwww.valicon.net\/bs\/wp-json\/wp\/v2\/pages\/"}],"about":[{"href":"https:\/\/oldwww.valicon.net\/bs\/wp-json\/wp\/v2\/types\/page\/"}],"author":[{"embeddable":true,"href":"https:\/\/oldwww.valicon.net\/bs\/wp-json\/wp\/v2\/users\/9\/"}],"replies":[{"embeddable":true,"href":"https:\/\/oldwww.valicon.net\/bs\/wp-json\/wp\/v2\/comments\/?post=6356"}],"version-history":[{"count":2,"href":"https:\/\/oldwww.valicon.net\/bs\/wp-json\/wp\/v2\/pages\/6356\/revisions\/"}],"predecessor-version":[{"id":6358,"href":"https:\/\/oldwww.valicon.net\/bs\/wp-json\/wp\/v2\/pages\/6356\/revisions\/6358\/"}],"up":[{"embeddable":true,"href":"https:\/\/oldwww.valicon.net\/bs\/wp-json\/wp\/v2\/pages\/6034\/"}],"wp:attachment":[{"href":"https:\/\/oldwww.valicon.net\/bs\/wp-json\/wp\/v2\/media\/?parent=6356"}],"curies":[{"name":"wp","href":"https:\/\/api.w.org\/{rel}","templated":true}]}}