{"id":6220,"date":"2017-06-13T13:59:38","date_gmt":"2017-06-13T13:59:38","guid":{"rendered":"http:\/\/www.valicon.net\/?page_id=6220\/"},"modified":"2017-06-19T11:34:03","modified_gmt":"2017-06-19T11:34:03","slug":"on-line-paneli","status":"publish","type":"page","link":"https:\/\/oldwww.valicon.net\/bs\/sva-rjesenja\/data-market-facts-bs\/solutions\/on-line-panels\/on-line-paneli\/","title":{"rendered":"On-line paneli"},"content":{"rendered":"<p><b>Pristup internetu u ku\u0107anstvu se u posljednjih pet godina pove\u0107ao i penetracija je jednaka ili ve\u0107a (ovisno o dr\u017eavi i dobnoj skupini) od penetracije fiksne telefonije u ku\u0107anstvu.<\/b><\/p>\n<p><span style=\"font-weight: 400;\">Zato vam nudimo bolju opciju od telefonske ankete: ra\u010dunarski podr\u017eano web anketiranje (CAWI) s na\u0161im web panelom. Me\u0111utim, telefonsko anketiranje (CATI) je jo\u0161 uvijek pravi izbor za specifi\u010dno dizajnirana istra\u017eivanja.<\/span><\/p>\n<p><span style=\"font-weight: 400;\">Prednosti CAWI:<\/span><\/p>\n<ul>\n<li style=\"font-weight: 400;\"><span style=\"font-weight: 400;\">Anketiranje vi\u0161e nije vremenski i prostorno ograni\u010deno &#8211; ispitanik sam bira vrijeme i mjesto anketiranja.<\/span><\/li>\n<li style=\"font-weight: 400;\"><span style=\"font-weight: 400;\">Odsutnost anketara daje ta\u010dnije rezultate u slu\u010daju socijalno osjetljivih pitanja (nema neugodnosti kod ispitanika koji bi doveli do suzdr\u017eanih odgovora).<\/span><\/li>\n<li style=\"font-weight: 400;\"><span style=\"font-weight: 400;\">Pristup nedostupnoj skupini stanovni\u0161tva nedosti\u017enoj drugim metodama anketiranja.<\/span><\/li>\n<li style=\"font-weight: 400;\"><span style=\"font-weight: 400;\">Targetiranje vrlo malih segmenata, u razumnom vremenu po razumnoj cijeni.<\/span><\/li>\n<li style=\"font-weight: 400;\"><span style=\"font-weight: 400;\">Mogu\u0107nost kori\u0161tenja zvu\u010dnih, slikovnih i video priloga.<\/span><\/li>\n<li style=\"font-weight: 400;\"><i><span style=\"font-weight: 400;\">Offline<\/span><\/i><span style=\"font-weight: 400;\"> populacija nije nu\u017eno isklju\u010dena i mogu\u0107e ju je uklju\u010diti s na\u0161om jedinstvenom metodologijom <\/span><i><span style=\"font-weight: 400;\">Smart Sampling<\/span><\/i><span style=\"font-weight: 400;\">.<\/span><\/li>\n<\/ul>\n","protected":false},"excerpt":{"rendered":"<p>Pristup internetu u ku\u0107anstvu se u posljednjih pet godina pove\u0107ao i penetracija je jednaka ili ve\u0107a (ovisno o dr\u017eavi i dobnoj skupini) od penetracije fiksne telefonije u ku\u0107anstvu. Zato vam nudimo bolju opciju od telefonske ankete: ra\u010dunarski podr\u017eano web anketiranje (CAWI) s na\u0161im web panelom. Me\u0111utim, telefonsko anketiranje (CATI) je jo\u0161 uvijek pravi izbor za [&hellip;]<\/p>\n","protected":false},"author":9,"featured_media":0,"parent":5389,"menu_order":0,"comment_status":"closed","ping_status":"closed","template":"page-product.php","meta":[],"acf":[],"aioseo_notices":[],"_links":{"self":[{"href":"https:\/\/oldwww.valicon.net\/bs\/wp-json\/wp\/v2\/pages\/6220\/"}],"collection":[{"href":"https:\/\/oldwww.valicon.net\/bs\/wp-json\/wp\/v2\/pages\/"}],"about":[{"href":"https:\/\/oldwww.valicon.net\/bs\/wp-json\/wp\/v2\/types\/page\/"}],"author":[{"embeddable":true,"href":"https:\/\/oldwww.valicon.net\/bs\/wp-json\/wp\/v2\/users\/9\/"}],"replies":[{"embeddable":true,"href":"https:\/\/oldwww.valicon.net\/bs\/wp-json\/wp\/v2\/comments\/?post=6220"}],"version-history":[{"count":5,"href":"https:\/\/oldwww.valicon.net\/bs\/wp-json\/wp\/v2\/pages\/6220\/revisions\/"}],"predecessor-version":[{"id":6261,"href":"https:\/\/oldwww.valicon.net\/bs\/wp-json\/wp\/v2\/pages\/6220\/revisions\/6261\/"}],"up":[{"embeddable":true,"href":"https:\/\/oldwww.valicon.net\/bs\/wp-json\/wp\/v2\/pages\/5389\/"}],"wp:attachment":[{"href":"https:\/\/oldwww.valicon.net\/bs\/wp-json\/wp\/v2\/media\/?parent=6220"}],"curies":[{"name":"wp","href":"https:\/\/api.w.org\/{rel}","templated":true}]}}