{"id":6189,"date":"2017-06-13T13:45:28","date_gmt":"2017-06-13T13:45:28","guid":{"rendered":"http:\/\/www.valicon.net\/?page_id=6189\/"},"modified":"2019-07-22T14:14:20","modified_gmt":"2019-07-22T14:14:20","slug":"all-finance-banks","status":"publish","type":"page","link":"https:\/\/oldwww.valicon.net\/bs\/sva-rjesenja\/marketing-research\/solutions\/industry-insight\/all-finance-banks\/","title":{"rendered":"All Finance Banks"},"content":{"rendered":"<p><strong>All Finance Banke je vi\u0161enamjensko rje\u0161enje, koje se temelji na kontinuiranom pra\u0107enju klijenata banaka.<\/strong><\/p>\n<p>Rje\u0161enje nudi uvid u:<\/p>\n<ol>\n<li>Strukturne trendove i trenutno stanje u polju bankarskih operacija sa fizi\u010dkim osobama;<\/li>\n<li>Opseg transfera i pravaca promjena na mikro nivou (trendovi promjena glavne banke);<\/li>\n<li>Lojalnost klijenata, potencijalni odlasci i potencijal za akviziciju novih klijenata;<\/li>\n<li>Kori\u0161tenje bankarskih proizvoda i njihov potencijal;<\/li>\n<li>Kupovni put pri promjeni banke sa razlozima za promjenu i \u010dimbenicima za kona\u010dnu odluku po pitanju banke;<\/li>\n<li>Usporedba korisni\u010dkog iskustva modernih bankarskih kanala.<\/li>\n<\/ol>\n<p><strong>Provjereni indikatori i redovna a\u017euriranja<\/strong><\/p>\n<p>All Finance uklju\u010duje op\u0161te prihva\u0107ene indikatore, koji omogu\u0107avaju pra\u0107enje promjena snage bankarskih brandova na tr\u017ei\u0161tu. Ovi indikatori su: BSI (Brand Strength Index) u piramidalnom prikazu, NPS (Net Promoter Score), povjerenje u banke, segmenti lojalnosti.<\/p>\n<p><strong>All Finance izvor podataka<\/strong><\/p>\n<p>Temelji se na <strong>velikom uzorku<\/strong> klijenata banaka, \u010dak i do 10.000. Anketno prikupljanje podataka putem\u00a0<strong>inovativne platforme,\u00a0<\/strong>gdje su stvarne osobe promatrane u realnom vremenu. Valiconov sistem automatski detektira promjene i aktivira dodatna pitanja (npr. kupovni put pri promjeni glavne banke).<\/p>\n<p>Zbog velikog uzorka:<\/p>\n<ul>\n<li>Omogu\u0107ava dodatni uvid u manje ciljne skupine (tako\u0111er korisno za banke sa tr\u017ei\u0161nim udjelom ispod 5%);<\/li>\n<li>Nudi uvid u mikro ciljne skupine, npr. klijente, koji su oti\u0161li iz ciljne banke, u potencijalne odlaske ili one koji su nelojalni ciljnoj banci, itd.;<\/li>\n<li>Mo\u017ee opisati druge ciljne grupe, koje su relevantne za razvoj bankarskih usluga i proizvoda ili tr\u017ei\u0161no zanimljive segmente.<\/li>\n<\/ul>\n<p>Jo\u0161 jedna prednost All Finance je detekcija i mjerenje stvarnih prelazaka osoba koje mijenjaju banku, a ne hipotetske situacije.<\/p>\n<p>All Finance Banke je dostupan na slijede\u0107im tr\u017ei\u0161tima:<\/p>\n<ul>\n<li>Slovenija (od 2014)<\/li>\n<li>Hrvatska (od 2016)<\/li>\n<li>BiH (od 2016)<\/li>\n<li>Srbija (od 2017)<\/li>\n<\/ul>\n","protected":false},"excerpt":{"rendered":"<p>All Finance Banke je vi\u0161enamjensko rje\u0161enje, koje se temelji na kontinuiranom pra\u0107enju klijenata banaka. Rje\u0161enje nudi uvid u: Strukturne trendove i trenutno stanje u polju bankarskih operacija sa fizi\u010dkim osobama; Opseg transfera i pravaca promjena na mikro nivou (trendovi promjena glavne banke); Lojalnost klijenata, potencijalni odlasci i potencijal za akviziciju novih klijenata; Kori\u0161tenje bankarskih proizvoda [&hellip;]<\/p>\n","protected":false},"author":9,"featured_media":0,"parent":6034,"menu_order":0,"comment_status":"closed","ping_status":"closed","template":"page-product.php","meta":[],"acf":[],"aioseo_notices":[],"_links":{"self":[{"href":"https:\/\/oldwww.valicon.net\/bs\/wp-json\/wp\/v2\/pages\/6189\/"}],"collection":[{"href":"https:\/\/oldwww.valicon.net\/bs\/wp-json\/wp\/v2\/pages\/"}],"about":[{"href":"https:\/\/oldwww.valicon.net\/bs\/wp-json\/wp\/v2\/types\/page\/"}],"author":[{"embeddable":true,"href":"https:\/\/oldwww.valicon.net\/bs\/wp-json\/wp\/v2\/users\/9\/"}],"replies":[{"embeddable":true,"href":"https:\/\/oldwww.valicon.net\/bs\/wp-json\/wp\/v2\/comments\/?post=6189"}],"version-history":[{"count":4,"href":"https:\/\/oldwww.valicon.net\/bs\/wp-json\/wp\/v2\/pages\/6189\/revisions\/"}],"predecessor-version":[{"id":10490,"href":"https:\/\/oldwww.valicon.net\/bs\/wp-json\/wp\/v2\/pages\/6189\/revisions\/10490\/"}],"up":[{"embeddable":true,"href":"https:\/\/oldwww.valicon.net\/bs\/wp-json\/wp\/v2\/pages\/6034\/"}],"wp:attachment":[{"href":"https:\/\/oldwww.valicon.net\/bs\/wp-json\/wp\/v2\/media\/?parent=6189"}],"curies":[{"name":"wp","href":"https:\/\/api.w.org\/{rel}","templated":true}]}}