{"id":6156,"date":"2017-06-13T13:28:00","date_gmt":"2017-06-13T13:28:00","guid":{"rendered":"http:\/\/www.valicon.net\/?page_id=6156\/"},"modified":"2017-08-30T08:53:13","modified_gmt":"2017-08-30T08:53:13","slug":"ad-developer-2","status":"publish","type":"page","link":"https:\/\/oldwww.valicon.net\/bs\/sva-rjesenja\/prikupljanje-podataka-trzisnih-cinjenica\/solutions\/integrisana-resenja\/ad-developer-2\/","title":{"rendered":"Ad.Developer"},"content":{"rendered":"<p>Svaki ogla\u0161ava\u010d \u017eeli imati kampanju koja \u0107e imati odre\u0111eni u\u010dinak na potro\u0161a\u010de, ali ina\u010de po\u017eeljne kampanje \u010desto nemaju \u017eeljeni u\u010dinak. Ad.Developer je alat za istra\u017eivanje tr\u017ei\u0161ta koji koristi kvalitativni uvid za razvoj, optimizaciju i finalizaciju razli\u010ditih komunikacijskih materijala. Poma\u017ee vam generirati ideje, odabrati izme\u0111u razli\u010ditih verzija, prilagoditi i pobolj\u0161ati dizajnirane prijedloge, otkriva kako potro\u0161a\u010di razumiju poruke va\u0161ih kampanja itd.<\/p>\n<p>Rezultat su potro\u0161a\u010du prilago\u0111ene marketin\u0161ki komunikacijski materijali, koju se potro\u0161a\u010dima obra\u0107aju ne samo na racionalnoj, ve\u0107 i na emocionalnoj razini kori\u0161tenjem njihovog jezika i izraza.<\/p>\n<p>Ovaj alat vam omogu\u0107ava izradu kampanja sa va\u0161om ciljnom skupinom i pripremu materijala koji \u0107e im se naju\u010dinkovitije obratiti. Potro\u0161a\u010di mogu biti uklju\u010deni u kreiranje kampanje ili u pripremi \/ optimizaciji bilo koje vrste komunikacijskih materijala i mogu se aktivno uklju\u010diti u pripremu komunikacijske kampanje tijekom bilo koje faze.<\/p>\n","protected":false},"excerpt":{"rendered":"<p>Svaki ogla\u0161ava\u010d \u017eeli imati kampanju koja \u0107e imati odre\u0111eni u\u010dinak na potro\u0161a\u010de, ali ina\u010de po\u017eeljne kampanje \u010desto nemaju \u017eeljeni u\u010dinak. Ad.Developer je alat za istra\u017eivanje tr\u017ei\u0161ta koji koristi kvalitativni uvid za razvoj, optimizaciju i finalizaciju razli\u010ditih komunikacijskih materijala. Poma\u017ee vam generirati ideje, odabrati izme\u0111u razli\u010ditih verzija, prilagoditi i pobolj\u0161ati dizajnirane prijedloge, otkriva kako potro\u0161a\u010di razumiju [&hellip;]<\/p>\n","protected":false},"author":9,"featured_media":0,"parent":6028,"menu_order":0,"comment_status":"closed","ping_status":"closed","template":"page-product.php","meta":[],"acf":[],"aioseo_notices":[],"_links":{"self":[{"href":"https:\/\/oldwww.valicon.net\/bs\/wp-json\/wp\/v2\/pages\/6156\/"}],"collection":[{"href":"https:\/\/oldwww.valicon.net\/bs\/wp-json\/wp\/v2\/pages\/"}],"about":[{"href":"https:\/\/oldwww.valicon.net\/bs\/wp-json\/wp\/v2\/types\/page\/"}],"author":[{"embeddable":true,"href":"https:\/\/oldwww.valicon.net\/bs\/wp-json\/wp\/v2\/users\/9\/"}],"replies":[{"embeddable":true,"href":"https:\/\/oldwww.valicon.net\/bs\/wp-json\/wp\/v2\/comments\/?post=6156"}],"version-history":[{"count":3,"href":"https:\/\/oldwww.valicon.net\/bs\/wp-json\/wp\/v2\/pages\/6156\/revisions\/"}],"predecessor-version":[{"id":6501,"href":"https:\/\/oldwww.valicon.net\/bs\/wp-json\/wp\/v2\/pages\/6156\/revisions\/6501\/"}],"up":[{"embeddable":true,"href":"https:\/\/oldwww.valicon.net\/bs\/wp-json\/wp\/v2\/pages\/6028\/"}],"wp:attachment":[{"href":"https:\/\/oldwww.valicon.net\/bs\/wp-json\/wp\/v2\/media\/?parent=6156"}],"curies":[{"name":"wp","href":"https:\/\/api.w.org\/{rel}","templated":true}]}}