{"id":6154,"date":"2017-06-13T13:27:16","date_gmt":"2017-06-13T13:27:16","guid":{"rendered":"http:\/\/www.valicon.net\/?page_id=6154\/"},"modified":"2019-06-27T13:29:55","modified_gmt":"2019-06-27T13:29:55","slug":"brandicon-2","status":"publish","type":"page","link":"https:\/\/oldwww.valicon.net\/bs\/sva-rjesenja\/prikupljanje-podataka-trzisnih-cinjenica\/solutions\/integrisana-resenja\/brandicon-2\/","title":{"rendered":"Brandicon"},"content":{"rendered":"<p>BrandICON je strate\u0161ki alat za definiranje identiteta branda pomo\u0107u arhetipova branda. Na\u0161e rje\u0161enje vam omogu\u0107ava postavljanje \u010dvrstih temelja za brand s ciljem ujedinjene komunikacije klju\u010dnog obe\u0107anja na svakoj ta\u010dki iskustva. To je proces pronala\u017eenja, definiranja i implementacije pri\u010de branda.<\/p>\n<p>Klju\u010dne prednosti kori\u0161tenja BrandICONa za postavljanje identiteta branda su kori\u0161tenje arhetipova brandova i korisna funkcija alata.<\/p>\n<p>Inspiraciju za stvaranje identiteta branda nalazimo u arhetipovima, koje intuitivno svi razumijemo te stoga omogu\u0107avaju da krovnu ideju branda prika\u017eemo s jednostavnim, a sadr\u017eajno bogatim slikama. To su praslike, koje su dio na\u0161e kolektivne svijesti te su prisutne u mentalnoj strukturi pojedinca.<\/p>\n<p>Druga konkurentska prednost je upotrebna vrijednost BrandICONa. Proces definiranja identiteta branda zavr\u0161ava preciznom definicijom implementacije na klju\u010dnim ta\u010dkama iskustva.<\/p>\n<p>BrandICON nije samo osnova za \u201estorytelling\u201c, ve\u0107 i za \u201estorydoing\u201c.<\/p>\n","protected":false},"excerpt":{"rendered":"<p>BrandICON je strate\u0161ki alat za definiranje identiteta branda pomo\u0107u arhetipova branda. Na\u0161e rje\u0161enje vam omogu\u0107ava postavljanje \u010dvrstih temelja za brand s ciljem ujedinjene komunikacije klju\u010dnog obe\u0107anja na svakoj ta\u010dki iskustva. To je proces pronala\u017eenja, definiranja i implementacije pri\u010de branda. Klju\u010dne prednosti kori\u0161tenja BrandICONa za postavljanje identiteta branda su kori\u0161tenje arhetipova brandova i korisna funkcija alata. [&hellip;]<\/p>\n","protected":false},"author":9,"featured_media":0,"parent":6028,"menu_order":0,"comment_status":"closed","ping_status":"closed","template":"page-product.php","meta":[],"acf":[],"aioseo_notices":[],"_links":{"self":[{"href":"https:\/\/oldwww.valicon.net\/bs\/wp-json\/wp\/v2\/pages\/6154\/"}],"collection":[{"href":"https:\/\/oldwww.valicon.net\/bs\/wp-json\/wp\/v2\/pages\/"}],"about":[{"href":"https:\/\/oldwww.valicon.net\/bs\/wp-json\/wp\/v2\/types\/page\/"}],"author":[{"embeddable":true,"href":"https:\/\/oldwww.valicon.net\/bs\/wp-json\/wp\/v2\/users\/9\/"}],"replies":[{"embeddable":true,"href":"https:\/\/oldwww.valicon.net\/bs\/wp-json\/wp\/v2\/comments\/?post=6154"}],"version-history":[{"count":4,"href":"https:\/\/oldwww.valicon.net\/bs\/wp-json\/wp\/v2\/pages\/6154\/revisions\/"}],"predecessor-version":[{"id":10450,"href":"https:\/\/oldwww.valicon.net\/bs\/wp-json\/wp\/v2\/pages\/6154\/revisions\/10450\/"}],"up":[{"embeddable":true,"href":"https:\/\/oldwww.valicon.net\/bs\/wp-json\/wp\/v2\/pages\/6028\/"}],"wp:attachment":[{"href":"https:\/\/oldwww.valicon.net\/bs\/wp-json\/wp\/v2\/media\/?parent=6154"}],"curies":[{"name":"wp","href":"https:\/\/api.w.org\/{rel}","templated":true}]}}