{"id":5686,"date":"2016-04-13T07:21:16","date_gmt":"2016-04-13T07:21:16","guid":{"rendered":"http:\/\/www.valicon.net\/sva-rjesenja\/marketing-research\/solutions\/performance-tracking-kpi\/neuro-diagnosticon\/"},"modified":"2017-04-11T09:01:18","modified_gmt":"2017-04-11T09:01:18","slug":"neuro-diagnosticon","status":"publish","type":"page","link":"https:\/\/oldwww.valicon.net\/bs\/sva-rjesenja\/marketing-research\/solutions\/performance-tracking-kpi\/neuro-diagnosticon\/","title":{"rendered":"Neuro Diagnosticon"},"content":{"rendered":"<p><b>Primenjene neuronauke i marketin\u0161ka istra\u017eivanja su udru\u017eili snage kako bi napravili ultimativni alat za razumijevanje reakcija ispitanika na ogla\u0161avanje. Povezujemo svijet svjesnog sa nesvjesnim tako \u0161to tradicionalnim istra\u017eivanjima dodajemo biometrijske mjere. <\/b><b>\u00a0\u00a0<\/b><\/p>\n<p><span style=\"font-weight: 400;\">Neuro.Diagnosticon je najprecizniji metod koji nam poma\u017ee pri razumjevaniju emocionalne reakcije i pa\u017enje na pojedina\u010dne stimuluse. <\/span><\/p>\n<p><span style=\"font-weight: 400;\">Revolucionarna prednost eye-tracking i EEG tehnologije za snimanje mozga le\u017ei u njihovoj sposobnosti da daju direktan uvid u nesvjesne reakcije potro\u0161a\u010da. <\/span><\/p>\n<p><span style=\"font-weight: 400;\">Ko ne govori taj ni ne la\u017ee \u2013 Kako bismo postigli dubinsko razumjevanije emocionalnih preferenci i predvidjeli pona\u0161anja potro\u0161a\u010da mjerimo i analiziramo dva klju\u010dna nesvjesna procesa: pa\u017enju i emocionalnu reakciju (pozitivnu ili negativnu). <\/span><\/p>\n","protected":false},"excerpt":{"rendered":"<p>Primenjene neuronauke i marketin\u0161ka istra\u017eivanja su udru\u017eili snage kako bi napravili ultimativni alat za razumijevanje reakcija ispitanika na ogla\u0161avanje. Povezujemo svijet svjesnog sa nesvjesnim tako \u0161to tradicionalnim istra\u017eivanjima dodajemo biometrijske mjere. \u00a0\u00a0 Neuro.Diagnosticon je najprecizniji metod koji nam poma\u017ee pri razumjevaniju emocionalne reakcije i pa\u017enje na pojedina\u010dne stimuluse. Revolucionarna prednost eye-tracking i EEG tehnologije za [&hellip;]<\/p>\n","protected":false},"author":9,"featured_media":0,"parent":5671,"menu_order":0,"comment_status":"closed","ping_status":"closed","template":"page-product.php","meta":[],"acf":[],"aioseo_notices":[],"_links":{"self":[{"href":"https:\/\/oldwww.valicon.net\/bs\/wp-json\/wp\/v2\/pages\/5686\/"}],"collection":[{"href":"https:\/\/oldwww.valicon.net\/bs\/wp-json\/wp\/v2\/pages\/"}],"about":[{"href":"https:\/\/oldwww.valicon.net\/bs\/wp-json\/wp\/v2\/types\/page\/"}],"author":[{"embeddable":true,"href":"https:\/\/oldwww.valicon.net\/bs\/wp-json\/wp\/v2\/users\/9\/"}],"replies":[{"embeddable":true,"href":"https:\/\/oldwww.valicon.net\/bs\/wp-json\/wp\/v2\/comments\/?post=5686"}],"version-history":[{"count":2,"href":"https:\/\/oldwww.valicon.net\/bs\/wp-json\/wp\/v2\/pages\/5686\/revisions\/"}],"predecessor-version":[{"id":5690,"href":"https:\/\/oldwww.valicon.net\/bs\/wp-json\/wp\/v2\/pages\/5686\/revisions\/5690\/"}],"up":[{"embeddable":true,"href":"https:\/\/oldwww.valicon.net\/bs\/wp-json\/wp\/v2\/pages\/5671\/"}],"wp:attachment":[{"href":"https:\/\/oldwww.valicon.net\/bs\/wp-json\/wp\/v2\/media\/?parent=5686"}],"curies":[{"name":"wp","href":"https:\/\/api.w.org\/{rel}","templated":true}]}}