{"id":5681,"date":"2015-10-21T09:03:51","date_gmt":"2015-10-21T09:03:51","guid":{"rendered":"http:\/\/www.valicon.net\/sva-rjesenja\/marketing-research\/solutions\/performance-tracking-kpi\/ad-diagnosticon\/"},"modified":"2019-06-27T13:28:00","modified_gmt":"2019-06-27T13:28:00","slug":"ad-diagnosticon","status":"publish","type":"page","link":"https:\/\/oldwww.valicon.net\/bs\/sva-rjesenja\/marketing-research\/solutions\/performance-tracking-kpi\/ad-diagnosticon\/","title":{"rendered":"Ad.Diagnosticon"},"content":{"rendered":"<p><b>Ad.Diagnosticon vam mo\u017ee pomo\u0107i da saznate:<\/b><\/p>\n<ul>\n<li style=\"font-weight: 400;\"><span style=\"font-weight: 400;\">da li va\u0161e ogla\u0161avanje posti\u017ee adekvatan u\u010dinak u smislu racionalnih, emocionalnih i bihevioralnih komponenti<\/span><\/li>\n<li style=\"font-weight: 400;\"><span style=\"font-weight: 400;\">da li posti\u017ee bolji u\u010dinak od konkurencije<\/span><\/li>\n<li style=\"font-weight: 400;\"><span style=\"font-weight: 400;\">kako su potro\u0161a\u010di reagovali na kampanju<\/span><\/li>\n<li style=\"font-weight: 400;\"><span style=\"font-weight: 400;\">da li je njihovo iskustvo bilo zasnovano na \u00a0klju\u010dnim indikatorima efikasnosti ogla\u0161avanja<\/span><\/li>\n<\/ul>\n<p><span style=\"font-weight: 400;\">Ad.Diagnosticon je standardizirani kvantitativni istra\u017eiva\u010dki alat koji daje kvalitativne uvide u klju\u010dne kriterije efikasnosti ogla\u0161avanja \u2013 racionalne, emocionalne i bihevioralne komponente, vidljivost brenda, uskla\u0111enost oglasa sa brendom i kategorijom, kao i u samu izvedbu oglasa, sa mogu\u0107no\u0161\u0107u nadogradnje u smislu efekta na imid\u017e brenda \u2013 \u0161to su sve komponente koje vam mogu pomo\u0107i da razumijete u\u010dinak svog oglasa. <\/span><\/p>\n<p>Ad.Diagnosticon je zasnovan na psihologiji emocija, psihologiji opa\u017eanja i novijim neuromarketin\u0161kim saznanjima koja vam mogu pomo\u0107i da razumijete svoje i snage i slabosti svoje konkurencije.<\/p>\n<p><span style=\"font-weight: 400;\">Ad.Diagnosticon omogu\u0107ava benchmark za klju\u010dne indikatore uspje\u0161nosti koji je zasnovan na preko 220 izmjerenih oglasa u Sloveniji i regionu. Kriteriji za pore\u0111enje (benchmark) se odre\u0111uju u saradnji sa vama na jednom ili vi\u0161e nivoa kao \u0161to su geografska lokacija, najbolji izmjereni oglas itd. <\/span><\/p>\n","protected":false},"excerpt":{"rendered":"<p>Ad.Diagnosticon vam mo\u017ee pomo\u0107i da saznate: da li va\u0161e ogla\u0161avanje posti\u017ee adekvatan u\u010dinak u smislu racionalnih, emocionalnih i bihevioralnih komponenti da li posti\u017ee bolji u\u010dinak od konkurencije kako su potro\u0161a\u010di reagovali na kampanju da li je njihovo iskustvo bilo zasnovano na \u00a0klju\u010dnim indikatorima efikasnosti ogla\u0161avanja Ad.Diagnosticon je standardizirani kvantitativni istra\u017eiva\u010dki alat koji daje kvalitativne uvide [&hellip;]<\/p>\n","protected":false},"author":1,"featured_media":0,"parent":5671,"menu_order":0,"comment_status":"closed","ping_status":"closed","template":"page-product.php","meta":[],"acf":[],"aioseo_notices":[],"_links":{"self":[{"href":"https:\/\/oldwww.valicon.net\/bs\/wp-json\/wp\/v2\/pages\/5681\/"}],"collection":[{"href":"https:\/\/oldwww.valicon.net\/bs\/wp-json\/wp\/v2\/pages\/"}],"about":[{"href":"https:\/\/oldwww.valicon.net\/bs\/wp-json\/wp\/v2\/types\/page\/"}],"author":[{"embeddable":true,"href":"https:\/\/oldwww.valicon.net\/bs\/wp-json\/wp\/v2\/users\/1\/"}],"replies":[{"embeddable":true,"href":"https:\/\/oldwww.valicon.net\/bs\/wp-json\/wp\/v2\/comments\/?post=5681"}],"version-history":[{"count":2,"href":"https:\/\/oldwww.valicon.net\/bs\/wp-json\/wp\/v2\/pages\/5681\/revisions\/"}],"predecessor-version":[{"id":10448,"href":"https:\/\/oldwww.valicon.net\/bs\/wp-json\/wp\/v2\/pages\/5681\/revisions\/10448\/"}],"up":[{"embeddable":true,"href":"https:\/\/oldwww.valicon.net\/bs\/wp-json\/wp\/v2\/pages\/5671\/"}],"wp:attachment":[{"href":"https:\/\/oldwww.valicon.net\/bs\/wp-json\/wp\/v2\/media\/?parent=5681"}],"curies":[{"name":"wp","href":"https:\/\/api.w.org\/{rel}","templated":true}]}}