{"id":5668,"date":"2015-10-21T09:03:13","date_gmt":"2015-10-21T09:03:13","guid":{"rendered":"http:\/\/www.valicon.net\/brand-track\/"},"modified":"2017-04-20T07:25:02","modified_gmt":"2017-04-20T07:25:02","slug":"brand-track","status":"publish","type":"page","link":"https:\/\/oldwww.valicon.net\/bs\/sva-rjesenja\/marketing-research\/solutions\/performance-tracking-kpi\/brand-track\/","title":{"rendered":"Brand Track"},"content":{"rendered":"<p><strong>Da li va\u0161 brend ima pri\u010du? Da li je ona bitna va\u0161im kupcima? Da li je razumiju? Da li je ona faktor koji uti\u010de na va\u0161u prodaju? Neophodno je da znate kakav efekat va\u0161 brending ostvaruje i da li je to pravac u kom \u017eelite da idete. <\/strong><\/p>\n<ol>\n<li>Odredite trenutni status i poziciju brenda;<\/li>\n<li>provjerite klju\u010dne indikatore poslovanja (KPI) u snazi i imid\u017eu brenda;<\/li>\n<li>uo\u010dite prilike i opasnosti pozicije brenda.<\/li>\n<\/ol>\n<p><span style=\"font-weight: 400;\">Brand Track mjeri snagu i imid\u017e brenda uz pomo\u0107 dobro ustanovljenih i potvr\u0111enih mjera. Pomo\u0107u njega mo\u017eemo da ustanovimo poziciju brenda u okviru target grupe. <\/span><\/p>\n<p><span style=\"font-weight: 400;\">Brand Track je metodologija koju smo sami razvili i koja je tokom posljednjih deset godina prerasla u multidisciplinarno rje\u0161enje. Mo\u017ee se prilagoditi specifi\u010dnim sektorima i kategorijama tako da odgovara svim uslu\u017enim sektorima (telekomunikacije, banke, osiguranja, turizam), FMCG sektoru i trgovini. <\/span><\/p>\n<p><span style=\"font-weight: 400;\">Osmi\u0161ljen je kao B2C re\u0161enje, ali je tako\u0111er i prilago\u0111eno B2B tr\u017ei\u0161tima, posebno u sektorima telekomunikacija, banaka i energetike. <\/span><\/p>\n<p><span style=\"font-weight: 400;\">Uz Brand Track bi\u0107ete u mogu\u0107nosti da: <\/span><\/p>\n<ul>\n<li style=\"font-weight: 400;\"><span style=\"font-weight: 400;\">izmjerite kakav efekat imaju va\u0161e marketin\u0161ke aktivnosti na poziciju brenda \u00a0<\/span><\/li>\n<li style=\"font-weight: 400;\"><span style=\"font-weight: 400;\">shvatite relevantnost brenda onako kako ga shvataju va\u0161i konzumenti<\/span><\/li>\n<li style=\"font-weight: 400;\"><span style=\"font-weight: 400;\">uo\u010dite nove\/potencijalne konkurente koji ulaze u va\u0161u kategoriju<\/span><\/li>\n<li style=\"font-weight: 400;\"><span style=\"font-weight: 400;\">pratite konkurenciju i promjene u njihovim pozicijama<\/span><\/li>\n<li style=\"font-weight: 400;\"><span style=\"font-weight: 400;\">postavite robusne klju\u010dne indikatore poslovanja (KPI)<\/span><\/li>\n<li style=\"font-weight: 400;\"><span style=\"font-weight: 400;\">preduzmite prave mjere\/poduhvate<\/span><\/li>\n<\/ul>\n<p><span style=\"font-weight: 400;\">Brand Track vam poma\u017ee da mnogo lak\u0161e i analiti\u010dnije pripremite brend strategije i uputstva za agencije. <\/span><\/p>\n","protected":false},"excerpt":{"rendered":"<p>Da li va\u0161 brend ima pri\u010du? Da li je ona bitna va\u0161im kupcima? Da li je razumiju? Da li je ona faktor koji uti\u010de na va\u0161u prodaju? Neophodno je da znate kakav efekat va\u0161 brending ostvaruje i da li je to pravac u kom \u017eelite da idete. Odredite trenutni status i poziciju brenda; provjerite klju\u010dne [&hellip;]<\/p>\n","protected":false},"author":1,"featured_media":0,"parent":5671,"menu_order":0,"comment_status":"closed","ping_status":"closed","template":"page-product.php","meta":[],"acf":[],"aioseo_notices":[],"_links":{"self":[{"href":"https:\/\/oldwww.valicon.net\/bs\/wp-json\/wp\/v2\/pages\/5668\/"}],"collection":[{"href":"https:\/\/oldwww.valicon.net\/bs\/wp-json\/wp\/v2\/pages\/"}],"about":[{"href":"https:\/\/oldwww.valicon.net\/bs\/wp-json\/wp\/v2\/types\/page\/"}],"author":[{"embeddable":true,"href":"https:\/\/oldwww.valicon.net\/bs\/wp-json\/wp\/v2\/users\/1\/"}],"replies":[{"embeddable":true,"href":"https:\/\/oldwww.valicon.net\/bs\/wp-json\/wp\/v2\/comments\/?post=5668"}],"version-history":[{"count":1,"href":"https:\/\/oldwww.valicon.net\/bs\/wp-json\/wp\/v2\/pages\/5668\/revisions\/"}],"predecessor-version":[{"id":5678,"href":"https:\/\/oldwww.valicon.net\/bs\/wp-json\/wp\/v2\/pages\/5668\/revisions\/5678\/"}],"up":[{"embeddable":true,"href":"https:\/\/oldwww.valicon.net\/bs\/wp-json\/wp\/v2\/pages\/5671\/"}],"wp:attachment":[{"href":"https:\/\/oldwww.valicon.net\/bs\/wp-json\/wp\/v2\/media\/?parent=5668"}],"curies":[{"name":"wp","href":"https:\/\/api.w.org\/{rel}","templated":true}]}}