{"id":5632,"date":"2016-01-14T10:27:08","date_gmt":"2016-01-14T10:27:08","guid":{"rendered":"http:\/\/www.valicon.net\/neuro-optimizer\/"},"modified":"2020-04-06T09:53:46","modified_gmt":"2020-04-06T09:53:46","slug":"neuro-optimizer","status":"publish","type":"page","link":"https:\/\/oldwww.valicon.net\/bs\/sva-rjesenja\/marketing-research\/solutions\/marketing-mix-optimization\/neuro-optimizer\/","title":{"rendered":"Neuro.Optimizer"},"content":{"rendered":"<p><b>Primjenjene neuronauke i marketin\u0161ka istra\u017eivanja su udru\u017eili snage kako bi napravili ultimativni alat za razumijevanje reakcija ispitanika na ogla\u0161avanje. Povezujemo svijet svijesnog sa nesvijesnim tako \u0161to tradicionalnim istra\u017eivanjima dodajemo biometrijske mjere. <\/b><b>\u00a0\u00a0<\/b><\/p>\n<ul>\n<li style=\"font-weight: 400;\"><span style=\"font-weight: 400;\">Pona\u0161anja i procesi dono\u0161enja odluka vezani za kupovinu su sna\u017eno vo\u0111eni nesvjesnim emocionalnim reakcijama i drugim mo\u017edanim procesima koji ne mogu biti izmjereni kori\u0161tenjem samo klasi\u010dnih istra\u017eiva\u010dkih metoda. <\/span><\/li>\n<li style=\"font-weight: 400;\"><span style=\"font-weight: 400;\">Nekada ljudi ne mogu precizno da objasne \u0161ta motivi\u0161e njihovo pona\u0161anje i kako oni stvarno do\u017eivljavaju proizvode, brendove i njihove na\u010dine komunikacije. <\/span><\/li>\n<li style=\"font-weight: 400;\"><span style=\"font-weight: 400;\">Uz pomo\u0107 multikanalne EEG tehnologije visoke rezolucije u stanju smo da mjerimo lateralizovanu asimetriju frontalnog re\u017enja neokorteksa koja je dovedena u vezu sa prijatnim ili neprijatnim emocionalnim odgovorom.\u00a0\u00a0<\/span><\/li>\n<li style=\"font-weight: 400;\"><span style=\"font-weight: 400;\">Koriste\u0107i EEG i eye-tracking tehnologiju na nau\u010dan na\u010din mjerimo, analiziramo i optimiziramo potencijal pa\u017enje. <\/span><\/li>\n<li style=\"font-weight: 400;\"><span style=\"font-weight: 400;\">Kombinuju\u0107i ovako dobivene informacije sa klasi\u010dnim mjerama efikasnosti oglasa dobivamo nepobjediv izvor informacija koje \u0107e vam pomo\u0107i da optimiziramo svoje kampanje, u\u010dite na svojim gre\u0161kama i uvidite kakav je status va\u0161e konkurencije i ZA\u0160TO je on bolji ili gori od va\u0161eg. <\/span><\/li>\n<li style=\"font-weight: 400;\"><span style=\"font-weight: 400;\">Revolucionarna prednost eye-tracking i EEG tehnologije le\u017ei u njihovoj sposobnosti da daju direktan uvid u nesvjesne reakcije potro\u0161a\u010da. <\/span><\/li>\n<li style=\"font-weight: 400;\"><span style=\"font-weight: 400;\">Ko ne govori taj ni ne la\u017ee \u2013 Kako bismo postigli dubinsko razumijevanje emocionalnih preferenci i predvidjeli pona\u0161anja potro\u0161a\u010da mjerimo i analiziramo dva klju\u010dna nesvjesna procesa: pa\u017enju i emocionalnu reakciju (pozitivnu ili negativnu). <\/span><\/li>\n<\/ul>\n","protected":false},"excerpt":{"rendered":"<p>Primjenjene neuronauke i marketin\u0161ka istra\u017eivanja su udru\u017eili snage kako bi napravili ultimativni alat za razumijevanje reakcija ispitanika na ogla\u0161avanje. Povezujemo svijet svijesnog sa nesvijesnim tako \u0161to tradicionalnim istra\u017eivanjima dodajemo biometrijske mjere. \u00a0\u00a0 Pona\u0161anja i procesi dono\u0161enja odluka vezani za kupovinu su sna\u017eno vo\u0111eni nesvjesnim emocionalnim reakcijama i drugim mo\u017edanim procesima koji ne mogu biti izmjereni [&hellip;]<\/p>\n","protected":false},"author":1,"featured_media":0,"parent":5642,"menu_order":0,"comment_status":"closed","ping_status":"closed","template":"page-product.php","meta":[],"acf":[],"aioseo_notices":[],"_links":{"self":[{"href":"https:\/\/oldwww.valicon.net\/bs\/wp-json\/wp\/v2\/pages\/5632\/"}],"collection":[{"href":"https:\/\/oldwww.valicon.net\/bs\/wp-json\/wp\/v2\/pages\/"}],"about":[{"href":"https:\/\/oldwww.valicon.net\/bs\/wp-json\/wp\/v2\/types\/page\/"}],"author":[{"embeddable":true,"href":"https:\/\/oldwww.valicon.net\/bs\/wp-json\/wp\/v2\/users\/1\/"}],"replies":[{"embeddable":true,"href":"https:\/\/oldwww.valicon.net\/bs\/wp-json\/wp\/v2\/comments\/?post=5632"}],"version-history":[{"count":4,"href":"https:\/\/oldwww.valicon.net\/bs\/wp-json\/wp\/v2\/pages\/5632\/revisions\/"}],"predecessor-version":[{"id":12741,"href":"https:\/\/oldwww.valicon.net\/bs\/wp-json\/wp\/v2\/pages\/5632\/revisions\/12741\/"}],"up":[{"embeddable":true,"href":"https:\/\/oldwww.valicon.net\/bs\/wp-json\/wp\/v2\/pages\/5642\/"}],"wp:attachment":[{"href":"https:\/\/oldwww.valicon.net\/bs\/wp-json\/wp\/v2\/media\/?parent=5632"}],"curies":[{"name":"wp","href":"https:\/\/api.w.org\/{rel}","templated":true}]}}