{"id":5591,"date":"2016-01-18T14:17:18","date_gmt":"2016-01-18T14:17:18","guid":{"rendered":"http:\/\/www.valicon.net\/nasa-rjesenja\/marketing-analitika-automatizacija\/tools\/statistics-and-predictive-analytics\/ibm-spss\/"},"modified":"2017-06-22T14:08:06","modified_gmt":"2017-06-22T14:08:06","slug":"ibm-spss","status":"publish","type":"page","link":"https:\/\/oldwww.valicon.net\/bs\/sva-rjesenja\/marketing-analitika-automatizacija\/tools\/statistics-and-predictive-analytics\/ibm-spss\/","title":{"rendered":"IBM SPSS"},"content":{"rendered":"<p><span style=\"font-weight: 400;\">IBM SPSS Statistics je integrisana grupa proizvoda koja pokriva cjelokupan analiti\u010dki proces, od planiranja do analiza, izvje\u0161tavanja i implementacije. Sa 15 u potpunosti integrisanih modula za izbor, mo\u017eete prona\u0107i specijalizirane mogu\u0107nosti koje su vam potrebne za pove\u0107anje prihoda, nadma\u0161ivanje konkurencije, provo\u0111enje istra\u017eivanja i dono\u0161enje boljih odluka. Organizacije mogu rije\u0161iti \u0161irok spektar poslovnih i istra\u017eiva\u010dkih problema sa IBM SPSS Statistics-om.<\/span><\/p>\n<p>Ovaj revolucionaran paket analiti\u010dkih proizvoda se u cijelom svijetu koristi vi\u0161e od 50 godina. U pore\u0111enju sa drugim statisti\u010dkim programima, IBM SPSS Statistics se lak\u0161e koristi, ima ni\u017ei ukupni tro\u0161ak vlasni\u0161tva i opse\u017enije se bavi cjelokupnim analiti\u010dkim procesom, od planiranja do prikupljanja podataka i analiza, izvje\u0161tavanja i implementacije.<\/p>\n<p><span style=\"font-weight: 400;\">SPSS vam omogu\u0107ava:<\/span><\/p>\n<ul>\n<li style=\"font-weight: 400;\"><span style=\"font-weight: 400;\">U\u010dinkovito upravljanje podacima;<\/span><\/li>\n<li style=\"font-weight: 400;\"><span style=\"font-weight: 400;\">Kori\u0161tenje velikog broja mogu\u0107nosti;<\/span><\/li>\n<li style=\"font-weight: 400;\"><span style=\"font-weight: 400;\">Bolju organizaciju izvje\u0161taja;<\/span><\/li>\n<li style=\"font-weight: 400;\"><span style=\"font-weight: 400;\">Za\u0161titu od rizika i mogu\u0107ih prijetnji;<\/span><\/li>\n<li style=\"font-weight: 400;\"><span style=\"font-weight: 400;\">U\u0161tedu novca;<\/span><\/li>\n<li style=\"font-weight: 400;\"><span style=\"font-weight: 400;\">Pove\u0107anje zadovoljstva potro\u0161a\u010da;<\/span><\/li>\n<li style=\"font-weight: 400;\"><span style=\"font-weight: 400;\">Izbjegavanje skupih problema prije njihove pojave;<\/span><\/li>\n<li style=\"font-weight: 400;\"><span style=\"font-weight: 400;\">Pove\u0107anje ROI.<\/span><\/li>\n<\/ul>\n","protected":false},"excerpt":{"rendered":"<p>IBM SPSS Statistics je integrisana grupa proizvoda koja pokriva cjelokupan analiti\u010dki proces, od planiranja do analiza, izvje\u0161tavanja i implementacije. Sa 15 u potpunosti integrisanih modula za izbor, mo\u017eete prona\u0107i specijalizirane mogu\u0107nosti koje su vam potrebne za pove\u0107anje prihoda, nadma\u0161ivanje konkurencije, provo\u0111enje istra\u017eivanja i dono\u0161enje boljih odluka. Organizacije mogu rije\u0161iti \u0161irok spektar poslovnih i istra\u017eiva\u010dkih problema [&hellip;]<\/p>\n","protected":false},"author":1,"featured_media":0,"parent":5399,"menu_order":12,"comment_status":"closed","ping_status":"closed","template":"page-product.php","meta":[],"acf":[],"aioseo_notices":[],"_links":{"self":[{"href":"https:\/\/oldwww.valicon.net\/bs\/wp-json\/wp\/v2\/pages\/5591\/"}],"collection":[{"href":"https:\/\/oldwww.valicon.net\/bs\/wp-json\/wp\/v2\/pages\/"}],"about":[{"href":"https:\/\/oldwww.valicon.net\/bs\/wp-json\/wp\/v2\/types\/page\/"}],"author":[{"embeddable":true,"href":"https:\/\/oldwww.valicon.net\/bs\/wp-json\/wp\/v2\/users\/1\/"}],"replies":[{"embeddable":true,"href":"https:\/\/oldwww.valicon.net\/bs\/wp-json\/wp\/v2\/comments\/?post=5591"}],"version-history":[{"count":2,"href":"https:\/\/oldwww.valicon.net\/bs\/wp-json\/wp\/v2\/pages\/5591\/revisions\/"}],"predecessor-version":[{"id":5631,"href":"https:\/\/oldwww.valicon.net\/bs\/wp-json\/wp\/v2\/pages\/5591\/revisions\/5631\/"}],"up":[{"embeddable":true,"href":"https:\/\/oldwww.valicon.net\/bs\/wp-json\/wp\/v2\/pages\/5399\/"}],"wp:attachment":[{"href":"https:\/\/oldwww.valicon.net\/bs\/wp-json\/wp\/v2\/media\/?parent=5591"}],"curies":[{"name":"wp","href":"https:\/\/api.w.org\/{rel}","templated":true}]}}