{"id":5529,"date":"2015-10-21T09:08:40","date_gmt":"2015-10-21T09:08:40","guid":{"rendered":"http:\/\/www.valicon.net\/nasa-rjesenja\/prikupljanje-podataka-cinjenica-trzista\/solutions\/qualitative\/in-depth-interviews\/"},"modified":"2017-04-07T09:24:20","modified_gmt":"2017-04-07T09:24:20","slug":"in-depth-interviews","status":"publish","type":"page","link":"https:\/\/oldwww.valicon.net\/bs\/sva-rjesenja\/data-market-facts-bs\/solutions\/qualitative\/in-depth-interviews\/","title":{"rendered":"Dubinski individualni intervjui"},"content":{"rendered":"<p><b>Ako zaista \u017eelite dubinski razumjeti va\u0161e potro\u0161a\u010de, njihove potrebe, ciljeve, uvjerenja, vrijednosti i obrasce pona\u0161anja, potrebno je koristiti dubinske intervjue i posmatranje. Kako bi vam omogu\u0107ili uvid u temu koja vas zanima, koristimo rije\u010di umjesto brojeva i stvaramo dubinsko razumijevanje, umjesto da mjerimo pojedine pojave.<\/b><\/p>\n<p><span style=\"font-weight: 400;\">\u017delite li testirati ideje za nove proizvode ili usluge, otkriti stavove ili razumjeti potrebe va\u0161ih potro\u0161a\u010da, dubinski intervjui su idealan na\u010din kako to posti\u0107i. Istra\u017eiva\u010dka tehnika predstavlja idealan na\u010din za privu\u0107i potro\u0161a\u010da odre\u0111enoj tematici, ideji ili proizvodu. Za razliku od fokus grupa, kada diskusiji pozivamo vi\u0161e osoba, dubinski individualni intervjui je prikladna metoda kada \u017eelimo identificirati na\u010din percepcije, uvjerenja i stavove pojedinca:<\/span><\/p>\n<ul>\n<li style=\"font-weight: 400;\"><span style=\"font-weight: 400;\">za iskustva i do\u017eivljaje kada je osoba sama, npr. komunikacija i testiranje korisnosti proizvoda\/usluge, i<\/span><\/li>\n<li style=\"font-weight: 400;\"><span style=\"font-weight: 400;\">ako se radi o osjetljivoj temi, zbog koje sudionici nisu spremni dijeliti mi\u0161ljenje s drugima.<\/span><\/li>\n<\/ul>\n<p><span style=\"font-weight: 400;\">Osim \u0161to dubinski individualni intervjui nudi ta\u010dnije i detaljnije razumijevanje percepcije, mi\u0161ljenja, uvjerenja i stavova pojedinca, koriste se i kod:<\/span><\/p>\n<ul>\n<li style=\"font-weight: 400;\"><span style=\"font-weight: 400;\">regrutacije osoba do kojih je te\u0161ko do\u0107i;<\/span><\/li>\n<li style=\"font-weight: 400;\"><span style=\"font-weight: 400;\">kada moramo biti fleksibilni (vrijeme i mjesto je prilago\u0111eno svakom ispitaniku).<\/span><\/li>\n<\/ul>\n","protected":false},"excerpt":{"rendered":"<p>Ako zaista \u017eelite dubinski razumjeti va\u0161e potro\u0161a\u010de, njihove potrebe, ciljeve, uvjerenja, vrijednosti i obrasce pona\u0161anja, potrebno je koristiti dubinske intervjue i posmatranje. Kako bi vam omogu\u0107ili uvid u temu koja vas zanima, koristimo rije\u010di umjesto brojeva i stvaramo dubinsko razumijevanje, umjesto da mjerimo pojedine pojave. \u017delite li testirati ideje za nove proizvode ili usluge, otkriti [&hellip;]<\/p>\n","protected":false},"author":1,"featured_media":0,"parent":5382,"menu_order":0,"comment_status":"closed","ping_status":"closed","template":"page-product.php","meta":[],"acf":[],"aioseo_notices":[],"_links":{"self":[{"href":"https:\/\/oldwww.valicon.net\/bs\/wp-json\/wp\/v2\/pages\/5529\/"}],"collection":[{"href":"https:\/\/oldwww.valicon.net\/bs\/wp-json\/wp\/v2\/pages\/"}],"about":[{"href":"https:\/\/oldwww.valicon.net\/bs\/wp-json\/wp\/v2\/types\/page\/"}],"author":[{"embeddable":true,"href":"https:\/\/oldwww.valicon.net\/bs\/wp-json\/wp\/v2\/users\/1\/"}],"replies":[{"embeddable":true,"href":"https:\/\/oldwww.valicon.net\/bs\/wp-json\/wp\/v2\/comments\/?post=5529"}],"version-history":[{"count":2,"href":"https:\/\/oldwww.valicon.net\/bs\/wp-json\/wp\/v2\/pages\/5529\/revisions\/"}],"predecessor-version":[{"id":5578,"href":"https:\/\/oldwww.valicon.net\/bs\/wp-json\/wp\/v2\/pages\/5529\/revisions\/5578\/"}],"up":[{"embeddable":true,"href":"https:\/\/oldwww.valicon.net\/bs\/wp-json\/wp\/v2\/pages\/5382\/"}],"wp:attachment":[{"href":"https:\/\/oldwww.valicon.net\/bs\/wp-json\/wp\/v2\/media\/?parent=5529"}],"curies":[{"name":"wp","href":"https:\/\/api.w.org\/{rel}","templated":true}]}}