{"id":5520,"date":"2016-12-14T12:19:40","date_gmt":"2016-12-14T12:19:40","guid":{"rendered":"http:\/\/www.valicon.net\/nasa-rjesenja\/prikupljanje-podataka-cinjenica-trzista\/solutions\/web-and-mixed\/mix-mode-2\/"},"modified":"2017-06-19T10:58:01","modified_gmt":"2017-06-19T10:58:01","slug":"mix-mode-2","status":"publish","type":"page","link":"https:\/\/oldwww.valicon.net\/bs\/sva-rjesenja\/data-market-facts-bs\/solutions\/web-and-mixed\/mix-mode-2\/","title":{"rendered":"Mix mode"},"content":{"rendered":"<p><b><i>Mix Mode<\/i><\/b><b> je metoda koja kombinuje anketno prikupljanjem podataka pomo\u0107u web panela i li\u010dnog anketiranja na terenu. Anketiranje online populacije se provodi putem web panela, dok preostali dio populacije, koja ne koristi internet ili nije obuhva\u0107ena web anketom, dobijemo na terenu. Metoda je rezultat na\u0161eg vlastitog razvoja i poznata je po svojoj metodi uzorkovanja.<\/b><\/p>\n<p><span style=\"font-weight: 400;\">Metoda ta\u010dno odre\u0111uje opseg anketa, koje je potrebno provesti putem web panela CAWI metodom i kroz terensko prikupljanje podataka metodom CAPI. Obim zavisi o udjelu korisnika interneta u posebnim segmentima, izra\u010dunatih na na\u010din da su me\u0111usobno heterogeni, a unutar sebe \u010dim vi\u0161e homogeni.<\/span><\/p>\n<p><b>Na\u010dini anketiranja koji postaju najrelevantniji<\/b><\/p>\n<p>&nbsp;<\/p>\n<p><a href=\"http:\/\/www.valicon.net\/wp-content\/uploads\/2016\/12\/mox_mode_na\u010dini_anketiranja_bih.png\" data-rel=\"lightbox-image-0\" data-rl_title=\"\" data-rl_caption=\"\" title=\"\"><img loading=\"lazy\" class=\"alignnone wp-image-6248\" src=\"http:\/\/www.valicon.net\/wp-content\/uploads\/2016\/12\/mox_mode_na\u010dini_anketiranja_bih-300x172.png\" alt=\"\" width=\"500\" height=\"287\" \/><\/a><\/p>\n<p><b>Za\u0161to <\/b><b><i>Mix Mode<\/i><\/b><b>?<\/b><\/p>\n<ul>\n<li style=\"font-weight: 400;\"><i><span style=\"font-weight: 400;\">Mix Mode<\/span><\/i><span style=\"font-weight: 400;\"> je kombinacija metoda Smart Sampling na web panelima i li\u010dnih intervjua, koja zbog potpune strukture uzorka omogu\u0107ava nacionalnu reprezentativnost.<\/span><\/li>\n<li style=\"font-weight: 400;\"><span style=\"font-weight: 400;\">Cijena je konkurentna ili ni\u017ea od CATI metode.<\/span><\/li>\n<li style=\"font-weight: 400;\"><span style=\"font-weight: 400;\">Stepen kori\u0161tenja fiksne telefonije u populaciji se smanjuje.<\/span><\/li>\n<li style=\"font-weight: 400;\"><span style=\"font-weight: 400;\">Pad dostupnosti odre\u0111enih ciljnih grupa.<\/span><\/li>\n<li style=\"font-weight: 400;\"><span style=\"font-weight: 400;\">Kombinacija web i terenske metode prikupljanja podataka naju\u010dinkovitije smanjuje u\u010dinka metode (<\/span><i><span style=\"font-weight: 400;\">mode effect<\/span><\/i><span style=\"font-weight: 400;\">).<\/span><\/li>\n<li style=\"font-weight: 400;\"><span style=\"font-weight: 400;\">Nema ograni\u010denja na vrstu pitanja.<\/span><\/li>\n<\/ul>\n<p>&nbsp;<\/p>\n","protected":false},"excerpt":{"rendered":"<p>Mix Mode je metoda koja kombinuje anketno prikupljanjem podataka pomo\u0107u web panela i li\u010dnog anketiranja na terenu. Anketiranje online populacije se provodi putem web panela, dok preostali dio populacije, koja ne koristi internet ili nije obuhva\u0107ena web anketom, dobijemo na terenu. Metoda je rezultat na\u0161eg vlastitog razvoja i poznata je po svojoj metodi uzorkovanja. Metoda [&hellip;]<\/p>\n","protected":false},"author":9,"featured_media":0,"parent":5375,"menu_order":0,"comment_status":"closed","ping_status":"closed","template":"page-product.php","meta":[],"acf":[],"aioseo_notices":[],"_links":{"self":[{"href":"https:\/\/oldwww.valicon.net\/bs\/wp-json\/wp\/v2\/pages\/5520\/"}],"collection":[{"href":"https:\/\/oldwww.valicon.net\/bs\/wp-json\/wp\/v2\/pages\/"}],"about":[{"href":"https:\/\/oldwww.valicon.net\/bs\/wp-json\/wp\/v2\/types\/page\/"}],"author":[{"embeddable":true,"href":"https:\/\/oldwww.valicon.net\/bs\/wp-json\/wp\/v2\/users\/9\/"}],"replies":[{"embeddable":true,"href":"https:\/\/oldwww.valicon.net\/bs\/wp-json\/wp\/v2\/comments\/?post=5520"}],"version-history":[{"count":3,"href":"https:\/\/oldwww.valicon.net\/bs\/wp-json\/wp\/v2\/pages\/5520\/revisions\/"}],"predecessor-version":[{"id":6253,"href":"https:\/\/oldwww.valicon.net\/bs\/wp-json\/wp\/v2\/pages\/5520\/revisions\/6253\/"}],"up":[{"embeddable":true,"href":"https:\/\/oldwww.valicon.net\/bs\/wp-json\/wp\/v2\/pages\/5375\/"}],"wp:attachment":[{"href":"https:\/\/oldwww.valicon.net\/bs\/wp-json\/wp\/v2\/media\/?parent=5520"}],"curies":[{"name":"wp","href":"https:\/\/api.w.org\/{rel}","templated":true}]}}