{"id":5472,"date":"2016-12-14T09:35:00","date_gmt":"2016-12-14T09:35:00","guid":{"rendered":"http:\/\/www.valicon.net\/nasa-rjesenja\/prikupljanje-podataka-cinjenica-trzista\/solutions\/web-and-mixed\/pda\/"},"modified":"2017-04-07T09:23:35","modified_gmt":"2017-04-07T09:23:35","slug":"pda","status":"publish","type":"page","link":"https:\/\/oldwww.valicon.net\/bs\/sva-rjesenja\/data-market-facts-bs\/solutions\/web-and-mixed\/pda\/","title":{"rendered":"PDA"},"content":{"rendered":"<p><strong>Valicon izvodi svoj prvi CAPI projekat 2002. godine, kada smo po\u010deli izvedbu &#8220;Nacionalno istra\u017eivanje \u010ditanosti&#8221;. U 2006. godini CAPI se je po\u010deo koristiti za realizaciju i drugih projekata. Danas se gotovo svi projekti provode u elektronskoj formi &#8211; sa laptopima, tabletima i pametnim telefonima.<\/strong><\/p>\n<p><span style=\"font-weight: 400;\">Valicon je razvio vlastite softverske alate za anketiranje i upravljanje online panelima. Softver za prikupljanja svih vrsta podataka (CATI, CAPI, CAWI, CAMI) zove se AI (Assisted Interviewing) i omogu\u0107ava prikupljanje podataka istra\u017eivanja putem nekoliko kanala istovremeno.<\/span><\/p>\n<p><span style=\"font-weight: 400;\">Na\u0161 razvojni tim programera kontinuirano dopunjava alat sa novim funkcionalnostima, \u0161to nam omogu\u0107ava realizaciju zahtjevnijih projekata i prilago\u0111avanje projektima sa posebnim zahtjevima.<\/span><\/p>\n","protected":false},"excerpt":{"rendered":"<p>Valicon izvodi svoj prvi CAPI projekat 2002. godine, kada smo po\u010deli izvedbu &#8220;Nacionalno istra\u017eivanje \u010ditanosti&#8221;. U 2006. godini CAPI se je po\u010deo koristiti za realizaciju i drugih projekata. Danas se gotovo svi projekti provode u elektronskoj formi &#8211; sa laptopima, tabletima i pametnim telefonima. Valicon je razvio vlastite softverske alate za anketiranje i upravljanje online [&hellip;]<\/p>\n","protected":false},"author":9,"featured_media":0,"parent":5375,"menu_order":0,"comment_status":"closed","ping_status":"closed","template":"page-product.php","meta":[],"acf":[],"aioseo_notices":[],"_links":{"self":[{"href":"https:\/\/oldwww.valicon.net\/bs\/wp-json\/wp\/v2\/pages\/5472\/"}],"collection":[{"href":"https:\/\/oldwww.valicon.net\/bs\/wp-json\/wp\/v2\/pages\/"}],"about":[{"href":"https:\/\/oldwww.valicon.net\/bs\/wp-json\/wp\/v2\/types\/page\/"}],"author":[{"embeddable":true,"href":"https:\/\/oldwww.valicon.net\/bs\/wp-json\/wp\/v2\/users\/9\/"}],"replies":[{"embeddable":true,"href":"https:\/\/oldwww.valicon.net\/bs\/wp-json\/wp\/v2\/comments\/?post=5472"}],"version-history":[{"count":4,"href":"https:\/\/oldwww.valicon.net\/bs\/wp-json\/wp\/v2\/pages\/5472\/revisions\/"}],"predecessor-version":[{"id":5576,"href":"https:\/\/oldwww.valicon.net\/bs\/wp-json\/wp\/v2\/pages\/5472\/revisions\/5576\/"}],"up":[{"embeddable":true,"href":"https:\/\/oldwww.valicon.net\/bs\/wp-json\/wp\/v2\/pages\/5375\/"}],"wp:attachment":[{"href":"https:\/\/oldwww.valicon.net\/bs\/wp-json\/wp\/v2\/media\/?parent=5472"}],"curies":[{"name":"wp","href":"https:\/\/api.w.org\/{rel}","templated":true}]}}