{"id":5446,"date":"2016-05-06T13:49:58","date_gmt":"2016-05-06T13:49:58","guid":{"rendered":"http:\/\/www.valicon.net\/cookie-policy\/"},"modified":"2017-04-04T11:40:21","modified_gmt":"2017-04-04T11:40:21","slug":"cookie-policy","status":"publish","type":"page","link":"https:\/\/oldwww.valicon.net\/bs\/cookie-policy\/","title":{"rendered":"Kori\u0161tenje kola\u010di\u0107a"},"content":{"rendered":"<h2><b><i>Cookies<\/i><\/b><b> i kako ih koristimo<\/b><\/h2>\n<p><span style=\"font-weight: 400;\">U kori\u0161tenju kola\u010di\u0107a mo\u017eete na\u0107i informaciju o tome kako koristimo kola\u010di\u0107e na na\u0161oj web stranici.<\/span><\/p>\n<h3><b>\u0160ta su kola\u010di\u0107i i kako oni rade?<\/b><\/h3>\n<p><span style=\"font-weight: 400;\">Kola\u010di\u0107i su male tekstualne datoteke koje posje\u0107ena stranica \u0161alje i \u010duva na va\u0161em ra\u010dunaru. Kola\u010di\u0107i su sa\u010duvani u imeniku datoteke va\u0161eg web pretra\u017eiva\u010da. Tokom sljede\u0107e posjete web stranici, pretra\u017eiva\u010d pro\u010dita kola\u010di\u0107 i proslje\u0111uje informaciju web stranici ili drugom servisu koji je postavio kola\u010di\u0107. Ako \u017eelite da nau\u010dite vi\u0161e o tehnologiji i kako kola\u010di\u0107i funkcioni\u0161u, molim vas posjetite specijaliziranu web stranicu, npr. <\/span><a href=\"http:\/\/www.allaboutcookies.org\/\"><span style=\"font-weight: 400;\">allaboutcookies.<\/span><\/a><span style=\"font-weight: 400;\">org.<\/span><\/p>\n<h3><b>Za\u0161to koristimo kola\u010di\u0107e?<\/b><\/h3>\n<p><span style=\"font-weight: 400;\">Na na\u0161oj web stranici koristimo kola\u010di\u0107e kako bi pru\u017eili optimalno korisni\u010dko iskustvo za vrijeme posjete i pobolj\u0161ali web stranicu. Koristimo slijede\u0107e kola\u010di\u0107e:<\/span><\/p>\n<ol>\n<li style=\"font-weight: 400;\"><span style=\"font-weight: 400;\">Kola\u010di\u0107i koji prate broj posjetilaca web stranice;<\/span><\/li>\n<li style=\"font-weight: 400;\"><span style=\"font-weight: 400;\">Kola\u010di\u0107i sa kojima istra\u017eujemo kako se posjetioci kre\u0107u po stranici, da vidimo gdje da postavimo sadr\u017eaje<\/span><\/li>\n<li style=\"font-weight: 400;\"><span style=\"font-weight: 400;\">Kola\u010di\u0107i neophodni za funkcionisanje web stranice.<\/span><\/li>\n<\/ol>\n<h3>Specifi\u010dni kola\u010di\u0107i koje koristimo su navedeni u nastavku:<\/h3>\n<table>\n<tbody>\n<tr>\n<td><b>Ime kola\u010di\u0107a<\/b><\/td>\n<td><b>Servis<\/b><\/td>\n<td><b>Trajanje<\/b><\/td>\n<td><b>Opis<\/b><\/td>\n<\/tr>\n<tr>\n<td><b>com.silverpop.iMAWebCookie<\/b><\/td>\n<td><span style=\"font-weight: 400;\">Valicon.net<\/span><\/td>\n<td><span style=\"font-weight: 400;\">2 godine<\/span><\/td>\n<td><span style=\"font-weight: 400;\">Diferencijacija korisnika od strane sistema.<\/span><\/td>\n<\/tr>\n<tr>\n<td><b>com.silverpop.iMA.page_visit<\/b><\/td>\n<td><span style=\"font-weight: 400;\">Valicon.net<\/span><\/td>\n<td><span style=\"font-weight: 400;\">20 minuta<\/span><\/td>\n<td><span style=\"font-weight: 400;\">Funkcionalni kola\u010di\u0107 usluge Silverpop koja vam dodjeljuje anonimni identifikacioni broj.<\/span><\/td>\n<\/tr>\n<tr>\n<td><b>com.silverpop.iMA.session<\/b><\/td>\n<td><span style=\"font-weight: 400;\">Valicon.net<\/span><\/td>\n<td><span style=\"font-weight: 400;\">20 minuta<\/span><\/td>\n<td><span style=\"font-weight: 400;\">Funkcionalni kola\u010di\u0107 usluge Silverpop koja vam dodjeljuje anonimni identifikacioni broj.<\/span><\/td>\n<\/tr>\n<tr>\n<td><b>com.silverpop.iMA.jid<\/b><\/td>\n<td><span style=\"font-weight: 400;\">Valicon.net<\/span><\/td>\n<td><span style=\"font-weight: 400;\">Do kraja posjete <\/span><\/td>\n<td><span style=\"font-weight: 400;\">Funkcionalni kola\u010di\u0107 usluge Silverpop koja vam dodjeljuje anonimni identifikacioni broj.<\/span><\/td>\n<\/tr>\n<tr>\n<td><b>com.silverpop.iMA.mid<\/b><\/td>\n<td><span style=\"font-weight: 400;\">Valicon.net<\/span><\/td>\n<td><span style=\"font-weight: 400;\">Do kraja posjete<\/span><\/td>\n<td><span style=\"font-weight: 400;\">Funkcionalni kola\u010di\u0107 usluge Silverpop koja vam dodjeljuje anonimni identifikacioni broj.<\/span><\/td>\n<\/tr>\n<tr>\n<td><b>com.silverpop.iMA.rid<\/b><\/td>\n<td><span style=\"font-weight: 400;\">Valicon.net<\/span><\/td>\n<td><span style=\"font-weight: 400;\">Do kraja posjete<\/span><\/td>\n<td><span style=\"font-weight: 400;\">Funkcionalni kola\u010di\u0107 usluge Silverpop koja vam dodjeljuje anonimni identifikacioni broj.<\/span><\/td>\n<\/tr>\n<tr>\n<td><b>com.silverpop.iMA.uid<\/b><\/td>\n<td><span style=\"font-weight: 400;\">Valicon.net<\/span><\/td>\n<td><span style=\"font-weight: 400;\">Do kraja posjete<\/span><\/td>\n<td><span style=\"font-weight: 400;\">Funkcionalni kola\u010di\u0107 usluge Silverpop koja vam dodjeljuje anonimni identifikacioni broj.<\/span><\/td>\n<\/tr>\n<tr>\n<td><b>__utma<\/b><\/td>\n<td><span style=\"font-weight: 400;\">Valicon.net<\/span><\/td>\n<td><span style=\"font-weight: 400;\">2 godine<\/span><\/td>\n<td><span style=\"font-weight: 400;\">Namijenjen za razlikovanje korisnika i posjete. Kola\u010di\u0107 je generisan kada se izvr\u0161ava Java Script biblioteka i a\u017eurira se svaki put, kada su podaci poslati na Google Analytics. U njemu nisu sa\u010duvani podaci o korisniku.<\/span><\/td>\n<\/tr>\n<tr>\n<td><b>__utmb<\/b><\/td>\n<td><span style=\"font-weight: 400;\">Valicon.net<\/span><\/td>\n<td><span style=\"font-weight: 400;\">30 minuta<\/span><\/td>\n<td><span style=\"font-weight: 400;\">Koristi se za odre\u0111ivanje novih posjeta. Kola\u010di\u0107 je generisan kada se izvr\u0161ava Java Script biblioteka i a\u017eurira se svaki put, kada su podaci poslati na Google Analytics. U njemu nisu sa\u010duvani podaci o korisniku.<\/span><\/td>\n<\/tr>\n<tr>\n<td><b>__utmc<\/b><\/td>\n<td><span style=\"font-weight: 400;\">Valicon.net<\/span><\/td>\n<td><span style=\"font-weight: 400;\">Do kraja posjete<\/span><\/td>\n<td><span style=\"font-weight: 400;\">Kola\u010di\u0107 radi u kombinaciji s kola\u010di\u0107em, __utmb kako bi se utvrdilo da li je korisnik po\u010deo novu posjetu.<\/span><\/td>\n<\/tr>\n<tr>\n<td><b>__utmz<\/b><\/td>\n<td><span style=\"font-weight: 400;\">Valicon.net<\/span><\/td>\n<td><span style=\"font-weight: 400;\">6 mjeseci<\/span><\/td>\n<td><span style=\"font-weight: 400;\">\u010cuva izvor posjete ili ogla\u0161iva\u010dku akciju, koja obja\u0161njava kako je korisnik do\u0161ao na web stranicu. Kola\u010di\u0107 je generisan kada se izvr\u0161ava Java Script biblioteka i a\u017eurira se svaki put, kada su podaci poslati na Google Analytics. U njemu nisu sa\u010duvani podaci o korisniku.<\/span><\/td>\n<\/tr>\n<tr>\n<td><b>__utmv <\/b><\/td>\n<td><span style=\"font-weight: 400;\">Valicon.net<\/span><\/td>\n<td><span style=\"font-weight: 400;\">2 godine<\/span><\/td>\n<td><span style=\"font-weight: 400;\">Koristi se za \u010duvanje varijabilnih podataka posjetilaca stranice. Kola\u010di\u0107 se a\u017eurira svaki put, kada su podaci poslati na Google Analytics. U njemu nisu sa\u010duvani podaci o korisniku.<\/span><\/td>\n<\/tr>\n<tr>\n<td><b>__utmt<\/b><\/td>\n<td><span style=\"font-weight: 400;\">Valicon.net<\/span><\/td>\n<td><span style=\"font-weight: 400;\">10 minuta<\/span><\/td>\n<td><span style=\"font-weight: 400;\">Namijenjen analiziranju posjete web stranice i u njemu nisu sa\u010duvani podaci o korisniku.<\/span><\/td>\n<\/tr>\n<\/tbody>\n<\/table>\n<h3><b>Kako mogu upravljati kola\u010di\u0107ima?<\/b><\/h3>\n<p><span style=\"font-weight: 400;\">Ako se ne sla\u017eete sa kori\u0161tenjem kola\u010di\u0107a na va\u0161oj web stranici, mo\u017eete odabrati tu opciju unutar obavje\u0161tenja o kola\u010di\u0107ima. Odjaviti se mo\u017eete i putem obrasca za upravljanje kola\u010di\u0107ima u web pretra\u017eiva\u010du. Web pretra\u017eiva\u010di nude razne opcije za ograni\u010davanje upotrebe kola\u010di\u0107a. Obi\u010dno, te opcije se mogu prona\u0107i u Alatima ili u meniju Opcije. Mo\u017eete tako\u0111er pro\u010ditati rubriku Pomo\u0107 na web pretra\u017eiva\u010du. Vi\u0161e o opcijama oko upravljanja kola\u010di\u0107ima za razli\u010dite pretra\u017eiva\u010de mo\u017eete pro\u010ditati <\/span><a href=\"http:\/\/www.allaboutcookies.org\/manage-cookies\/index.html\"><span style=\"font-weight: 400;\">ovdje<\/span><\/a><span style=\"font-weight: 400;\">.<\/span><\/p>\n<h3><b>Koliko dugo \u010duvamo podatke?<\/b><\/h3>\n<p><span style=\"font-weight: 400;\">To zavisi od vrste kola\u010di\u0107a. Kola\u010di\u0107i posjete traju dok ne zatvorite web pretra\u017eiva\u010d. Trajni kola\u010di\u0107i mogu trajati nakon nekoliko mjeseci ili \u010dak nekoliko godina. Kola\u010di\u0107e, tako\u0111er, mo\u017eete i sami izbrisati u web pretra\u017eiva\u010du.<\/span><\/p>\n","protected":false},"excerpt":{"rendered":"<p>Cookies i kako ih koristimo U kori\u0161tenju kola\u010di\u0107a mo\u017eete na\u0107i informaciju o tome kako koristimo kola\u010di\u0107e na na\u0161oj web stranici. \u0160ta su kola\u010di\u0107i i kako oni rade? Kola\u010di\u0107i su male tekstualne datoteke koje posje\u0107ena stranica \u0161alje i \u010duva na va\u0161em ra\u010dunaru. Kola\u010di\u0107i su sa\u010duvani u imeniku datoteke va\u0161eg web pretra\u017eiva\u010da. Tokom sljede\u0107e posjete web stranici, [&hellip;]<\/p>\n","protected":false},"author":1,"featured_media":0,"parent":0,"menu_order":0,"comment_status":"closed","ping_status":"closed","template":"","meta":[],"acf":[],"aioseo_notices":[],"_links":{"self":[{"href":"https:\/\/oldwww.valicon.net\/bs\/wp-json\/wp\/v2\/pages\/5446\/"}],"collection":[{"href":"https:\/\/oldwww.valicon.net\/bs\/wp-json\/wp\/v2\/pages\/"}],"about":[{"href":"https:\/\/oldwww.valicon.net\/bs\/wp-json\/wp\/v2\/types\/page\/"}],"author":[{"embeddable":true,"href":"https:\/\/oldwww.valicon.net\/bs\/wp-json\/wp\/v2\/users\/1\/"}],"replies":[{"embeddable":true,"href":"https:\/\/oldwww.valicon.net\/bs\/wp-json\/wp\/v2\/comments\/?post=5446"}],"version-history":[{"count":2,"href":"https:\/\/oldwww.valicon.net\/bs\/wp-json\/wp\/v2\/pages\/5446\/revisions\/"}],"predecessor-version":[{"id":5452,"href":"https:\/\/oldwww.valicon.net\/bs\/wp-json\/wp\/v2\/pages\/5446\/revisions\/5452\/"}],"wp:attachment":[{"href":"https:\/\/oldwww.valicon.net\/bs\/wp-json\/wp\/v2\/media\/?parent=5446"}],"curies":[{"name":"wp","href":"https:\/\/api.w.org\/{rel}","templated":true}]}}