{"id":5434,"date":"2015-12-17T14:47:26","date_gmt":"2015-12-17T14:47:26","guid":{"rendered":"http:\/\/www.valicon.net\/terms\/"},"modified":"2017-04-04T11:00:42","modified_gmt":"2017-04-04T11:00:42","slug":"terms","status":"publish","type":"page","link":"https:\/\/oldwww.valicon.net\/bs\/terms\/","title":{"rendered":"Uslovi kori\u0161tenja"},"content":{"rendered":"<p><span style=\"font-weight: 400;\">Dobro do\u0161li na web stranicu kompanije Valicon d.o.o. Sadr\u017eaj na <\/span><a href=\"http:\/\/www.valicon.net\"><span style=\"font-weight: 400;\">www.valicon.net<\/span><\/a><span style=\"font-weight: 400;\"> (u daljem tekstu web sajt) podlije\u017ee uslovima i pravilima u nastavku (Uslovi). Posjetom web stranici saglasni ste sa uslovima kori\u0161tenja. Postoji mogu\u0107nost da se uslovi kori\u0161tenja kroz vrijeme promijene, stoga vas molimo da ih povremeno provjerite.<\/span><\/p>\n<p><b>Autorska prava<\/b><\/p>\n<p><span style=\"font-weight: 400;\">Sav sadr\u017eaj i funkcionalnost web stranice, uklju\u010duju\u0107i tekst, grafiku, logotipe, ikonice i slike kao i izbor i pode\u0161avanja istih, je isklju\u010divo vlasni\u0161tvo Valicona ili njegovih punomo\u0107nika i za\u0161ti\u0107en je me\u0111unarodnim zakonima o autorskim pravima. Sva prava, koja nisu izri\u010dito odobrena, su zadr\u017eana.<\/span><\/p>\n<p><b>Za\u0161titni znak<\/b><\/p>\n<p><span style=\"font-weight: 400;\">Robna marka, marka usluge, dizajn i logotipi (kolektivna marka) prikazani na web stranici su registrovana i neregistrovana marka Valicona i njegovih davalaca licence. Kori\u0161tenjem web stranice, sla\u017eete se da se ne\u0107ete pozivati na informacije koje se odnose i pripisuju Valiconu ili njegovim davaocima licence u bilo kom javnom mediju (npr. objavama za medije, web stranice) za reklamiranje ili ogla\u0161avanje ili u svrhu informisanja i uticaja na tre\u0107a lica, i da ne\u0107ete koristiti ili reprodukovati bilo koju marku ili prikazivati bilo kakvu vezu ili odnos sa Valiconom i njegovim davaocima licenci.<\/span><\/p>\n<p><b>Kori\u0161tenje sadr\u017eaja web stranice<\/b><\/p>\n<p><span style=\"font-weight: 400;\">Kori\u0161tenje sadr\u017eaja web stranice vam daje neekskluzivnu, neprenosivu licencu pod uslovima, odre\u0111enim Uslovima kori\u0161tenja. Tako mo\u017eete pristupiti jednom primjeru sadr\u017eaja stranice, prenijeti, prikazati i kopirati na pojedinom ra\u010dunaru isklju\u010divo za va\u0161e interno, poslovno kori\u0161tenje pod uslovom da ne mijenjate sadr\u017eaj stranice u bilo kom smislu i zadr\u017eite sve izvorne objave o autorskim pravima i druge objave o intelektualnim pravima, koja se pojavljuju na web stranici. Tako\u0111er, reprodukovanje, mijenjanje, distribucija, preno\u0161enje, objavljivanje ili otkrivanje sadr\u017eaja web stranice bez prethodne saglasnosti Valicona je zabranjeno.<\/span><\/p>\n<p><b>Ograni\u010denje odgovornosti<\/b><\/p>\n<p><span style=\"font-weight: 400;\">Sadr\u017eaj ove web stranice je objavljen pod uslovima po kojima Valicon nije du\u017ean pru\u017eiti profesionalne savjete i usluge. Sav sadr\u017eaj na web stranici je objavljen bez ikakvih garancija, eksplicitnih i implicitnih, uklju\u010duju\u0107i izri\u010dito garanciju za prodaju i primjerenost \u00a0za odre\u0111ene svrhe. Valicon i tre\u0107a lica, koje osiguravaju sadr\u017eaj, ne daju nikakvu garanciju, eksplicitnu ili implicitnu, o vlasni\u0161tvu, ta\u010dnosti i relevantnosti sadr\u017eaja web stranice. Valicon nema nikakve obaveze ili odgovornost za bilo kakve informacije objavljene na povezanim web stranicama, dodatih od strane korisnika ili objavljenih od strane tre\u0107ih lica. Valicon i tre\u0107a lica, koja nude sadr\u017eaj, nisu odgovorne za bilo kakvu nedirektnu, slu\u010dajnu, posljedi\u010dnu ili kaznenu \u0161tetu ili gubitak prihoda ili dobiti, bez obzira da li su upozorili na takve mogu\u0107nosti i bez obzira na teoriju odgovornosti.<\/span><\/p>\n<p><b>Web stranice tre\u0107ih lica<\/b><\/p>\n<p><span style=\"font-weight: 400;\">Na web stanici <\/span><a href=\"http:\/\/www.valicon.net\"><span style=\"font-weight: 400;\">www.valicon.net<\/span><\/a><span style=\"font-weight: 400;\"> mogu biti objavljeni linkovi do web stranica tre\u0107ih lica; neki sadr\u017eaji na web stranici su pripremljeni od strane tre\u0107ih lica, npr. oblikovanje web stranica tre\u0107ih lica ili uklju\u010divanje sadr\u017eaja web stranica u okviru drugih servera. Valicon nema nikakvu odgovornost za stranice, koje se upravljaju pod uslovima kori\u0161tenja i pravilnikom o privatnosti od strane bilo kojih tre\u0107ih lica.<\/span><\/p>\n<p><b>Izjava o privatnosti<\/b><\/p>\n<p><span style=\"font-weight: 400;\">Valicon je svjestan da vam je va\u0161a privatnost bitna. Du\u017eni smo da po\u0161tujemo va\u0161u privatnost i \u0161titimo li\u010dne podatke, tj. bilo koje podatke koji vas mogu identifikovati kao pojedinca tokom kori\u0161tenja web stranice. Odgovornosti Valicona su opisane u dijelu Za\u0161tita privatnosti. Davanjem li\u010dnih podataka, saglasni ste da Valicon koristi Va\u0161e li\u010dne podatke, na na\u010din na koji je tu navedeno. Molimo vas, provjerite na\u0161e Uslove kori\u0161tenja za vi\u0161e informacija o uslovima kori\u0161tenja weba i op\u0161tim pravilima.<\/span><\/p>\n<p><a href=\"http:\/\/eur-lex.europa.eu\/legal-content\/EN\/ALL\/?uri=CELEX%3A32002L0058\"><span style=\"font-weight: 400;\">Pogledaj Direktivu o privatnosti i elektronskim \u00a0komunikacijama<\/span><\/a><span style=\"font-weight: 400;\">.<\/span><\/p>\n<p><span style=\"font-weight: 400;\">Korisnik je saglasan da se njegovi podaci, koje je proslijedio vlasniku usluge, koriste na na\u010din i u svrhe, opisane u nastavku ovih uslova.<\/span><\/p>\n<p><span style=\"font-weight: 400;\">Vlasnik usluge se obavezuje na za\u0161titu korisni\u010dkih podataka sa du\u017enom pa\u017enjom i da ih ne\u0107e proslje\u0111ivati tre\u0107im licima. Vlasnik usluge se tako\u0111er obavezuje na za\u0161titu privatnosti korisnika web stranice. Podaci o kori\u0161tenju web stranice, koji se automatski prikupljaju i ne omogu\u0107avaju uvid u li\u010dne podatke, koristiti \u0107e za pru\u017eanje usluga i pobolj\u0161anje kori\u0161tenja web stranice kao \u0161to je detaljnije definisano u obavje\u0161tenju o kola\u010di\u0107ima.<\/span><\/p>\n<p><span style=\"font-weight: 400;\">Li\u010dni podaci dostavljeni od strane korisnika bi\u0107e sa\u010duvani u bazi podataka vlasnika usluge. Ovi podaci se obra\u0111uju u svrhu informisanja o uslugama i proizvodima, uzorkovanja, anketiranja i statisti\u010dke obrade podataka vlasnika usluge kao i za segmentaciju, istra\u017eivanje tr\u017ei\u0161ta, informisanja o komercijalnim i nekomercijalnim ponudama, novostima, pogodnostima, za ostale marketin\u0161ke svrhe vlasnika usluge i tre\u0107ih lica, s kojima vlasnik usluge sklopi odgovaraju\u0107i ugovor o obradi podataka.<\/span><\/p>\n<p><span style=\"font-weight: 400;\">Podatke koje vlasnik usluge dobije iz drugih izvora, mo\u017ee pridru\u017eiti ostalim podacima u bazi, u cilju prilago\u0111avanja reklamne poruke korisniku, koji posje\u0107uje web stranicu.<\/span><\/p>\n<p><span style=\"font-weight: 400;\">Li\u010dni podaci \u0107e se prikupljati, obra\u0111ivati i \u010duvati u skladu sa Zakonom o za\u0161titi podataka o li\u010dnosti.<\/span><\/p>\n<p><span style=\"font-weight: 400;\">Vlasnik usluge ne preuzima odgovornost za potencijalne poku\u0161aje upada u \u00a0bazu podataka, \u0161to bi ugrozilo obavljeni sadr\u017eaj. Korisnik je svjestan da je vlasnik usluge du\u017ean da na opravdane zahtjeve i na pravnom osnovu korisni\u010dke podatke proslijediti dr\u017eavnim organima gdje postoji osnova sumnja u kazneno djelo za koje je po\u010dinitelj progonjen po slu\u017ebenoj du\u017enosti.<\/span><\/p>\n<p>Sve prigovore i reklamacije rje\u0161ava vlasnik usluge. Mo\u017eete nam pisati na <a href=\"mailto:info@valicon.ba\">info@valicon.ba<\/a>. U slu\u010daju opravdanih pritu\u017ebi obavezujemo se da \u0107emo ih otkloniti u zakonski propisanom roku i o tome obavijestiti korisnika.<\/p>\n<h2><\/h2>\n","protected":false},"excerpt":{"rendered":"<p>Dobro do\u0161li na web stranicu kompanije Valicon d.o.o. Sadr\u017eaj na www.valicon.net (u daljem tekstu web sajt) podlije\u017ee uslovima i pravilima u nastavku (Uslovi). Posjetom web stranici saglasni ste sa uslovima kori\u0161tenja. Postoji mogu\u0107nost da se uslovi kori\u0161tenja kroz vrijeme promijene, stoga vas molimo da ih povremeno provjerite. Autorska prava Sav sadr\u017eaj i funkcionalnost web stranice, [&hellip;]<\/p>\n","protected":false},"author":2,"featured_media":0,"parent":0,"menu_order":0,"comment_status":"closed","ping_status":"closed","template":"","meta":[],"acf":[],"aioseo_notices":[],"_links":{"self":[{"href":"https:\/\/oldwww.valicon.net\/bs\/wp-json\/wp\/v2\/pages\/5434\/"}],"collection":[{"href":"https:\/\/oldwww.valicon.net\/bs\/wp-json\/wp\/v2\/pages\/"}],"about":[{"href":"https:\/\/oldwww.valicon.net\/bs\/wp-json\/wp\/v2\/types\/page\/"}],"author":[{"embeddable":true,"href":"https:\/\/oldwww.valicon.net\/bs\/wp-json\/wp\/v2\/users\/2\/"}],"replies":[{"embeddable":true,"href":"https:\/\/oldwww.valicon.net\/bs\/wp-json\/wp\/v2\/comments\/?post=5434"}],"version-history":[{"count":3,"href":"https:\/\/oldwww.valicon.net\/bs\/wp-json\/wp\/v2\/pages\/5434\/revisions\/"}],"predecessor-version":[{"id":5439,"href":"https:\/\/oldwww.valicon.net\/bs\/wp-json\/wp\/v2\/pages\/5434\/revisions\/5439\/"}],"wp:attachment":[{"href":"https:\/\/oldwww.valicon.net\/bs\/wp-json\/wp\/v2\/media\/?parent=5434"}],"curies":[{"name":"wp","href":"https:\/\/api.w.org\/{rel}","templated":true}]}}