{"id":5255,"date":"2015-12-24T13:34:54","date_gmt":"2015-12-24T13:34:54","guid":{"rendered":"http:\/\/www.valicon.net\/why-participate\/"},"modified":"2017-04-04T08:45:00","modified_gmt":"2017-04-04T08:45:00","slug":"why-participate","status":"publish","type":"page","link":"https:\/\/oldwww.valicon.net\/bs\/why-participate\/","title":{"rendered":"Za\u0161to u\u010destvovati"},"content":{"rendered":"<p><span style=\"font-weight: 400;\">U panelu JaZnam mo\u017eete u\u010destvovati u razli\u010ditim vrstama istra\u017eivanja i na taj na\u010din izraziti svoje mi\u0161ljenje. Sprovodimo razne vrste istra\u017eivanja za razli\u010dite kompanije, od najsna\u017enijih srpskih do nezaobilaznih multinacionalnih brendova, kao i mnogo zanimljivih dru\u0161tvenih istra\u017eivanja. Nagra\u0111eni ste za u\u010destvovanje u svim vrstama istra\u017eivanja.<\/span><\/p>\n<p>&nbsp;<\/p>\n<p><a href=\"http:\/\/www.valicon.net\/wp-content\/uploads\/2015\/12\/O69ALY0.jpg\" data-rel=\"lightbox-image-0\" data-rl_title=\"\" data-rl_caption=\"\" title=\"\"><img loading=\"lazy\" class=\"wp-image-2767 aligncenter\" src=\"http:\/\/www.valicon.net\/wp-content\/uploads\/2015\/12\/O69ALY0-1024x683.jpg\" alt=\"Row of business people making notes at seminar with young man on foreground\" width=\"536\" height=\"337\" \/><\/a><\/p>\n<h2><\/h2>\n<h2><b>Svoje mi\u0161ljenje mo\u017eete izraziti na razli\u010dite na\u010dine te mo\u017eete birati izme\u0111u:<\/b><\/h2>\n<h3><b>Online istra\u017eivanje:<br \/>\n<\/b><\/h3>\n<p><span style=\"font-weight: 400;\">Online istra\u017eivanje je vrlo jednostavan i nenametljiv na\u010din u\u010destvovanja u istra\u017eivanjima. Upitnike mo\u017eete popuniti kada vama najvi\u0161e odgovara, a mo\u017eete i prekinuti i ispuniti upitnik kasnije. Upitnik mo\u017eete ispuniti bilo gdje ukoliko imate pristup internetu. Bi\u0107ete nagra\u0111eni za u\u010destvovanje u istra\u017eivanju.<\/span><\/p>\n<h3><b>Telefonsko istra\u017eivanje:<br \/>\n<\/b><\/h3>\n<p><span style=\"font-weight: 400;\">Telefonska istra\u017eivanja se vr\u0161e telefonom. Nazvati \u0107e vas pristojni anketari i pitati nekoliko kratkih pitanja u vezi aktuelnih tema poput gledanja televizije, kori\u0161tenja i zadovoljstva odre\u0111enim proizvodima i uslugama, itd.<\/span><\/p>\n<h3><b>Fokus grupe<br \/>\n<\/b><\/h3>\n<p><span style=\"font-weight: 400;\">Fokus grupa je opu\u0161tena diskusija 6 do 8 u\u010desnika, uz grickalice i pi\u0107e, koju vodi trenirani moderator. Ne trebate se pripremati za raspravu, budu\u0107i da je svrha \u010duti \u0161to je vi\u0161e mogu\u0107e razli\u010ditih mi\u0161ljenja, iskustava i stavova. Nagrada za u\u010destvovanje u dvosatnoj raspravi je poklon bon ili poklon paket od klijenta u vrijednosti od 25 \u2013 30 BAM u zavisnosti od teme i trajanja sesije.<\/span><\/p>\n<h3><b><\/b><b>Dubinski intervju<br \/>\n<\/b><\/h3>\n<p><span style=\"font-weight: 400;\">Dubinski intervju je individualni opu\u0161teni razgovor sa na\u0161im anketarom. Sprovodi se uz pi\u0107e u mirnoj i opu\u0161tenoj atmosferi. Zainteresovani smo za va\u0161e iskreno mi\u0161ljenje. Mo\u017eete u\u010destvovati ako vam je odre\u0111ena tema zanimljiva ili koristite odre\u0111enu uslugu ili proizvod. Nagrada je poklon bon ili poklon paket na\u0161eg klijenta. Intervjui se sprovode na razli\u010ditim lokacijama \u0161irom BIH.<\/span><\/p>\n<h3><b>Tajna kupovina<\/b><\/h3>\n<p><span style=\"font-weight: 400;\">Pomozite nam da pobolj\u0161amo kvalitet usluge i bi\u0107ete nagra\u0111eni za va\u0161 trud! Tajna kupovina je istra\u017eiva\u010dka metoda u kojoj se pona\u0161ate kao potencijalni klijent ili kupac sa ciljem procjene kvaliteta odre\u0111ene usluge. Tajna kupovina sprovodi se na razli\u010ditim lokacijama \u0161irom Srbije<\/span><\/p>\n<h3><b>Sistem nagra\u0111ivanja<\/b><\/h3>\n<h3><b>JaZnam nagra\u0111uje svoje \u010dlanove JaZnam bodovima!<\/b><\/h3>\n<h3><b>Vrijednost 100 JaZnam bodova je 1,5 BAM.<\/b><\/h3>\n<ol>\n<li><span style=\"font-weight: 400;\">\u00a0Prve bodove dobijete\u00a0<\/span><b>prilikom prijave na panel<\/b><span style=\"font-weight: 400;\">, pri \u010demu vam\u00a0<\/span><b>poklanjamo 100 bodova<\/b><span style=\"font-weight: 400;\">.<\/span><\/li>\n<li><b>Poklanjamo vam dodatnih 10 bodova za svaku anketu koju popuni &#8216;prijatelj&#8217;<\/b><span style=\"font-weight: 400;\">koji se na panel prijavi preko Va\u0161eg regrutacijskog linka koji smo vam poslali na e-mail prilikom prijave, a kasnije \u0107emo Vam ga slati u svakom pozivu za u\u010destvovanje u istra\u017eivanju. Pravo na dodatne bodove imate tokom prve 4 godine \u010dlanstva va\u0161eg &#8216;prijatelja&#8217; (va\u017ei za prijatelje u\u010dlanjene nakon 10. juna 2014. godine).<\/span><\/li>\n<li><b>JaZnam bodove dobiti \u0107e te za svaku popunjenu web anketu<\/b><i><span style=\"font-weight: 400;\">.<\/span><\/i><span style=\"font-weight: 400;\">Bodovi koje \u0107ete dobiti za popunjavanje odre\u0111ene ankete zavise od du\u017eine ankete, \u0161to \u0107e biti navedeno u pozivu za svaku anketu koju vam \u0161aljemo putem e-mail-a.<\/span><\/li>\n<\/ol>\n<p><span style=\"font-weight: 400;\">\u0160to vi\u0161e anketa popunite, vi\u0161e bodova osvajate. O stanju va\u0161ih bodova vas redovno obavje\u0161tavamo prilikom svakog poziva za popunjavanje upitnika.<\/span><\/p>\n<h3><b>Kako iskoristiti bodove?<\/b><\/h3>\n<p><span style=\"font-weight: 400;\">Kao \u010dlan panela JaZnam bodove mo\u017eete\u00a0iskoristiti tako \u0161to ih mijenjate za vau\u010dere (vrijednosne bonove) ili ih zamijenite za u\u010destvovanje u nagradnom izvla\u010denju.<\/span><\/p>\n<p>&nbsp;<\/p>\n","protected":false},"excerpt":{"rendered":"<p>U panelu JaZnam mo\u017eete u\u010destvovati u razli\u010ditim vrstama istra\u017eivanja i na taj na\u010din izraziti svoje mi\u0161ljenje. Sprovodimo razne vrste istra\u017eivanja za razli\u010dite kompanije, od najsna\u017enijih srpskih do nezaobilaznih multinacionalnih brendova, kao i mnogo zanimljivih dru\u0161tvenih istra\u017eivanja. Nagra\u0111eni ste za u\u010destvovanje u svim vrstama istra\u017eivanja. &nbsp; Svoje mi\u0161ljenje mo\u017eete izraziti na razli\u010dite na\u010dine te mo\u017eete birati [&hellip;]<\/p>\n","protected":false},"author":2,"featured_media":0,"parent":0,"menu_order":0,"comment_status":"closed","ping_status":"closed","template":"","meta":[],"acf":[],"aioseo_notices":[],"_links":{"self":[{"href":"https:\/\/oldwww.valicon.net\/bs\/wp-json\/wp\/v2\/pages\/5255\/"}],"collection":[{"href":"https:\/\/oldwww.valicon.net\/bs\/wp-json\/wp\/v2\/pages\/"}],"about":[{"href":"https:\/\/oldwww.valicon.net\/bs\/wp-json\/wp\/v2\/types\/page\/"}],"author":[{"embeddable":true,"href":"https:\/\/oldwww.valicon.net\/bs\/wp-json\/wp\/v2\/users\/2\/"}],"replies":[{"embeddable":true,"href":"https:\/\/oldwww.valicon.net\/bs\/wp-json\/wp\/v2\/comments\/?post=5255"}],"version-history":[{"count":5,"href":"https:\/\/oldwww.valicon.net\/bs\/wp-json\/wp\/v2\/pages\/5255\/revisions\/"}],"predecessor-version":[{"id":5413,"href":"https:\/\/oldwww.valicon.net\/bs\/wp-json\/wp\/v2\/pages\/5255\/revisions\/5413\/"}],"wp:attachment":[{"href":"https:\/\/oldwww.valicon.net\/bs\/wp-json\/wp\/v2\/media\/?parent=5255"}],"curies":[{"name":"wp","href":"https:\/\/api.w.org\/{rel}","templated":true}]}}