{"id":5249,"date":"2016-05-09T12:37:10","date_gmt":"2016-05-09T12:37:10","guid":{"rendered":"http:\/\/www.valicon.net\/research-participants\/"},"modified":"2023-02-02T09:47:19","modified_gmt":"2023-02-02T09:47:19","slug":"research-participants","status":"publish","type":"page","link":"https:\/\/oldwww.valicon.net\/bs\/research-participants\/","title":{"rendered":"Pridru\u017ei se na\u0161em online panelu"},"content":{"rendered":"<h2><a href=\"https:\/\/www.jaznam.ba\/\"><img loading=\"lazy\" class=\"alignnone wp-image-24584\" src=\"https:\/\/www.valicon.net\/wp-content\/uploads\/2023\/02\/jaZnam.png\" alt=\"\" width=\"630\" height=\"200\" \/><\/a><\/h2>\n<h2><b>Budu\u0107i da cijenimo va\u0161e mi\u0161ljenje<\/b><\/h2>\n<ul>\n<li style=\"font-weight: 400;\"><span style=\"font-weight: 400;\">nagra\u0111eni ste za va\u0161e mi\u0161ljenje;<\/span><\/li>\n<li style=\"font-weight: 400;\"><span style=\"font-weight: 400;\">va\u0161e mi\u0161ljenje \u0107e doprinijeti stvaranju novih i postoje\u0107ih brendova;<\/span><\/li>\n<li style=\"font-weight: 400;\"><span style=\"font-weight: 400;\">postanite dio tima koji kreira budu\u0107nost potro\u0161a\u010da.<\/span><\/li>\n<\/ul>\n<h2><strong>Postani \u010dlan:<\/strong><\/h2>\n<p><a href=\"http:\/\/www.jaznam.ba\/\">JaZnam Bosnia and Herzegovina<br \/>\n<\/a><a href=\"http:\/\/www.jaznam.hr\/\">JaZnam Croatia<\/a><a href=\"http:\/\/www.jaznam.ba\/\"><br \/>\n<\/a><a href=\"http:\/\/www.jaznam.rs\/\">JaZnam Serbia<br \/>\n<\/a><a href=\"http:\/\/www.jazvem.si\/\">JazVem Slovenia<\/a><\/p>\n","protected":false},"excerpt":{"rendered":"<p>Budu\u0107i da cijenimo va\u0161e mi\u0161ljenje nagra\u0111eni ste za va\u0161e mi\u0161ljenje; va\u0161e mi\u0161ljenje \u0107e doprinijeti stvaranju novih i postoje\u0107ih brendova; postanite dio tima koji kreira budu\u0107nost potro\u0161a\u010da. Postani \u010dlan: JaZnam Bosnia and Herzegovina JaZnam Croatia JaZnam Serbia JazVem Slovenia<\/p>\n","protected":false},"author":9,"featured_media":0,"parent":0,"menu_order":0,"comment_status":"closed","ping_status":"closed","template":"","meta":[],"acf":[],"aioseo_notices":[],"_links":{"self":[{"href":"https:\/\/oldwww.valicon.net\/bs\/wp-json\/wp\/v2\/pages\/5249\/"}],"collection":[{"href":"https:\/\/oldwww.valicon.net\/bs\/wp-json\/wp\/v2\/pages\/"}],"about":[{"href":"https:\/\/oldwww.valicon.net\/bs\/wp-json\/wp\/v2\/types\/page\/"}],"author":[{"embeddable":true,"href":"https:\/\/oldwww.valicon.net\/bs\/wp-json\/wp\/v2\/users\/9\/"}],"replies":[{"embeddable":true,"href":"https:\/\/oldwww.valicon.net\/bs\/wp-json\/wp\/v2\/comments\/?post=5249"}],"version-history":[{"count":5,"href":"https:\/\/oldwww.valicon.net\/bs\/wp-json\/wp\/v2\/pages\/5249\/revisions\/"}],"predecessor-version":[{"id":24590,"href":"https:\/\/oldwww.valicon.net\/bs\/wp-json\/wp\/v2\/pages\/5249\/revisions\/24590\/"}],"wp:attachment":[{"href":"https:\/\/oldwww.valicon.net\/bs\/wp-json\/wp\/v2\/media\/?parent=5249"}],"curies":[{"name":"wp","href":"https:\/\/api.w.org\/{rel}","templated":true}]}}