{"id":5241,"date":"2016-06-20T12:13:28","date_gmt":"2016-06-20T12:13:28","guid":{"rendered":"http:\/\/www.valicon.net\/odpiralnicasi\/"},"modified":"2017-05-22T09:28:24","modified_gmt":"2017-05-22T09:28:24","slug":"odpiralnicasi","status":"publish","type":"page","link":"https:\/\/oldwww.valicon.net\/bs\/odpiralnicasi\/","title":{"rendered":"OpenHours"},"content":{"rendered":"<p style=\"text-align: center;\"><a href=\"http:\/\/www.valicon.net\/wp-content\/uploads\/2016\/06\/download.png\" data-rel=\"lightbox-image-0\" data-rl_title=\"\" data-rl_caption=\"\" title=\"\"><img loading=\"lazy\" class=\"alignnone size-full wp-image-3435\" src=\"http:\/\/www.valicon.net\/wp-content\/uploads\/2016\/06\/download.png\" alt=\"download\" width=\"124\" height=\"31\" \/><\/a><\/p>\n<p style=\"text-align: center;\">\n<p style=\"text-align: left;\">OpenHours aplikacija, prikazuje otvorene trgovine i servisne usluge u Va\u0161oj blizini. Svojim korisnicima poma\u017ee da prona\u0111u najbli\u017ei supermarket, apoteku, restoran, banku ili po\u0161tu u bilo koje vrijeme.<\/p>\n<p style=\"text-align: left;\">Pored prikazivanja informacija o radnom vremenu, Open Hours aplikacija tako\u0111er pokazuje ta\u010dnu lokaciju na karti, adresu i navigaciju, broj telefona, fotografije, trenutne ponude i mi\u0161ljenja, kao i ocjene drugih ljudi koji su posjetili tra\u017eenu lokaciju.<br \/>\nU okviru OpenHours aplikacije, Valicon sa svojim naprednim sistemom SmartProfiler prema prilago\u0111enim profilima ocjenjuje i mjeri zadovoljstvo korisnika odre\u0111enom lokacijom.<\/p>\n<p style=\"text-align: left;\">Pridajemo izuzetnu va\u017enost na\u0161im korisnicima aplikacije i njihovom ocjenjivanju, a u isto vrijeme omogu\u0107ujemo vlasnicima poslovnih subjekata uvid u zadovoljstvo svojih korisnika\/kupaca.<\/p>\n<p style=\"text-align: left;\">Valicon u saradnji sa OpenHours timom postavlja pravim ljudima prava pitanja, u pravo vrijeme i na pravom mjestu.<\/p>\n","protected":false},"excerpt":{"rendered":"<p>OpenHours aplikacija, prikazuje otvorene trgovine i servisne usluge u Va\u0161oj blizini. Svojim korisnicima poma\u017ee da prona\u0111u najbli\u017ei supermarket, apoteku, restoran, banku ili po\u0161tu u bilo koje vrijeme. Pored prikazivanja informacija o radnom vremenu, Open Hours aplikacija tako\u0111er pokazuje ta\u010dnu lokaciju na karti, adresu i navigaciju, broj telefona, fotografije, trenutne ponude i mi\u0161ljenja, kao i ocjene [&hellip;]<\/p>\n","protected":false},"author":9,"featured_media":0,"parent":0,"menu_order":0,"comment_status":"closed","ping_status":"closed","template":"","meta":[],"acf":[],"aioseo_notices":[],"_links":{"self":[{"href":"https:\/\/oldwww.valicon.net\/bs\/wp-json\/wp\/v2\/pages\/5241\/"}],"collection":[{"href":"https:\/\/oldwww.valicon.net\/bs\/wp-json\/wp\/v2\/pages\/"}],"about":[{"href":"https:\/\/oldwww.valicon.net\/bs\/wp-json\/wp\/v2\/types\/page\/"}],"author":[{"embeddable":true,"href":"https:\/\/oldwww.valicon.net\/bs\/wp-json\/wp\/v2\/users\/9\/"}],"replies":[{"embeddable":true,"href":"https:\/\/oldwww.valicon.net\/bs\/wp-json\/wp\/v2\/comments\/?post=5241"}],"version-history":[{"count":3,"href":"https:\/\/oldwww.valicon.net\/bs\/wp-json\/wp\/v2\/pages\/5241\/revisions\/"}],"predecessor-version":[{"id":5838,"href":"https:\/\/oldwww.valicon.net\/bs\/wp-json\/wp\/v2\/pages\/5241\/revisions\/5838\/"}],"wp:attachment":[{"href":"https:\/\/oldwww.valicon.net\/bs\/wp-json\/wp\/v2\/media\/?parent=5241"}],"curies":[{"name":"wp","href":"https:\/\/api.w.org\/{rel}","templated":true}]}}