{"id":5234,"date":"2016-06-20T12:12:15","date_gmt":"2016-06-20T12:12:15","guid":{"rendered":"http:\/\/www.valicon.net\/blackbox\/"},"modified":"2017-08-28T13:40:34","modified_gmt":"2017-08-28T13:40:34","slug":"blackbox","status":"publish","type":"page","link":"https:\/\/oldwww.valicon.net\/bs\/blackbox\/","title":{"rendered":"Blckb, primjenjena neuroznanost"},"content":{"rendered":"<p style=\"text-align: center;\"><a href=\"http:\/\/www.valicon.net\/wp-content\/uploads\/2016\/06\/blckb_znak_B_pozitiv-1.png\" data-rel=\"lightbox-image-0\" data-rl_title=\"\" data-rl_caption=\"\" title=\"\"><img loading=\"lazy\" class=\"alignnone size-medium wp-image-4365\" src=\"http:\/\/www.valicon.net\/wp-content\/uploads\/2016\/06\/blckb_znak_B_pozitiv-1-300x140.png\" alt=\"\" width=\"300\" height=\"140\" srcset=\"https:\/\/oldwww.valicon.net\/wp-content\/uploads\/2016\/06\/blckb_znak_B_pozitiv-1-300x140.png 300w, https:\/\/oldwww.valicon.net\/wp-content\/uploads\/2016\/06\/blckb_znak_B_pozitiv-1-768x359.png 768w, https:\/\/oldwww.valicon.net\/wp-content\/uploads\/2016\/06\/blckb_znak_B_pozitiv-1-1024x478.png 1024w, https:\/\/oldwww.valicon.net\/wp-content\/uploads\/2016\/06\/blckb_znak_B_pozitiv-1.png 1902w\" sizes=\"(max-width: 300px) 100vw, 300px\" \/><\/a><\/p>\n<p><a href=\"http:\/\/blckb.eu\/\">Blckb<\/a>, predstavlja kompaniju za primijenjenu neuroznanost i donosi potencijal tehnologije snimanja mozga za nova podru\u010dja kori\u0161tenja izvan tradicionalnih laboratorija, kako bi se stvorila bolja budu\u0107nost. Glavni proizvod kompanije Blckb je mobilna vi\u0161enamjenska EEG platforma koja bilje\u017ei i analizira ljudske aktivnosti mozga u\u010dinkovitije i po ni\u017eoj cijeni. U osnovi je dizajniran s ciljem pro\u0161irenja i mobilnosti. Platforma je izuzetno fleksibilna i modularna, \u0161to je \u010dini pogodnom za prakti\u010dnu primjenu, odnosno namjenu gdje \u017eelimo snimiti, analizirati ili interpretirati EEG signale u ve\u0107oj mjeri i s ve\u0107im stepenom preciznosti.Whitebox platforma se ve\u0107 koristi u raznim oblastima, kao \u0161to su medicina, potro\u0161a\u010dke neuroznanosti i umjetnost.<\/p>\n<p>Whitebox EEG platforma omogu\u0107ava BlackBox rje\u0161enja u podru\u010dju potro\u0161a\u010dke neuroznanosti. BlackBox je dokazano i pouzdano mobilno rje\u0161enje za potro\u0161a\u010dku neuroznanost koja nudi novu generaciju marketin\u0161kih istra\u017eivanja, a koja se temelje na naprednoj tehnologiji snimanja mozga po izuzetno niskim cijenama. Koriste\u0107i medicinsku EEG opremu uz pomo\u0107 user-friendly tehnologije suhe elektrode, mo\u017ee se mjeriti odgovor potro\u0161a\u010da na \u0161iroku lepezu marketin\u0161kih podra\u017eaja, uklju\u010duju\u0107i ogla\u0161avanje i druge komunikacije, robne marke, pakovanja, muziku itd. i to sa ve\u0107im stepenom preciznosti.<\/p>\n<p>Neurofiziolo\u0161ki mjerni podaci prevedeni su na mjerne podatke marketinga od strane na\u0161ih pouzdanih partnera u Valiconu koji koriste podatke o mozgu i svoje iskustvo u marketin\u0161kim istra\u017eivanjima kako bi svojim klijentima pru\u017eili djelotvorne poslovne uvide. Do sada, pomo\u0107u rje\u0161enja potro\u0161a\u010dke neuroznanosti temeljene na platformi WhiteBox, reakcije na preko 470 oglasa i drugih marketin\u0161kih podra\u017eaja mjerene su na vi\u0161e od 3600 ispitanika. Klijenti su kompanije kao \u0161to su Pipistrel, Lidl, Hofer, Spar, Sparkasse, Samsung, Akrapovi\u0107, Raiffeisen banka, Agrokor, Atlantic Group, Johnson &amp; Johnson i drugi.<\/p>\n<p>&nbsp;<\/p>\n<p><a href=\"http:\/\/blckb.eu\/\"><\/a><\/p>\n","protected":false},"excerpt":{"rendered":"<p>Blckb, predstavlja kompaniju za primijenjenu neuroznanost i donosi potencijal tehnologije snimanja mozga za nova podru\u010dja kori\u0161tenja izvan tradicionalnih laboratorija, kako bi se stvorila bolja budu\u0107nost. Glavni proizvod kompanije Blckb je mobilna vi\u0161enamjenska EEG platforma koja bilje\u017ei i analizira ljudske aktivnosti mozga u\u010dinkovitije i po ni\u017eoj cijeni. U osnovi je dizajniran s ciljem pro\u0161irenja i mobilnosti. [&hellip;]<\/p>\n","protected":false},"author":9,"featured_media":0,"parent":0,"menu_order":0,"comment_status":"closed","ping_status":"closed","template":"","meta":[],"acf":[],"aioseo_notices":[],"_links":{"self":[{"href":"https:\/\/oldwww.valicon.net\/bs\/wp-json\/wp\/v2\/pages\/5234\/"}],"collection":[{"href":"https:\/\/oldwww.valicon.net\/bs\/wp-json\/wp\/v2\/pages\/"}],"about":[{"href":"https:\/\/oldwww.valicon.net\/bs\/wp-json\/wp\/v2\/types\/page\/"}],"author":[{"embeddable":true,"href":"https:\/\/oldwww.valicon.net\/bs\/wp-json\/wp\/v2\/users\/9\/"}],"replies":[{"embeddable":true,"href":"https:\/\/oldwww.valicon.net\/bs\/wp-json\/wp\/v2\/comments\/?post=5234"}],"version-history":[{"count":3,"href":"https:\/\/oldwww.valicon.net\/bs\/wp-json\/wp\/v2\/pages\/5234\/revisions\/"}],"predecessor-version":[{"id":6472,"href":"https:\/\/oldwww.valicon.net\/bs\/wp-json\/wp\/v2\/pages\/5234\/revisions\/6472\/"}],"wp:attachment":[{"href":"https:\/\/oldwww.valicon.net\/bs\/wp-json\/wp\/v2\/media\/?parent=5234"}],"curies":[{"name":"wp","href":"https:\/\/api.w.org\/{rel}","templated":true}]}}